{"id":6975,"date":"2021-06-02T07:33:51","date_gmt":"2021-06-02T07:33:51","guid":{"rendered":"https:\/\/mairieosses21.bixoko.com\/?page_id=6975"},"modified":"2025-06-24T13:13:03","modified_gmt":"2025-06-24T13:13:03","slug":"environnement","status":"publish","type":"page","link":"https:\/\/ortzaize.eus\/fr\/environnement\/","title":{"rendered":"Environnement"},"content":{"rendered":"\t\t<div data-elementor-type=\"wp-page\" data-elementor-id=\"6975\" class=\"elementor elementor-6975\" data-elementor-settings=\"[]\">\n\t\t\t\t\t\t\t<div class=\"elementor-section-wrap\">\n\t\t\t\t\t\t\t<section class=\"elementor-section elementor-top-section elementor-element elementor-element-c5bb3aa elementor-reverse-tablet elementor-reverse-mobile elementor-section-boxed elementor-section-height-default elementor-section-height-default\" data-id=\"c5bb3aa\" data-element_type=\"section\">\n\t\t\t\t\t\t<div class=\"elementor-container elementor-column-gap-wider\">\n\t\t\t\t\t<div class=\"elementor-column elementor-col-33 elementor-top-column elementor-element elementor-element-43e0ea8\" data-id=\"43e0ea8\" data-element_type=\"column\" data-settings=\"{&quot;background_background&quot;:&quot;classic&quot;,&quot;motion_fx_motion_fx_scrolling&quot;:&quot;yes&quot;,&quot;motion_fx_devices&quot;:[&quot;desktop&quot;,&quot;tablet&quot;,&quot;mobile&quot;]}\">\n\t\t\t<div class=\"elementor-widget-wrap elementor-element-populated\">\n\t\t\t\t\t\t\t\t<div class=\"elementor-element elementor-element-f59a9c0 elementor-widget elementor-widget-heading\" data-id=\"f59a9c0\" data-element_type=\"widget\" data-widget_type=\"heading.default\">\n\t\t\t\t<div class=\"elementor-widget-container\">\n\t\t\t<h2 class=\"elementor-heading-title elementor-size-default\">Vivre \u00e0 Oss\u00e8s<\/h2>\t\t<\/div>\n\t\t\t\t<\/div>\n\t\t\t\t<div class=\"elementor-element elementor-element-5f7cfb6 elementor-widget-divider--view-line elementor-widget elementor-widget-divider\" data-id=\"5f7cfb6\" data-element_type=\"widget\" data-widget_type=\"divider.default\">\n\t\t\t\t<div class=\"elementor-widget-container\">\n\t\t\t\t\t<div class=\"elementor-divider\">\n\t\t\t<span class=\"elementor-divider-separator\">\n\t\t\t\t\t\t<\/span>\n\t\t<\/div>\n\t\t\t\t<\/div>\n\t\t\t\t<\/div>\n\t\t\t\t<div class=\"elementor-element elementor-element-176f52a elementor-widget elementor-widget-ova_menu_page\" data-id=\"176f52a\" data-element_type=\"widget\" data-widget_type=\"ova_menu_page.default\">\n\t\t\t\t<div class=\"elementor-widget-container\">\n\t\t\t\t\t<div class=\"ova_menu_page type3 \" data-position_active=\"\">\n\t\t\t<ul id=\"menu-rubrique-vivre-a-osses\" class=\"menu\"><li id=\"menu-item-6929\" class=\"menu-item menu-item-type-post_type menu-item-object-page menu-item-6929\"><a href=\"https:\/\/ortzaize.eus\/fr\/les-associations\/\">Les associations<\/a><\/li>\n<li id=\"menu-item-7019\" class=\"menu-item menu-item-type-post_type menu-item-object-page menu-item-7019\"><a href=\"https:\/\/ortzaize.eus\/fr\/culture-et-patrimoine\/\">Culture et patrimoine<\/a><\/li>\n<li id=\"menu-item-7017\" class=\"menu-item menu-item-type-post_type menu-item-object-page menu-item-7017\"><a href=\"https:\/\/ortzaize.eus\/fr\/social\/\">Social<\/a><\/li>\n<li id=\"menu-item-7018\" class=\"menu-item menu-item-type-post_type menu-item-object-page menu-item-7018\"><a href=\"https:\/\/ortzaize.eus\/fr\/enfance-et-jeunesse\/\">Enfance et jeunesse<\/a><\/li>\n<li id=\"menu-item-7016\" class=\"menu-item menu-item-type-post_type menu-item-object-page menu-item-7016\"><a href=\"https:\/\/ortzaize.eus\/fr\/environnement\/\">Environnement<\/a><\/li>\n<li id=\"menu-item-7015\" class=\"menu-item menu-item-type-post_type menu-item-object-page menu-item-7015\"><a href=\"https:\/\/ortzaize.eus\/fr\/agriculture\/\">Agriculture<\/a><\/li>\n<\/ul>\t\t<\/div>\n\t\t\t\t<\/div>\n\t\t\t\t<\/div>\n\t\t\t\t<div class=\"elementor-element elementor-element-709df24 elementor-widget elementor-widget-heading\" data-id=\"709df24\" data-element_type=\"widget\" data-widget_type=\"heading.default\">\n\t\t\t\t<div class=\"elementor-widget-container\">\n\t\t\t<h3 class=\"elementor-heading-title elementor-size-default\">Les derni\u00e8res actualit\u00e9s<\/h3>\t\t<\/div>\n\t\t\t\t<\/div>\n\t\t\t\t<div class=\"elementor-element elementor-element-b3d5103 elementor-widget-divider--view-line elementor-widget elementor-widget-divider\" data-id=\"b3d5103\" data-element_type=\"widget\" data-widget_type=\"divider.default\">\n\t\t\t\t<div class=\"elementor-widget-container\">\n\t\t\t\t\t<div class=\"elementor-divider\">\n\t\t\t<span class=\"elementor-divider-separator\">\n\t\t\t\t\t\t<\/span>\n\t\t<\/div>\n\t\t\t\t<\/div>\n\t\t\t\t<\/div>\n\t\t\t\t<div class=\"elementor-element elementor-element-4a040ac elementor-grid-1 elementor-posts--thumbnail-none elementor-grid-tablet-2 elementor-grid-mobile-1 elementor-widget elementor-widget-posts\" data-id=\"4a040ac\" data-element_type=\"widget\" data-settings=\"{&quot;classic_columns&quot;:&quot;1&quot;,&quot;classic_row_gap&quot;:{&quot;unit&quot;:&quot;px&quot;,&quot;size&quot;:11,&quot;sizes&quot;:[]},&quot;classic_columns_tablet&quot;:&quot;2&quot;,&quot;classic_columns_mobile&quot;:&quot;1&quot;}\" data-widget_type=\"posts.classic\">\n\t\t\t\t<div class=\"elementor-widget-container\">\n\t\t\t\t\t<div class=\"elementor-posts-container elementor-posts elementor-posts--skin-classic elementor-grid\">\n\t\t\t\t<article class=\"elementor-post elementor-grid-item post-15521 post type-post status-publish format-standard has-post-thumbnail hentry category-actualites\">\n\t\t\t\t<div class=\"elementor-post__text\">\n\t\t\t\t<h3 class=\"elementor-post__title\">\n\t\t\t<a href=\"https:\/\/ortzaize.eus\/fr\/expo-photo-guillaume-fauveau\/\" >\n\t\t\t\tExpo Photo &#8211; Guillaume FAUVEAU\t\t\t<\/a>\n\t\t<\/h3>\n\t\t\t\t<div class=\"elementor-post__meta-data\">\n\t\t\t\t\t<span class=\"elementor-post-date\">\n\t\t\t5 mars 2026\t\t<\/span>\n\t\t\t\t<\/div>\n\t\t\t\t<\/div>\n\t\t\t\t<\/article>\n\t\t\t\t<article class=\"elementor-post elementor-grid-item post-15508 post type-post status-publish format-standard has-post-thumbnail hentry category-non-classifiee\">\n\t\t\t\t<div class=\"elementor-post__text\">\n\t\t\t\t<h3 class=\"elementor-post__title\">\n\t\t\t<a href=\"https:\/\/ortzaize.eus\/fr\/ateliers-mendi-jakitateak\/\" >\n\t\t\t\tATELIERS MENDI JAKITATEAK\t\t\t<\/a>\n\t\t<\/h3>\n\t\t\t\t<div class=\"elementor-post__meta-data\">\n\t\t\t\t\t<span class=\"elementor-post-date\">\n\t\t\t5 mars 2026\t\t<\/span>\n\t\t\t\t<\/div>\n\t\t\t\t<\/div>\n\t\t\t\t<\/article>\n\t\t\t\t<article class=\"elementor-post elementor-grid-item post-15506 post type-post status-publish format-standard has-post-thumbnail hentry category-actualites\">\n\t\t\t\t<div class=\"elementor-post__text\">\n\t\t\t\t<h3 class=\"elementor-post__title\">\n\t\t\t<a href=\"https:\/\/ortzaize.eus\/fr\/operation-nive-zero-dechet\/\" >\n\t\t\t\tOp\u00e9ration Nive ZERO DECHET\t\t\t<\/a>\n\t\t<\/h3>\n\t\t\t\t<div class=\"elementor-post__meta-data\">\n\t\t\t\t\t<span class=\"elementor-post-date\">\n\t\t\t5 mars 2026\t\t<\/span>\n\t\t\t\t<\/div>\n\t\t\t\t<\/div>\n\t\t\t\t<\/article>\n\t\t\t\t<\/div>\n\t\t\t\t<\/div>\n\t\t\t\t<\/div>\n\t\t\t\t\t<\/div>\n\t\t<\/div>\n\t\t\t\t<div class=\"elementor-column elementor-col-66 elementor-top-column elementor-element elementor-element-2c75eb5\" data-id=\"2c75eb5\" data-element_type=\"column\">\n\t\t\t<div class=\"elementor-widget-wrap elementor-element-populated\">\n\t\t\t\t\t\t\t\t<div class=\"elementor-element elementor-element-6f0b1686 elementor-widget elementor-widget-heading\" data-id=\"6f0b1686\" data-element_type=\"widget\" data-widget_type=\"heading.default\">\n\t\t\t\t<div class=\"elementor-widget-container\">\n\t\t\t<h3 class=\"elementor-heading-title elementor-size-default\">OSS\u00c8S ET SON ENVIRONNEMENT<\/h3>\t\t<\/div>\n\t\t\t\t<\/div>\n\t\t\t\t<div class=\"elementor-element elementor-element-e4ec9c3 according-egov elementor-widget elementor-widget-accordion\" data-id=\"e4ec9c3\" data-element_type=\"widget\" data-widget_type=\"accordion.default\">\n\t\t\t\t<div class=\"elementor-widget-container\">\n\t\t\t\t\t<div class=\"elementor-accordion\" role=\"tablist\">\n\t\t\t\t\t\t\t<div class=\"elementor-accordion-item\">\n\t\t\t\t\t<div id=\"elementor-tab-title-2401\" class=\"elementor-tab-title\" data-tab=\"1\" role=\"tab\" aria-controls=\"elementor-tab-content-2401\" aria-expanded=\"false\">\n\t\t\t\t\t\t\t\t\t\t\t\t\t<span class=\"elementor-accordion-icon elementor-accordion-icon-right\" aria-hidden=\"true\">\n\t\t\t\t\t\t\t\t\t\t\t\t\t\t\t<span class=\"elementor-accordion-icon-closed\"><i class=\"fas fa-chevron-down\"><\/i><\/span>\n\t\t\t\t\t\t\t\t<span class=\"elementor-accordion-icon-opened\"><i class=\"fas fa-chevron-up\"><\/i><\/span>\n\t\t\t\t\t\t\t\t\t\t\t\t\t\t<\/span>\n\t\t\t\t\t\t\t\t\t\t\t\t<a class=\"elementor-accordion-title\" href=\"\">LES RANDONN\u00c9ES<\/a>\n\t\t\t\t\t<\/div>\n\t\t\t\t\t<div id=\"elementor-tab-content-2401\" class=\"elementor-tab-content elementor-clearfix\" data-tab=\"1\" role=\"tabpanel\" aria-labelledby=\"elementor-tab-title-2401\"><p>En cours d&rsquo;\u00e9laboration &#8211; Veuillez patienter&#8230; &#8211;<\/p><\/div>\n\t\t\t\t<\/div>\n\t\t\t\t\t\t\t<div class=\"elementor-accordion-item\">\n\t\t\t\t\t<div id=\"elementor-tab-title-2402\" class=\"elementor-tab-title\" data-tab=\"2\" role=\"tab\" aria-controls=\"elementor-tab-content-2402\" aria-expanded=\"false\">\n\t\t\t\t\t\t\t\t\t\t\t\t\t<span class=\"elementor-accordion-icon elementor-accordion-icon-right\" aria-hidden=\"true\">\n\t\t\t\t\t\t\t\t\t\t\t\t\t\t\t<span class=\"elementor-accordion-icon-closed\"><i class=\"fas fa-chevron-down\"><\/i><\/span>\n\t\t\t\t\t\t\t\t<span class=\"elementor-accordion-icon-opened\"><i class=\"fas fa-chevron-up\"><\/i><\/span>\n\t\t\t\t\t\t\t\t\t\t\t\t\t\t<\/span>\n\t\t\t\t\t\t\t\t\t\t\t\t<a class=\"elementor-accordion-title\" href=\"\">AIRE DE JEUX <\/a>\n\t\t\t\t\t<\/div>\n\t\t\t\t\t<div id=\"elementor-tab-content-2402\" class=\"elementor-tab-content elementor-clearfix\" data-tab=\"2\" role=\"tabpanel\" aria-labelledby=\"elementor-tab-title-2402\"><p><span style=\"font-weight: 400;\">Situ\u00e9e face au mur \u00e0 gauche, cette aire de jeu est ouverte \u00e0 tous, en permanence.<\/span><\/p><p><span style=\"font-weight: 400;\">C\u2019est un espace prot\u00e9g\u00e9 o\u00f9 les enfants qui utilisent les diff\u00e9rents modules sont sous la responsabilit\u00e9 des adultes.<\/span><\/p><p><span style=\"font-weight: 400;\">Les diff\u00e9rents jeux sont destin\u00e9s \u00e0 des enfants dans une limite d\u2019\u00e2ge que l\u2019on vous demande de respecter.<\/span><\/p><p>\u00a0<\/p><\/div>\n\t\t\t\t<\/div>\n\t\t\t\t\t\t\t\t<\/div>\n\t\t\t\t<\/div>\n\t\t\t\t<\/div>\n\t\t\t\t<div class=\"elementor-element elementor-element-4bad8596 elementor-widget elementor-widget-image\" data-id=\"4bad8596\" data-element_type=\"widget\" data-widget_type=\"image.default\">\n\t\t\t\t<div class=\"elementor-widget-container\">\n\t\t\t\t\t\t\t\t\t\t\t\t\t\t\t<img width=\"1024\" height=\"373\" src=\"https:\/\/ortzaize.eus\/wp-content\/uploads\/2021\/05\/aire-de-jeu-1024x373.jpg\" class=\"attachment-large size-large\" alt=\"Vu de l&#039;aire de jeu de la commune d&#039;Oss\u00e8s\" loading=\"lazy\" srcset=\"https:\/\/ortzaize.eus\/wp-content\/uploads\/2021\/05\/aire-de-jeu-1024x373.jpg 1024w, https:\/\/ortzaize.eus\/wp-content\/uploads\/2021\/05\/aire-de-jeu-300x109.jpg 300w, https:\/\/ortzaize.eus\/wp-content\/uploads\/2021\/05\/aire-de-jeu-768x280.jpg 768w, https:\/\/ortzaize.eus\/wp-content\/uploads\/2021\/05\/aire-de-jeu-1536x560.jpg 1536w, https:\/\/ortzaize.eus\/wp-content\/uploads\/2021\/05\/aire-de-jeu-2048x747.jpg 2048w, https:\/\/ortzaize.eus\/wp-content\/uploads\/2021\/05\/aire-de-jeu-600x219.jpg 600w, https:\/\/ortzaize.eus\/wp-content\/uploads\/2021\/05\/aire-de-jeu-560x204.jpg 560w\" sizes=\"(max-width: 1024px) 100vw, 1024px\" \/>\t\t\t\t\t\t\t\t\t\t\t\t\t\t\t<\/div>\n\t\t\t\t<\/div>\n\t\t\t\t<div class=\"elementor-element elementor-element-4bd462ea according-egov elementor-widget elementor-widget-accordion\" data-id=\"4bd462ea\" data-element_type=\"widget\" data-widget_type=\"accordion.default\">\n\t\t\t\t<div class=\"elementor-widget-container\">\n\t\t\t\t\t<div class=\"elementor-accordion\" role=\"tablist\">\n\t\t\t\t\t\t\t<div class=\"elementor-accordion-item\">\n\t\t\t\t\t<div id=\"elementor-tab-title-1271\" class=\"elementor-tab-title\" data-tab=\"1\" role=\"tab\" aria-controls=\"elementor-tab-content-1271\" aria-expanded=\"false\">\n\t\t\t\t\t\t\t\t\t\t\t\t\t<span class=\"elementor-accordion-icon elementor-accordion-icon-right\" aria-hidden=\"true\">\n\t\t\t\t\t\t\t\t\t\t\t\t\t\t\t<span class=\"elementor-accordion-icon-closed\"><i class=\"fas fa-chevron-down\"><\/i><\/span>\n\t\t\t\t\t\t\t\t<span class=\"elementor-accordion-icon-opened\"><i class=\"fas fa-chevron-up\"><\/i><\/span>\n\t\t\t\t\t\t\t\t\t\t\t\t\t\t<\/span>\n\t\t\t\t\t\t\t\t\t\t\t\t<a class=\"elementor-accordion-title\" href=\"\">AIRES DE PIQUE-NIQUE<\/a>\n\t\t\t\t\t<\/div>\n\t\t\t\t\t<div id=\"elementor-tab-content-1271\" class=\"elementor-tab-content elementor-clearfix\" data-tab=\"1\" role=\"tabpanel\" aria-labelledby=\"elementor-tab-title-1271\"><p><span style=\"font-weight: 400;\">Situ\u00e9es aux lieux dits Zubialde et Laka, elles sont en bordure du Laka, dans des espaces ombrag\u00e9s de platanes et de carolins.<\/span><\/p><p><span style=\"font-weight: 400;\">Des tables de pique-nique sont implant\u00e9es dans chacune des aires.<\/span><\/p><p><span style=\"font-weight: 400;\">Ces aires sont entretenues par l\u2019\u00e9quipe municipale et toutes les bonnes volont\u00e9s sont bienvenues pour qu\u2019elles demeurent attractives toute l\u2019ann\u00e9e.<\/span><\/p><p><span style=\"font-weight: 400;\">Attention toutefois aux fortes pluies car ces aires sont en zone inondable.<\/span><\/p><\/div>\n\t\t\t\t<\/div>\n\t\t\t\t\t\t\t<div class=\"elementor-accordion-item\">\n\t\t\t\t\t<div id=\"elementor-tab-title-1272\" class=\"elementor-tab-title\" data-tab=\"2\" role=\"tab\" aria-controls=\"elementor-tab-content-1272\" aria-expanded=\"false\">\n\t\t\t\t\t\t\t\t\t\t\t\t\t<span class=\"elementor-accordion-icon elementor-accordion-icon-right\" aria-hidden=\"true\">\n\t\t\t\t\t\t\t\t\t\t\t\t\t\t\t<span class=\"elementor-accordion-icon-closed\"><i class=\"fas fa-chevron-down\"><\/i><\/span>\n\t\t\t\t\t\t\t\t<span class=\"elementor-accordion-icon-opened\"><i class=\"fas fa-chevron-up\"><\/i><\/span>\n\t\t\t\t\t\t\t\t\t\t\t\t\t\t<\/span>\n\t\t\t\t\t\t\t\t\t\t\t\t<a class=\"elementor-accordion-title\" href=\"\">D\u00c9MARCHE BIZI<\/a>\n\t\t\t\t\t<\/div>\n\t\t\t\t\t<div id=\"elementor-tab-content-1272\" class=\"elementor-tab-content elementor-clearfix\" data-tab=\"2\" role=\"tabpanel\" aria-labelledby=\"elementor-tab-title-1272\"><p><span style=\"font-weight: 400;\">L\u2019\u00e9quipe municipale a fait le choix de mettre en application les sept grands axes de ce pacte; une ou plusieurs actions sont envisag\u00e9es dans la plupart de ces axes :<\/span><\/p><ul><li style=\"list-style-type: none;\"><ul><li><span style=\"font-weight: 400;\">am\u00e9nagement d\u2019une aire de covoiturage<\/span><\/li><li><span style=\"font-weight: 400;\">r\u00e9novation des logements communaux les plus v\u00e9tustes<\/span><\/li><li><span style=\"font-weight: 400;\">contacts avec IENER pour une \u00e9tude d\u2019implantation de panneaux photovolta\u00efques et ENARGIA pour envisager un approvisionnement en \u00e9nergie \u00e9lectrique<\/span><\/li><li><span style=\"font-weight: 400;\">r\u00e9flexion sur un fournisseur intercommunal de repas aux cantines, r\u00e9alis\u00e9s \u00e0 partir de produits locaux et biologiques<\/span><\/li><li><span style=\"font-weight: 400;\">adh\u00e9sion \u00e0 LOKALA, recyclerie en cours de constitution sur le p\u00f4le territorial<\/span><\/li><li><span style=\"font-weight: 400;\">r\u00e9flexion sur la cr\u00e9ation d\u2019un \u00e9quipement de production d&rsquo;\u00e9nergie\u00a0<\/span><\/li><\/ul><\/li><\/ul><\/div>\n\t\t\t\t<\/div>\n\t\t\t\t\t\t\t\t<\/div>\n\t\t\t\t<\/div>\n\t\t\t\t<\/div>\n\t\t\t\t<div class=\"elementor-element elementor-element-2711baa3 elementor-widget elementor-widget-html\" data-id=\"2711baa3\" data-element_type=\"widget\" data-widget_type=\"html.default\">\n\t\t\t\t<div class=\"elementor-widget-container\">\n\t\t\t<script> \njQuery(document).ready(function($) { \nvar delay = 100; setTimeout(function() { \n$('.elementor-tab-title').removeClass('elementor-active');\n $('.elementor-tab-content').css('display', 'none'); }, delay); \n}); \n<\/script>\t\t<\/div>\n\t\t\t\t<\/div>\n\t\t\t\t\t<\/div>\n\t\t<\/div>\n\t\t\t\t\t\t\t<\/div>\n\t\t<\/section>\n\t\t\t\t\t\t<\/div>\n\t\t\t\t\t<\/div>\n\t\t","protected":false},"excerpt":{"rendered":"<p>Vivre \u00e0 Oss\u00e8s Elkarteak Kultura eta ondarea Soziala Haurtzaroa eta gazteria Ingurumena Laborantza Les derni\u00e8res actualit\u00e9s OSS\u00c8S ET SON ENVIRONNEMENT LES RANDONN\u00c9ES En cours d&rsquo;\u00e9laboration<\/p>\n","protected":false},"author":1,"featured_media":0,"parent":0,"menu_order":0,"comment_status":"closed","ping_status":"closed","template":"","meta":{"_monsterinsights_skip_tracking":false,"_monsterinsights_sitenote_active":false,"_monsterinsights_sitenote_note":"","_monsterinsights_sitenote_category":0},"yoast_head":"<!-- This site is optimized with the Yoast SEO plugin v16.8 - https:\/\/yoast.com\/wordpress\/plugins\/seo\/ -->\n<title>Environnement - Oss\u00e8s<\/title>\n<meta name=\"robots\" content=\"index, follow, max-snippet:-1, max-image-preview:large, max-video-preview:-1\" \/>\n<link rel=\"canonical\" href=\"https:\/\/ortzaize.eus\/fr\/ingurumena\/\" \/>\n<meta property=\"og:locale\" content=\"fr_FR\" \/>\n<meta property=\"og:type\" content=\"article\" \/>\n<meta property=\"og:title\" content=\"Environnement - Oss\u00e8s\" \/>\n<meta property=\"og:description\" content=\"Vivre \u00e0 Oss\u00e8s Elkarteak Kultura eta ondarea Soziala Haurtzaroa eta gazteria Ingurumena Laborantza Les derni\u00e8res actualit\u00e9s OSS\u00c8S ET SON ENVIRONNEMENT LES RANDONN\u00c9ES En cours d&rsquo;\u00e9laboration\" \/>\n<meta property=\"og:url\" content=\"https:\/\/ortzaize.eus\/ingurumena\/\" \/>\n<meta property=\"og:site_name\" content=\"Oss\u00e8s\" \/>\n<meta property=\"article:modified_time\" content=\"2025-06-24T13:13:03+00:00\" \/>\n<meta property=\"og:image\" content=\"https:\/\/ortzaize.eus\/wp-content\/uploads\/2021\/05\/aire-de-jeu-1024x373.jpg\" \/>\n<meta name=\"twitter:card\" content=\"summary_large_image\" \/>\n<meta name=\"twitter:label1\" content=\"Dur\u00e9e de lecture est.\" \/>\n\t<meta name=\"twitter:data1\" content=\"3 minutes\" \/>\n<script type=\"application\/ld+json\" class=\"yoast-schema-graph\">{\"@context\":\"https:\/\/schema.org\",\"@graph\":[{\"@type\":\"Organization\",\"@id\":\"https:\/\/ortzaize.eus\/#organization\",\"name\":\"Oss\\u00e8s - Mairie d'Oss\\u00e8s\",\"url\":\"https:\/\/ortzaize.eus\/\",\"sameAs\":[],\"logo\":{\"@type\":\"ImageObject\",\"@id\":\"https:\/\/ortzaize.eus\/#logo\",\"inLanguage\":\"fr-FR\",\"url\":\"https:\/\/ortzaize.eus\/wp-content\/uploads\/2021\/06\/logo-ortzaize-ttipi.png\",\"contentUrl\":\"https:\/\/ortzaize.eus\/wp-content\/uploads\/2021\/06\/logo-ortzaize-ttipi.png\",\"width\":400,\"height\":199,\"caption\":\"Oss\\u00e8s - Mairie d'Oss\\u00e8s\"},\"image\":{\"@id\":\"https:\/\/ortzaize.eus\/#logo\"}},{\"@type\":\"WebSite\",\"@id\":\"https:\/\/ortzaize.eus\/#website\",\"url\":\"https:\/\/ortzaize.eus\/\",\"name\":\"Oss\\u00e8s\",\"description\":\"Mairie\",\"publisher\":{\"@id\":\"https:\/\/ortzaize.eus\/#organization\"},\"potentialAction\":[{\"@type\":\"SearchAction\",\"target\":{\"@type\":\"EntryPoint\",\"urlTemplate\":\"https:\/\/ortzaize.eus\/?s={search_term_string}\"},\"query-input\":\"required name=search_term_string\"}],\"inLanguage\":\"fr-FR\"},{\"@type\":\"ImageObject\",\"@id\":\"https:\/\/ortzaize.eus\/ingurumena\/#primaryimage\",\"inLanguage\":\"fr-FR\",\"url\":\"https:\/\/ortzaize.eus\/wp-content\/uploads\/2021\/05\/aire-de-jeu.jpg\",\"contentUrl\":\"https:\/\/ortzaize.eus\/wp-content\/uploads\/2021\/05\/aire-de-jeu.jpg\",\"width\":2550,\"height\":930,\"caption\":\"Vu de l'aire de jeu de la commune d'Oss\\u00e8s\"},{\"@type\":\"WebPage\",\"@id\":\"https:\/\/ortzaize.eus\/ingurumena\/#webpage\",\"url\":\"https:\/\/ortzaize.eus\/ingurumena\/\",\"name\":\"Environnement - Oss\\u00e8s\",\"isPartOf\":{\"@id\":\"https:\/\/ortzaize.eus\/#website\"},\"primaryImageOfPage\":{\"@id\":\"https:\/\/ortzaize.eus\/ingurumena\/#primaryimage\"},\"datePublished\":\"2021-06-02T07:33:51+00:00\",\"dateModified\":\"2025-06-24T13:13:03+00:00\",\"breadcrumb\":{\"@id\":\"https:\/\/ortzaize.eus\/ingurumena\/#breadcrumb\"},\"inLanguage\":\"fr-FR\",\"potentialAction\":[{\"@type\":\"ReadAction\",\"target\":[\"https:\/\/ortzaize.eus\/ingurumena\/\"]}]},{\"@type\":\"BreadcrumbList\",\"@id\":\"https:\/\/ortzaize.eus\/ingurumena\/#breadcrumb\",\"itemListElement\":[{\"@type\":\"ListItem\",\"position\":1,\"name\":\"Accueil\",\"item\":\"https:\/\/ortzaize.eus\/\"},{\"@type\":\"ListItem\",\"position\":2,\"name\":\"Environnement\"}]}]}<\/script>\n<!-- \/ Yoast SEO plugin. -->","yoast_head_json":{"title":"Environnement - Oss\u00e8s","robots":{"index":"index","follow":"follow","max-snippet":"max-snippet:-1","max-image-preview":"max-image-preview:large","max-video-preview":"max-video-preview:-1"},"canonical":"https:\/\/ortzaize.eus\/fr\/ingurumena\/","og_locale":"fr_FR","og_type":"article","og_title":"Environnement - Oss\u00e8s","og_description":"Vivre \u00e0 Oss\u00e8s Elkarteak Kultura eta ondarea Soziala Haurtzaroa eta gazteria Ingurumena Laborantza Les derni\u00e8res actualit\u00e9s OSS\u00c8S ET SON ENVIRONNEMENT LES RANDONN\u00c9ES En cours d&rsquo;\u00e9laboration","og_url":"https:\/\/ortzaize.eus\/ingurumena\/","og_site_name":"Oss\u00e8s","article_modified_time":"2025-06-24T13:13:03+00:00","og_image":[{"url":"https:\/\/ortzaize.eus\/wp-content\/uploads\/2021\/05\/aire-de-jeu-1024x373.jpg"}],"twitter_card":"summary_large_image","twitter_misc":{"Dur\u00e9e de lecture est.":"3 minutes"},"schema":{"@context":"https:\/\/schema.org","@graph":[{"@type":"Organization","@id":"https:\/\/ortzaize.eus\/#organization","name":"Oss\u00e8s - Mairie d'Oss\u00e8s","url":"https:\/\/ortzaize.eus\/","sameAs":[],"logo":{"@type":"ImageObject","@id":"https:\/\/ortzaize.eus\/#logo","inLanguage":"fr-FR","url":"https:\/\/ortzaize.eus\/wp-content\/uploads\/2021\/06\/logo-ortzaize-ttipi.png","contentUrl":"https:\/\/ortzaize.eus\/wp-content\/uploads\/2021\/06\/logo-ortzaize-ttipi.png","width":400,"height":199,"caption":"Oss\u00e8s - Mairie d'Oss\u00e8s"},"image":{"@id":"https:\/\/ortzaize.eus\/#logo"}},{"@type":"WebSite","@id":"https:\/\/ortzaize.eus\/#website","url":"https:\/\/ortzaize.eus\/","name":"Oss\u00e8s","description":"Mairie","publisher":{"@id":"https:\/\/ortzaize.eus\/#organization"},"potentialAction":[{"@type":"SearchAction","target":{"@type":"EntryPoint","urlTemplate":"https:\/\/ortzaize.eus\/?s={search_term_string}"},"query-input":"required name=search_term_string"}],"inLanguage":"fr-FR"},{"@type":"ImageObject","@id":"https:\/\/ortzaize.eus\/ingurumena\/#primaryimage","inLanguage":"fr-FR","url":"https:\/\/ortzaize.eus\/wp-content\/uploads\/2021\/05\/aire-de-jeu.jpg","contentUrl":"https:\/\/ortzaize.eus\/wp-content\/uploads\/2021\/05\/aire-de-jeu.jpg","width":2550,"height":930,"caption":"Vu de l'aire de jeu de la commune d'Oss\u00e8s"},{"@type":"WebPage","@id":"https:\/\/ortzaize.eus\/ingurumena\/#webpage","url":"https:\/\/ortzaize.eus\/ingurumena\/","name":"Environnement - Oss\u00e8s","isPartOf":{"@id":"https:\/\/ortzaize.eus\/#website"},"primaryImageOfPage":{"@id":"https:\/\/ortzaize.eus\/ingurumena\/#primaryimage"},"datePublished":"2021-06-02T07:33:51+00:00","dateModified":"2025-06-24T13:13:03+00:00","breadcrumb":{"@id":"https:\/\/ortzaize.eus\/ingurumena\/#breadcrumb"},"inLanguage":"fr-FR","potentialAction":[{"@type":"ReadAction","target":["https:\/\/ortzaize.eus\/ingurumena\/"]}]},{"@type":"BreadcrumbList","@id":"https:\/\/ortzaize.eus\/ingurumena\/#breadcrumb","itemListElement":[{"@type":"ListItem","position":1,"name":"Accueil","item":"https:\/\/ortzaize.eus\/"},{"@type":"ListItem","position":2,"name":"Environnement"}]}]}},"_links":{"self":[{"href":"https:\/\/ortzaize.eus\/fr\/wp-json\/wp\/v2\/pages\/6975"}],"collection":[{"href":"https:\/\/ortzaize.eus\/fr\/wp-json\/wp\/v2\/pages"}],"about":[{"href":"https:\/\/ortzaize.eus\/fr\/wp-json\/wp\/v2\/types\/page"}],"author":[{"embeddable":true,"href":"https:\/\/ortzaize.eus\/fr\/wp-json\/wp\/v2\/users\/1"}],"replies":[{"embeddable":true,"href":"https:\/\/ortzaize.eus\/fr\/wp-json\/wp\/v2\/comments?post=6975"}],"version-history":[{"count":19,"href":"https:\/\/ortzaize.eus\/fr\/wp-json\/wp\/v2\/pages\/6975\/revisions"}],"predecessor-version":[{"id":14147,"href":"https:\/\/ortzaize.eus\/fr\/wp-json\/wp\/v2\/pages\/6975\/revisions\/14147"}],"wp:attachment":[{"href":"https:\/\/ortzaize.eus\/fr\/wp-json\/wp\/v2\/media?parent=6975"}],"curies":[{"name":"wp","href":"https:\/\/api.w.org\/{rel}","templated":true}]}}