{"id":6967,"date":"2021-06-02T07:31:23","date_gmt":"2021-06-02T07:31:23","guid":{"rendered":"https:\/\/mairieosses21.bixoko.com\/?page_id=6967"},"modified":"2025-06-23T12:31:15","modified_gmt":"2025-06-23T12:31:15","slug":"social","status":"publish","type":"page","link":"https:\/\/ortzaize.eus\/fr\/social\/","title":{"rendered":"Social"},"content":{"rendered":"\t\t<div data-elementor-type=\"wp-page\" data-elementor-id=\"6967\" class=\"elementor elementor-6967\" data-elementor-settings=\"[]\">\n\t\t\t\t\t\t\t<div class=\"elementor-section-wrap\">\n\t\t\t\t\t\t\t<section class=\"elementor-section elementor-top-section elementor-element elementor-element-c5bb3aa elementor-reverse-tablet elementor-reverse-mobile elementor-section-boxed elementor-section-height-default elementor-section-height-default\" data-id=\"c5bb3aa\" data-element_type=\"section\">\n\t\t\t\t\t\t<div class=\"elementor-container elementor-column-gap-wider\">\n\t\t\t\t\t<div class=\"elementor-column elementor-col-33 elementor-top-column elementor-element elementor-element-43e0ea8\" data-id=\"43e0ea8\" data-element_type=\"column\" data-settings=\"{&quot;background_background&quot;:&quot;classic&quot;,&quot;motion_fx_motion_fx_scrolling&quot;:&quot;yes&quot;,&quot;motion_fx_devices&quot;:[&quot;desktop&quot;,&quot;tablet&quot;,&quot;mobile&quot;]}\">\n\t\t\t<div class=\"elementor-widget-wrap elementor-element-populated\">\n\t\t\t\t\t\t\t\t<div class=\"elementor-element elementor-element-f59a9c0 elementor-widget elementor-widget-heading\" data-id=\"f59a9c0\" data-element_type=\"widget\" data-widget_type=\"heading.default\">\n\t\t\t\t<div class=\"elementor-widget-container\">\n\t\t\t<h2 class=\"elementor-heading-title elementor-size-default\">Vivre \u00e0 Oss\u00e8s<\/h2>\t\t<\/div>\n\t\t\t\t<\/div>\n\t\t\t\t<div class=\"elementor-element elementor-element-5f7cfb6 elementor-widget-divider--view-line elementor-widget elementor-widget-divider\" data-id=\"5f7cfb6\" data-element_type=\"widget\" data-widget_type=\"divider.default\">\n\t\t\t\t<div class=\"elementor-widget-container\">\n\t\t\t\t\t<div class=\"elementor-divider\">\n\t\t\t<span class=\"elementor-divider-separator\">\n\t\t\t\t\t\t<\/span>\n\t\t<\/div>\n\t\t\t\t<\/div>\n\t\t\t\t<\/div>\n\t\t\t\t<div class=\"elementor-element elementor-element-176f52a elementor-widget elementor-widget-ova_menu_page\" data-id=\"176f52a\" data-element_type=\"widget\" data-widget_type=\"ova_menu_page.default\">\n\t\t\t\t<div class=\"elementor-widget-container\">\n\t\t\t\t\t<div class=\"ova_menu_page type3 \" data-position_active=\"\">\n\t\t\t<ul id=\"menu-rubrique-vivre-a-osses\" class=\"menu\"><li id=\"menu-item-6929\" class=\"menu-item menu-item-type-post_type menu-item-object-page menu-item-6929\"><a href=\"https:\/\/ortzaize.eus\/fr\/les-associations\/\">Les associations<\/a><\/li>\n<li id=\"menu-item-7019\" class=\"menu-item menu-item-type-post_type menu-item-object-page menu-item-7019\"><a href=\"https:\/\/ortzaize.eus\/fr\/culture-et-patrimoine\/\">Culture et patrimoine<\/a><\/li>\n<li id=\"menu-item-7017\" class=\"menu-item menu-item-type-post_type menu-item-object-page menu-item-7017\"><a href=\"https:\/\/ortzaize.eus\/fr\/social\/\">Social<\/a><\/li>\n<li id=\"menu-item-7018\" class=\"menu-item menu-item-type-post_type menu-item-object-page menu-item-7018\"><a href=\"https:\/\/ortzaize.eus\/fr\/enfance-et-jeunesse\/\">Enfance et jeunesse<\/a><\/li>\n<li id=\"menu-item-7016\" class=\"menu-item menu-item-type-post_type menu-item-object-page menu-item-7016\"><a href=\"https:\/\/ortzaize.eus\/fr\/environnement\/\">Environnement<\/a><\/li>\n<li id=\"menu-item-7015\" class=\"menu-item menu-item-type-post_type menu-item-object-page menu-item-7015\"><a href=\"https:\/\/ortzaize.eus\/fr\/agriculture\/\">Agriculture<\/a><\/li>\n<\/ul>\t\t<\/div>\n\t\t\t\t<\/div>\n\t\t\t\t<\/div>\n\t\t\t\t<div class=\"elementor-element elementor-element-709df24 elementor-widget elementor-widget-heading\" data-id=\"709df24\" data-element_type=\"widget\" data-widget_type=\"heading.default\">\n\t\t\t\t<div class=\"elementor-widget-container\">\n\t\t\t<h3 class=\"elementor-heading-title elementor-size-default\">Les derni\u00e8res actualit\u00e9s<\/h3>\t\t<\/div>\n\t\t\t\t<\/div>\n\t\t\t\t<div class=\"elementor-element elementor-element-b3d5103 elementor-widget-divider--view-line elementor-widget elementor-widget-divider\" data-id=\"b3d5103\" data-element_type=\"widget\" data-widget_type=\"divider.default\">\n\t\t\t\t<div class=\"elementor-widget-container\">\n\t\t\t\t\t<div class=\"elementor-divider\">\n\t\t\t<span class=\"elementor-divider-separator\">\n\t\t\t\t\t\t<\/span>\n\t\t<\/div>\n\t\t\t\t<\/div>\n\t\t\t\t<\/div>\n\t\t\t\t<div class=\"elementor-element elementor-element-4a040ac elementor-grid-1 elementor-posts--thumbnail-none elementor-grid-tablet-2 elementor-grid-mobile-1 elementor-widget elementor-widget-posts\" data-id=\"4a040ac\" data-element_type=\"widget\" data-settings=\"{&quot;classic_columns&quot;:&quot;1&quot;,&quot;classic_row_gap&quot;:{&quot;unit&quot;:&quot;px&quot;,&quot;size&quot;:11,&quot;sizes&quot;:[]},&quot;classic_columns_tablet&quot;:&quot;2&quot;,&quot;classic_columns_mobile&quot;:&quot;1&quot;}\" data-widget_type=\"posts.classic\">\n\t\t\t\t<div class=\"elementor-widget-container\">\n\t\t\t\t\t<div class=\"elementor-posts-container elementor-posts elementor-posts--skin-classic elementor-grid\">\n\t\t\t\t<article class=\"elementor-post elementor-grid-item post-15521 post type-post status-publish format-standard has-post-thumbnail hentry category-actualites\">\n\t\t\t\t<div class=\"elementor-post__text\">\n\t\t\t\t<h3 class=\"elementor-post__title\">\n\t\t\t<a href=\"https:\/\/ortzaize.eus\/fr\/expo-photo-guillaume-fauveau\/\" >\n\t\t\t\tExpo Photo &#8211; Guillaume FAUVEAU\t\t\t<\/a>\n\t\t<\/h3>\n\t\t\t\t<div class=\"elementor-post__meta-data\">\n\t\t\t\t\t<span class=\"elementor-post-date\">\n\t\t\t5 mars 2026\t\t<\/span>\n\t\t\t\t<\/div>\n\t\t\t\t<\/div>\n\t\t\t\t<\/article>\n\t\t\t\t<article class=\"elementor-post elementor-grid-item post-15508 post type-post status-publish format-standard has-post-thumbnail hentry category-non-classifiee\">\n\t\t\t\t<div class=\"elementor-post__text\">\n\t\t\t\t<h3 class=\"elementor-post__title\">\n\t\t\t<a href=\"https:\/\/ortzaize.eus\/fr\/ateliers-mendi-jakitateak\/\" >\n\t\t\t\tATELIERS MENDI JAKITATEAK\t\t\t<\/a>\n\t\t<\/h3>\n\t\t\t\t<div class=\"elementor-post__meta-data\">\n\t\t\t\t\t<span class=\"elementor-post-date\">\n\t\t\t5 mars 2026\t\t<\/span>\n\t\t\t\t<\/div>\n\t\t\t\t<\/div>\n\t\t\t\t<\/article>\n\t\t\t\t<article class=\"elementor-post elementor-grid-item post-15506 post type-post status-publish format-standard has-post-thumbnail hentry category-actualites\">\n\t\t\t\t<div class=\"elementor-post__text\">\n\t\t\t\t<h3 class=\"elementor-post__title\">\n\t\t\t<a href=\"https:\/\/ortzaize.eus\/fr\/operation-nive-zero-dechet\/\" >\n\t\t\t\tOp\u00e9ration Nive ZERO DECHET\t\t\t<\/a>\n\t\t<\/h3>\n\t\t\t\t<div class=\"elementor-post__meta-data\">\n\t\t\t\t\t<span class=\"elementor-post-date\">\n\t\t\t5 mars 2026\t\t<\/span>\n\t\t\t\t<\/div>\n\t\t\t\t<\/div>\n\t\t\t\t<\/article>\n\t\t\t\t<\/div>\n\t\t\t\t<\/div>\n\t\t\t\t<\/div>\n\t\t\t\t\t<\/div>\n\t\t<\/div>\n\t\t\t\t<div class=\"elementor-column elementor-col-66 elementor-top-column elementor-element elementor-element-2c75eb5\" data-id=\"2c75eb5\" data-element_type=\"column\">\n\t\t\t<div class=\"elementor-widget-wrap elementor-element-populated\">\n\t\t\t\t\t\t\t\t<div class=\"elementor-element elementor-element-423cf56e elementor-widget elementor-widget-heading\" data-id=\"423cf56e\" data-element_type=\"widget\" data-widget_type=\"heading.default\">\n\t\t\t\t<div class=\"elementor-widget-container\">\n\t\t\t<h3 class=\"elementor-heading-title elementor-size-default\">L' AIDE SOCIALE<\/h3>\t\t<\/div>\n\t\t\t\t<\/div>\n\t\t\t\t<div class=\"elementor-element elementor-element-7ceb066d according-egov elementor-widget elementor-widget-accordion\" data-id=\"7ceb066d\" data-element_type=\"widget\" data-widget_type=\"accordion.default\">\n\t\t\t\t<div class=\"elementor-widget-container\">\n\t\t\t\t\t<div class=\"elementor-accordion\" role=\"tablist\">\n\t\t\t\t\t\t\t<div class=\"elementor-accordion-item\">\n\t\t\t\t\t<div id=\"elementor-tab-title-2091\" class=\"elementor-tab-title\" data-tab=\"1\" role=\"tab\" aria-controls=\"elementor-tab-content-2091\" aria-expanded=\"false\">\n\t\t\t\t\t\t\t\t\t\t\t\t\t<span class=\"elementor-accordion-icon elementor-accordion-icon-right\" aria-hidden=\"true\">\n\t\t\t\t\t\t\t\t\t\t\t\t\t\t\t<span class=\"elementor-accordion-icon-closed\"><i class=\"fas fa-chevron-down\"><\/i><\/span>\n\t\t\t\t\t\t\t\t<span class=\"elementor-accordion-icon-opened\"><i class=\"fas fa-chevron-up\"><\/i><\/span>\n\t\t\t\t\t\t\t\t\t\t\t\t\t\t<\/span>\n\t\t\t\t\t\t\t\t\t\t\t\t<a class=\"elementor-accordion-title\" href=\"\">CCAS<\/a>\n\t\t\t\t\t<\/div>\n\t\t\t\t\t<div id=\"elementor-tab-content-2091\" class=\"elementor-tab-content elementor-clearfix\" data-tab=\"1\" role=\"tabpanel\" aria-labelledby=\"elementor-tab-title-2091\"><p><span style=\"font-weight: 400;\">Le Centre Communal d&rsquo;Action Sociale est le principal outil de la municipalit\u00e9 pour mettre en \u0153uvre les solidarit\u00e9s et organiser l&rsquo;aide sociale pour les villageois (instruction des dossiers, aides aux d\u00e9marches administratives, aides aux personnes handicap\u00e9es, aides ponctuelles diverses, aides pour passer le BAFA&#8230;). Il fonctionne comme une association avec un pr\u00e9sident (le Maire) et 8 villageois dont 4 \u00e9lus.<\/span><\/p><p><span style=\"font-weight: 400;\">N&rsquo;h\u00e9sitez pas \u00e0 contacter la mairie qui vous mettra en relation avec un membre du CCAS.<\/span><\/p><\/div>\n\t\t\t\t<\/div>\n\t\t\t\t\t\t\t<div class=\"elementor-accordion-item\">\n\t\t\t\t\t<div id=\"elementor-tab-title-2092\" class=\"elementor-tab-title\" data-tab=\"2\" role=\"tab\" aria-controls=\"elementor-tab-content-2092\" aria-expanded=\"false\">\n\t\t\t\t\t\t\t\t\t\t\t\t\t<span class=\"elementor-accordion-icon elementor-accordion-icon-right\" aria-hidden=\"true\">\n\t\t\t\t\t\t\t\t\t\t\t\t\t\t\t<span class=\"elementor-accordion-icon-closed\"><i class=\"fas fa-chevron-down\"><\/i><\/span>\n\t\t\t\t\t\t\t\t<span class=\"elementor-accordion-icon-opened\"><i class=\"fas fa-chevron-up\"><\/i><\/span>\n\t\t\t\t\t\t\t\t\t\t\t\t\t\t<\/span>\n\t\t\t\t\t\t\t\t\t\t\t\t<a class=\"elementor-accordion-title\" href=\"\">ATELIER ATXIKI<\/a>\n\t\t\t\t\t<\/div>\n\t\t\t\t\t<div id=\"elementor-tab-content-2092\" class=\"elementor-tab-content elementor-clearfix\" data-tab=\"2\" role=\"tabpanel\" aria-labelledby=\"elementor-tab-title-2092\"><p><span style=\"font-weight: 400;\">Les ateliers Atxiki sont propos\u00e9s sur le village mais aussi sur tout le territoire Garazi-Baigorri.<\/span><\/p><p><span style=\"font-weight: 400;\">Ils sont gratuits pour les usagers et visent \u00e0 pr\u00e9venir la perte d\u2019autonomie physique, cognitive et sociale.<\/span><\/p><p><span style=\"font-weight: 400;\">Ils s\u2019adressent aux personnes \u00e2g\u00e9es de plus de 60 ans r\u00e9sidant \u00e0 leur domicile.<\/span><\/p><p><span style=\"font-weight: 400;\">Ces ateliers sont anim\u00e9s par Aline Etcheverry coordinatrice et psychomotricienne : m\u00e9moire, \u00e9quilibre, pr\u00e9vention des chutes, psychomotricit\u00e9, vitalit\u00e9, nutrition sant\u00e9, forme, bien-\u00eatre.<\/span><\/p><p><span style=\"font-weight: 400;\">Ils ont lieu le <strong>mercredi apr\u00e8s-midi de 14h \u00e0 17h<\/strong>.<\/span><\/p><p><strong>Contact : 07 85 46 07 92.\u00a0<\/strong><\/p><\/div>\n\t\t\t\t<\/div>\n\t\t\t\t\t\t\t\t<\/div>\n\t\t\t\t<\/div>\n\t\t\t\t<\/div>\n\t\t\t\t<div class=\"elementor-element elementor-element-2711baa3 elementor-widget elementor-widget-html\" data-id=\"2711baa3\" data-element_type=\"widget\" data-widget_type=\"html.default\">\n\t\t\t\t<div class=\"elementor-widget-container\">\n\t\t\t<script> \njQuery(document).ready(function($) { \nvar delay = 100; setTimeout(function() { \n$('.elementor-tab-title').removeClass('elementor-active');\n $('.elementor-tab-content').css('display', 'none'); }, delay); \n}); \n<\/script>\t\t<\/div>\n\t\t\t\t<\/div>\n\t\t\t\t\t<\/div>\n\t\t<\/div>\n\t\t\t\t\t\t\t<\/div>\n\t\t<\/section>\n\t\t\t\t\t\t<\/div>\n\t\t\t\t\t<\/div>\n\t\t","protected":false},"excerpt":{"rendered":"<p>Vivre \u00e0 Oss\u00e8s Elkarteak Kultura eta ondarea Soziala Haurtzaroa eta gazteria Ingurumena Laborantza Les derni\u00e8res actualit\u00e9s L&rsquo; AIDE SOCIALE CCAS Le Centre Communal d&rsquo;Action Sociale<\/p>\n","protected":false},"author":1,"featured_media":0,"parent":0,"menu_order":0,"comment_status":"closed","ping_status":"closed","template":"","meta":{"_monsterinsights_skip_tracking":false,"_monsterinsights_sitenote_active":false,"_monsterinsights_sitenote_note":"","_monsterinsights_sitenote_category":0},"yoast_head":"<!-- This site is optimized with the Yoast SEO plugin v16.8 - https:\/\/yoast.com\/wordpress\/plugins\/seo\/ -->\n<title>Social - Oss\u00e8s<\/title>\n<meta name=\"robots\" content=\"index, follow, max-snippet:-1, max-image-preview:large, max-video-preview:-1\" \/>\n<link rel=\"canonical\" href=\"https:\/\/ortzaize.eus\/fr\/soziala\/\" \/>\n<meta property=\"og:locale\" content=\"fr_FR\" \/>\n<meta property=\"og:type\" content=\"article\" \/>\n<meta property=\"og:title\" content=\"Social - Oss\u00e8s\" \/>\n<meta property=\"og:description\" content=\"Vivre \u00e0 Oss\u00e8s Elkarteak Kultura eta ondarea Soziala Haurtzaroa eta gazteria Ingurumena Laborantza Les derni\u00e8res actualit\u00e9s L&rsquo; AIDE SOCIALE CCAS Le Centre Communal d&rsquo;Action Sociale\" \/>\n<meta property=\"og:url\" content=\"https:\/\/ortzaize.eus\/soziala\/\" \/>\n<meta property=\"og:site_name\" content=\"Oss\u00e8s\" \/>\n<meta property=\"article:modified_time\" content=\"2025-06-23T12:31:15+00:00\" \/>\n<meta name=\"twitter:card\" content=\"summary_large_image\" \/>\n<meta name=\"twitter:label1\" content=\"Dur\u00e9e de lecture est.\" \/>\n\t<meta name=\"twitter:data1\" content=\"2 minutes\" \/>\n<script type=\"application\/ld+json\" class=\"yoast-schema-graph\">{\"@context\":\"https:\/\/schema.org\",\"@graph\":[{\"@type\":\"Organization\",\"@id\":\"https:\/\/ortzaize.eus\/#organization\",\"name\":\"Oss\\u00e8s - Mairie d'Oss\\u00e8s\",\"url\":\"https:\/\/ortzaize.eus\/\",\"sameAs\":[],\"logo\":{\"@type\":\"ImageObject\",\"@id\":\"https:\/\/ortzaize.eus\/#logo\",\"inLanguage\":\"fr-FR\",\"url\":\"https:\/\/ortzaize.eus\/wp-content\/uploads\/2021\/06\/logo-ortzaize-ttipi.png\",\"contentUrl\":\"https:\/\/ortzaize.eus\/wp-content\/uploads\/2021\/06\/logo-ortzaize-ttipi.png\",\"width\":400,\"height\":199,\"caption\":\"Oss\\u00e8s - Mairie d'Oss\\u00e8s\"},\"image\":{\"@id\":\"https:\/\/ortzaize.eus\/#logo\"}},{\"@type\":\"WebSite\",\"@id\":\"https:\/\/ortzaize.eus\/#website\",\"url\":\"https:\/\/ortzaize.eus\/\",\"name\":\"Oss\\u00e8s\",\"description\":\"Mairie\",\"publisher\":{\"@id\":\"https:\/\/ortzaize.eus\/#organization\"},\"potentialAction\":[{\"@type\":\"SearchAction\",\"target\":{\"@type\":\"EntryPoint\",\"urlTemplate\":\"https:\/\/ortzaize.eus\/?s={search_term_string}\"},\"query-input\":\"required name=search_term_string\"}],\"inLanguage\":\"fr-FR\"},{\"@type\":\"WebPage\",\"@id\":\"https:\/\/ortzaize.eus\/soziala\/#webpage\",\"url\":\"https:\/\/ortzaize.eus\/soziala\/\",\"name\":\"Social - Oss\\u00e8s\",\"isPartOf\":{\"@id\":\"https:\/\/ortzaize.eus\/#website\"},\"datePublished\":\"2021-06-02T07:31:23+00:00\",\"dateModified\":\"2025-06-23T12:31:15+00:00\",\"breadcrumb\":{\"@id\":\"https:\/\/ortzaize.eus\/soziala\/#breadcrumb\"},\"inLanguage\":\"fr-FR\",\"potentialAction\":[{\"@type\":\"ReadAction\",\"target\":[\"https:\/\/ortzaize.eus\/soziala\/\"]}]},{\"@type\":\"BreadcrumbList\",\"@id\":\"https:\/\/ortzaize.eus\/soziala\/#breadcrumb\",\"itemListElement\":[{\"@type\":\"ListItem\",\"position\":1,\"name\":\"Accueil\",\"item\":\"https:\/\/ortzaize.eus\/\"},{\"@type\":\"ListItem\",\"position\":2,\"name\":\"Social\"}]}]}<\/script>\n<!-- \/ Yoast SEO plugin. -->","yoast_head_json":{"title":"Social - Oss\u00e8s","robots":{"index":"index","follow":"follow","max-snippet":"max-snippet:-1","max-image-preview":"max-image-preview:large","max-video-preview":"max-video-preview:-1"},"canonical":"https:\/\/ortzaize.eus\/fr\/soziala\/","og_locale":"fr_FR","og_type":"article","og_title":"Social - Oss\u00e8s","og_description":"Vivre \u00e0 Oss\u00e8s Elkarteak Kultura eta ondarea Soziala Haurtzaroa eta gazteria Ingurumena Laborantza Les derni\u00e8res actualit\u00e9s L&rsquo; AIDE SOCIALE CCAS Le Centre Communal d&rsquo;Action Sociale","og_url":"https:\/\/ortzaize.eus\/soziala\/","og_site_name":"Oss\u00e8s","article_modified_time":"2025-06-23T12:31:15+00:00","twitter_card":"summary_large_image","twitter_misc":{"Dur\u00e9e de lecture est.":"2 minutes"},"schema":{"@context":"https:\/\/schema.org","@graph":[{"@type":"Organization","@id":"https:\/\/ortzaize.eus\/#organization","name":"Oss\u00e8s - Mairie d'Oss\u00e8s","url":"https:\/\/ortzaize.eus\/","sameAs":[],"logo":{"@type":"ImageObject","@id":"https:\/\/ortzaize.eus\/#logo","inLanguage":"fr-FR","url":"https:\/\/ortzaize.eus\/wp-content\/uploads\/2021\/06\/logo-ortzaize-ttipi.png","contentUrl":"https:\/\/ortzaize.eus\/wp-content\/uploads\/2021\/06\/logo-ortzaize-ttipi.png","width":400,"height":199,"caption":"Oss\u00e8s - Mairie d'Oss\u00e8s"},"image":{"@id":"https:\/\/ortzaize.eus\/#logo"}},{"@type":"WebSite","@id":"https:\/\/ortzaize.eus\/#website","url":"https:\/\/ortzaize.eus\/","name":"Oss\u00e8s","description":"Mairie","publisher":{"@id":"https:\/\/ortzaize.eus\/#organization"},"potentialAction":[{"@type":"SearchAction","target":{"@type":"EntryPoint","urlTemplate":"https:\/\/ortzaize.eus\/?s={search_term_string}"},"query-input":"required name=search_term_string"}],"inLanguage":"fr-FR"},{"@type":"WebPage","@id":"https:\/\/ortzaize.eus\/soziala\/#webpage","url":"https:\/\/ortzaize.eus\/soziala\/","name":"Social - Oss\u00e8s","isPartOf":{"@id":"https:\/\/ortzaize.eus\/#website"},"datePublished":"2021-06-02T07:31:23+00:00","dateModified":"2025-06-23T12:31:15+00:00","breadcrumb":{"@id":"https:\/\/ortzaize.eus\/soziala\/#breadcrumb"},"inLanguage":"fr-FR","potentialAction":[{"@type":"ReadAction","target":["https:\/\/ortzaize.eus\/soziala\/"]}]},{"@type":"BreadcrumbList","@id":"https:\/\/ortzaize.eus\/soziala\/#breadcrumb","itemListElement":[{"@type":"ListItem","position":1,"name":"Accueil","item":"https:\/\/ortzaize.eus\/"},{"@type":"ListItem","position":2,"name":"Social"}]}]}},"_links":{"self":[{"href":"https:\/\/ortzaize.eus\/fr\/wp-json\/wp\/v2\/pages\/6967"}],"collection":[{"href":"https:\/\/ortzaize.eus\/fr\/wp-json\/wp\/v2\/pages"}],"about":[{"href":"https:\/\/ortzaize.eus\/fr\/wp-json\/wp\/v2\/types\/page"}],"author":[{"embeddable":true,"href":"https:\/\/ortzaize.eus\/fr\/wp-json\/wp\/v2\/users\/1"}],"replies":[{"embeddable":true,"href":"https:\/\/ortzaize.eus\/fr\/wp-json\/wp\/v2\/comments?post=6967"}],"version-history":[{"count":19,"href":"https:\/\/ortzaize.eus\/fr\/wp-json\/wp\/v2\/pages\/6967\/revisions"}],"predecessor-version":[{"id":14056,"href":"https:\/\/ortzaize.eus\/fr\/wp-json\/wp\/v2\/pages\/6967\/revisions\/14056"}],"wp:attachment":[{"href":"https:\/\/ortzaize.eus\/fr\/wp-json\/wp\/v2\/media?parent=6967"}],"curies":[{"name":"wp","href":"https:\/\/api.w.org\/{rel}","templated":true}]}}