{"id":6930,"date":"2021-06-02T06:45:19","date_gmt":"2021-06-02T06:45:19","guid":{"rendered":"https:\/\/mairieosses21.bixoko.com\/?page_id=6930"},"modified":"2025-06-23T12:28:58","modified_gmt":"2025-06-23T12:28:58","slug":"culture-et-patrimoine","status":"publish","type":"page","link":"https:\/\/ortzaize.eus\/fr\/culture-et-patrimoine\/","title":{"rendered":"Culture et patrimoine"},"content":{"rendered":"\t\t<div data-elementor-type=\"wp-page\" data-elementor-id=\"6930\" class=\"elementor elementor-6930\" data-elementor-settings=\"[]\">\n\t\t\t\t\t\t\t<div class=\"elementor-section-wrap\">\n\t\t\t\t\t\t\t<section class=\"elementor-section elementor-top-section elementor-element elementor-element-c5bb3aa elementor-reverse-tablet elementor-reverse-mobile elementor-section-boxed elementor-section-height-default elementor-section-height-default\" data-id=\"c5bb3aa\" data-element_type=\"section\">\n\t\t\t\t\t\t<div class=\"elementor-container elementor-column-gap-wider\">\n\t\t\t\t\t<div class=\"elementor-column elementor-col-33 elementor-top-column elementor-element elementor-element-43e0ea8\" data-id=\"43e0ea8\" data-element_type=\"column\" data-settings=\"{&quot;background_background&quot;:&quot;classic&quot;,&quot;motion_fx_motion_fx_scrolling&quot;:&quot;yes&quot;,&quot;motion_fx_devices&quot;:[&quot;desktop&quot;,&quot;tablet&quot;,&quot;mobile&quot;]}\">\n\t\t\t<div class=\"elementor-widget-wrap elementor-element-populated\">\n\t\t\t\t\t\t\t\t<div class=\"elementor-element elementor-element-f59a9c0 elementor-widget elementor-widget-heading\" data-id=\"f59a9c0\" data-element_type=\"widget\" data-widget_type=\"heading.default\">\n\t\t\t\t<div class=\"elementor-widget-container\">\n\t\t\t<h2 class=\"elementor-heading-title elementor-size-default\">Vivre \u00e0 Oss\u00e8s<\/h2>\t\t<\/div>\n\t\t\t\t<\/div>\n\t\t\t\t<div class=\"elementor-element elementor-element-5f7cfb6 elementor-widget-divider--view-line elementor-widget elementor-widget-divider\" data-id=\"5f7cfb6\" data-element_type=\"widget\" data-widget_type=\"divider.default\">\n\t\t\t\t<div class=\"elementor-widget-container\">\n\t\t\t\t\t<div class=\"elementor-divider\">\n\t\t\t<span class=\"elementor-divider-separator\">\n\t\t\t\t\t\t<\/span>\n\t\t<\/div>\n\t\t\t\t<\/div>\n\t\t\t\t<\/div>\n\t\t\t\t<div class=\"elementor-element elementor-element-176f52a elementor-widget elementor-widget-ova_menu_page\" data-id=\"176f52a\" data-element_type=\"widget\" data-widget_type=\"ova_menu_page.default\">\n\t\t\t\t<div class=\"elementor-widget-container\">\n\t\t\t\t\t<div class=\"ova_menu_page type3 \" data-position_active=\"\">\n\t\t\t<ul id=\"menu-rubrique-vivre-a-osses\" class=\"menu\"><li id=\"menu-item-6929\" class=\"menu-item menu-item-type-post_type menu-item-object-page menu-item-6929\"><a href=\"https:\/\/ortzaize.eus\/fr\/les-associations\/\">Les associations<\/a><\/li>\n<li id=\"menu-item-7019\" class=\"menu-item menu-item-type-post_type menu-item-object-page menu-item-7019\"><a href=\"https:\/\/ortzaize.eus\/fr\/culture-et-patrimoine\/\">Culture et patrimoine<\/a><\/li>\n<li id=\"menu-item-7017\" class=\"menu-item menu-item-type-post_type menu-item-object-page menu-item-7017\"><a href=\"https:\/\/ortzaize.eus\/fr\/social\/\">Social<\/a><\/li>\n<li id=\"menu-item-7018\" class=\"menu-item menu-item-type-post_type menu-item-object-page menu-item-7018\"><a href=\"https:\/\/ortzaize.eus\/fr\/enfance-et-jeunesse\/\">Enfance et jeunesse<\/a><\/li>\n<li id=\"menu-item-7016\" class=\"menu-item menu-item-type-post_type menu-item-object-page menu-item-7016\"><a href=\"https:\/\/ortzaize.eus\/fr\/environnement\/\">Environnement<\/a><\/li>\n<li id=\"menu-item-7015\" class=\"menu-item menu-item-type-post_type menu-item-object-page menu-item-7015\"><a href=\"https:\/\/ortzaize.eus\/fr\/agriculture\/\">Agriculture<\/a><\/li>\n<\/ul>\t\t<\/div>\n\t\t\t\t<\/div>\n\t\t\t\t<\/div>\n\t\t\t\t<div class=\"elementor-element elementor-element-709df24 elementor-widget elementor-widget-heading\" data-id=\"709df24\" data-element_type=\"widget\" data-widget_type=\"heading.default\">\n\t\t\t\t<div class=\"elementor-widget-container\">\n\t\t\t<h3 class=\"elementor-heading-title elementor-size-default\">Les derni\u00e8res actualit\u00e9s<\/h3>\t\t<\/div>\n\t\t\t\t<\/div>\n\t\t\t\t<div class=\"elementor-element elementor-element-b3d5103 elementor-widget-divider--view-line elementor-widget elementor-widget-divider\" data-id=\"b3d5103\" data-element_type=\"widget\" data-widget_type=\"divider.default\">\n\t\t\t\t<div class=\"elementor-widget-container\">\n\t\t\t\t\t<div class=\"elementor-divider\">\n\t\t\t<span class=\"elementor-divider-separator\">\n\t\t\t\t\t\t<\/span>\n\t\t<\/div>\n\t\t\t\t<\/div>\n\t\t\t\t<\/div>\n\t\t\t\t<div class=\"elementor-element elementor-element-4a040ac elementor-grid-1 elementor-posts--thumbnail-none elementor-grid-tablet-2 elementor-grid-mobile-1 elementor-widget elementor-widget-posts\" data-id=\"4a040ac\" data-element_type=\"widget\" data-settings=\"{&quot;classic_columns&quot;:&quot;1&quot;,&quot;classic_row_gap&quot;:{&quot;unit&quot;:&quot;px&quot;,&quot;size&quot;:11,&quot;sizes&quot;:[]},&quot;classic_columns_tablet&quot;:&quot;2&quot;,&quot;classic_columns_mobile&quot;:&quot;1&quot;}\" data-widget_type=\"posts.classic\">\n\t\t\t\t<div class=\"elementor-widget-container\">\n\t\t\t\t\t<div class=\"elementor-posts-container elementor-posts elementor-posts--skin-classic elementor-grid\">\n\t\t\t\t<article class=\"elementor-post elementor-grid-item post-15521 post type-post status-publish format-standard has-post-thumbnail hentry category-actualites\">\n\t\t\t\t<div class=\"elementor-post__text\">\n\t\t\t\t<h3 class=\"elementor-post__title\">\n\t\t\t<a href=\"https:\/\/ortzaize.eus\/fr\/expo-photo-guillaume-fauveau\/\" >\n\t\t\t\tExpo Photo &#8211; Guillaume FAUVEAU\t\t\t<\/a>\n\t\t<\/h3>\n\t\t\t\t<div class=\"elementor-post__meta-data\">\n\t\t\t\t\t<span class=\"elementor-post-date\">\n\t\t\t5 mars 2026\t\t<\/span>\n\t\t\t\t<\/div>\n\t\t\t\t<\/div>\n\t\t\t\t<\/article>\n\t\t\t\t<article class=\"elementor-post elementor-grid-item post-15508 post type-post status-publish format-standard has-post-thumbnail hentry category-non-classifiee\">\n\t\t\t\t<div class=\"elementor-post__text\">\n\t\t\t\t<h3 class=\"elementor-post__title\">\n\t\t\t<a href=\"https:\/\/ortzaize.eus\/fr\/ateliers-mendi-jakitateak\/\" >\n\t\t\t\tATELIERS MENDI JAKITATEAK\t\t\t<\/a>\n\t\t<\/h3>\n\t\t\t\t<div class=\"elementor-post__meta-data\">\n\t\t\t\t\t<span class=\"elementor-post-date\">\n\t\t\t5 mars 2026\t\t<\/span>\n\t\t\t\t<\/div>\n\t\t\t\t<\/div>\n\t\t\t\t<\/article>\n\t\t\t\t<article class=\"elementor-post elementor-grid-item post-15506 post type-post status-publish format-standard has-post-thumbnail hentry category-actualites\">\n\t\t\t\t<div class=\"elementor-post__text\">\n\t\t\t\t<h3 class=\"elementor-post__title\">\n\t\t\t<a href=\"https:\/\/ortzaize.eus\/fr\/operation-nive-zero-dechet\/\" >\n\t\t\t\tOp\u00e9ration Nive ZERO DECHET\t\t\t<\/a>\n\t\t<\/h3>\n\t\t\t\t<div class=\"elementor-post__meta-data\">\n\t\t\t\t\t<span class=\"elementor-post-date\">\n\t\t\t5 mars 2026\t\t<\/span>\n\t\t\t\t<\/div>\n\t\t\t\t<\/div>\n\t\t\t\t<\/article>\n\t\t\t\t<\/div>\n\t\t\t\t<\/div>\n\t\t\t\t<\/div>\n\t\t\t\t\t<\/div>\n\t\t<\/div>\n\t\t\t\t<div class=\"elementor-column elementor-col-66 elementor-top-column elementor-element elementor-element-2c75eb5\" data-id=\"2c75eb5\" data-element_type=\"column\">\n\t\t\t<div class=\"elementor-widget-wrap elementor-element-populated\">\n\t\t\t\t\t\t\t\t<div class=\"elementor-element elementor-element-4c17eba elementor-widget elementor-widget-heading\" data-id=\"4c17eba\" data-element_type=\"widget\" data-widget_type=\"heading.default\">\n\t\t\t\t<div class=\"elementor-widget-container\">\n\t\t\t<h3 class=\"elementor-heading-title elementor-size-default\">COMMISSION CULTURE & PATRIMOINE<\/h3>\t\t<\/div>\n\t\t\t\t<\/div>\n\t\t\t\t<div class=\"elementor-element elementor-element-67313a8a elementor-widget elementor-widget-text-editor\" data-id=\"67313a8a\" data-element_type=\"widget\" data-widget_type=\"text-editor.default\">\n\t\t\t\t<div class=\"elementor-widget-container\">\n\t\t\t\t\t\t\t\tLa Commission Culture et Patrimoine organise des \u00e9v\u00e9nements culturels dans la commune et soutient les projets li\u00e9s \u00e0 la culture et au patrimoine.\nElle g\u00e8re \u00e9galement les services suivants :\n<ul>\n \t<li><a href=\"https:\/\/ortzaize.eus\/les-services-communaux\/#bibliotheque\" target=\"_blank\" rel=\"noopener\"><span style=\"color: #000080;\">Acc\u00e9der \u00e0 la page de la Biblioth\u00e8que municipale<\/span>\n<\/a><\/li>\n \t<li><a href=\"https:\/\/ortzaize.eus\/archives\/\" target=\"_blank\" rel=\"noopener\"><span style=\"color: #000080;\">Acc\u00e9der \u00e0 la page des Archives municipales<\/span>\n<\/a><\/li>\n<\/ul>\t\t\t\t\t\t<\/div>\n\t\t\t\t<\/div>\n\t\t\t\t<div class=\"elementor-element elementor-element-24ecacb3 elementor-widget elementor-widget-image\" data-id=\"24ecacb3\" data-element_type=\"widget\" data-widget_type=\"image.default\">\n\t\t\t\t<div class=\"elementor-widget-container\">\n\t\t\t\t\t\t\t\t\t\t\t\t\t\t\t<img width=\"750\" height=\"1000\" src=\"https:\/\/ortzaize.eus\/wp-content\/uploads\/2025\/06\/patrimoine-osses.jpg\" class=\"attachment-large size-large\" alt=\"\" loading=\"lazy\" srcset=\"https:\/\/ortzaize.eus\/wp-content\/uploads\/2025\/06\/patrimoine-osses.jpg 750w, https:\/\/ortzaize.eus\/wp-content\/uploads\/2025\/06\/patrimoine-osses-225x300.jpg 225w, https:\/\/ortzaize.eus\/wp-content\/uploads\/2025\/06\/patrimoine-osses-450x600.jpg 450w, https:\/\/ortzaize.eus\/wp-content\/uploads\/2025\/06\/patrimoine-osses-420x560.jpg 420w\" sizes=\"(max-width: 750px) 100vw, 750px\" \/>\t\t\t\t\t\t\t\t\t\t\t\t\t\t\t<\/div>\n\t\t\t\t<\/div>\n\t\t\t\t<div class=\"elementor-element elementor-element-504456fe elementor-widget elementor-widget-text-editor\" data-id=\"504456fe\" data-element_type=\"widget\" data-widget_type=\"text-editor.default\">\n\t\t\t\t<div class=\"elementor-widget-container\">\n\t\t\t\t\t\t\t\t<p>En 2020, la Commission a initi\u00e9 un programme particulier de valorisation patrimoniale nomm\u00e9 <strong>ONDAREIZULA<\/strong>, jeu de mot entre \u00ab Ondarea \u00bb signifiant \u00ab Patrimoine \u00bb et l\u2019expression \u00ab On dagizula \u00bb, \u00e0 savoir \u00ab Que bien vous fasse \u00bb.<br \/>Le but de cette initiative est d\u2019organiser des \u00e9v\u00e8nements et de proposer des espaces au sein de la commune destin\u00e9s aux villageois afin d\u2019\u00e9changer autour des patrimoines de la commune et les rendre vivants.<\/p><p>Ainsi, tous les Ortzaiztar, de toutes les g\u00e9n\u00e9rations, sont invit\u00e9s \u00e0 partager leurs connaissances et \u00e0 transmettre une m\u00e9moire locale \u00e0 travers la d\u00e9couverte des patrimoines, \u00e0 se les approprier et \u00e0 s\u2019en nourrir.<\/p><p>Un cycle de ce programme a d\u00e9but\u00e9 en 2020 autour de l\u2019\u00e9glise Saint-Julien-d\u2019Antioche, \u00e9difice religieux inscrit \u00e0 la Liste Suppl\u00e9mentaire des Monuments Historiques depuis 2014.<br \/>Ce cycle est intitul\u00e9 <em>\u00ab Ezkilaren taupadan \u00bb<\/em>, signifiant litt\u00e9ralement <em>\u00ab Au rythme de la cloche \u00bb<\/em>.<\/p><p>En octobre 2020, une conf\u00e9rence a eu lieu au sein de ce monument avec Jean-Baptiste Orpustan, Michel Berger, Isabelle Joly et Mano Curutcharry.<br \/>Un r\u00e9sum\u00e9 des pr\u00e9sentations est disponible ci-dessous :<a href=\"https:\/\/ortzaize.eus\/wp-content\/uploads\/2021\/05\/Livret-confe\u0301rence-e\u0301glise-Osse\u0300s-1.pdf\" target=\"_blank\" rel=\"noopener\"><br \/><span style=\"color: #000080;\">T\u00e9l\u00e9charger le livret de la conf\u00e9rence \u00ab Ezkilaren taupadan \u00bb (format PDF actuellement pas accessible aux lecteurs d\u2019\u00e9cran)<\/span><\/a><\/p>\t\t\t\t\t\t<\/div>\n\t\t\t\t<\/div>\n\t\t\t\t<div class=\"elementor-element elementor-element-40eaaa09 elementor-widget elementor-widget-text-editor\" data-id=\"40eaaa09\" data-element_type=\"widget\" data-widget_type=\"text-editor.default\">\n\t\t\t\t<div class=\"elementor-widget-container\">\n\t\t\t\t\t\t\t\t<p>Par ailleurs, plusieurs \u00e9v\u00e9nements ont \u00e9t\u00e9 organis\u00e9s autour de cette th\u00e9matique.<br \/>Certains villageois ont notamment r\u00e9alis\u00e9 un film \u00e0 partir de t\u00e9moignages d&rsquo;habitants.<br \/>Pour le visionner :<br \/><a href=\"https:\/\/kanaldude.eus\/bideoak\/5183-hurbiletik-ezkilaren-taupadan\" target=\"_blank\" rel=\"noopener\"><br \/><span style=\"color: #000080;\">Visionner le film \u00ab\u00a0Hurbiletik \u2013 Ezkilaren taupadan\u00a0\u00bb sur le site Kanaldude<\/span><br \/><\/a><\/p><p>Pour en savoir plus sur l\u2019histoire et l\u2019architecture de l\u2019\u00e9glise Saint-Julien-d\u2019Antioche d\u2019Oss\u00e8s :<br \/><span style=\"color: #000080;\"><a style=\"color: #000080;\" href=\"https:\/\/ortzaize.eus\/patrimoine\/\">Acc\u00e9der \u00e0 la page Patrimoine<\/a><\/span><\/p><p>Des \u00e9v\u00e9nements culturels sont \u00e9galement organis\u00e9s durant l&rsquo;\u00e9t\u00e9, comme une exposition artistique au Laka<br \/>ou encore la projection de films en plein air.<\/p><p><img loading=\"lazy\" class=\"aligncenter\" src=\"https:\/\/ortzaize.eus\/wp-content\/uploads\/2021\/08\/cinema-plein-accessibilte\u03011-300x221.jpg\" alt=\"Projection de film en plein air \u00e0 Oss\u00e8s pendant l\u2019\u00e9t\u00e9\" width=\"381\" height=\"281\" \/><\/p>\t\t\t\t\t\t<\/div>\n\t\t\t\t<\/div>\n\t\t\t\t\t<\/div>\n\t\t<\/div>\n\t\t\t\t\t\t\t<\/div>\n\t\t<\/section>\n\t\t\t\t\t\t<\/div>\n\t\t\t\t\t<\/div>\n\t\t","protected":false},"excerpt":{"rendered":"<p>Vivre \u00e0 Oss\u00e8s Elkarteak Kultura eta ondarea Soziala Haurtzaroa eta gazteria Ingurumena Laborantza Les derni\u00e8res actualit\u00e9s COMMISSION CULTURE &#038; PATRIMOINE La Commission Culture et Patrimoine<\/p>\n","protected":false},"author":1,"featured_media":0,"parent":0,"menu_order":0,"comment_status":"closed","ping_status":"closed","template":"","meta":{"_monsterinsights_skip_tracking":false,"_monsterinsights_sitenote_active":false,"_monsterinsights_sitenote_note":"","_monsterinsights_sitenote_category":0},"yoast_head":"<!-- This site is optimized with the Yoast SEO plugin v16.8 - https:\/\/yoast.com\/wordpress\/plugins\/seo\/ -->\n<title>Culture et patrimoine - Oss\u00e8s<\/title>\n<meta name=\"robots\" content=\"index, follow, max-snippet:-1, max-image-preview:large, max-video-preview:-1\" \/>\n<link rel=\"canonical\" href=\"https:\/\/ortzaize.eus\/fr\/kultura-eta-ondarea\/\" \/>\n<meta property=\"og:locale\" content=\"fr_FR\" \/>\n<meta property=\"og:type\" content=\"article\" \/>\n<meta property=\"og:title\" content=\"Culture et patrimoine - Oss\u00e8s\" \/>\n<meta property=\"og:description\" content=\"Vivre \u00e0 Oss\u00e8s Elkarteak Kultura eta ondarea Soziala Haurtzaroa eta gazteria Ingurumena Laborantza Les derni\u00e8res actualit\u00e9s COMMISSION CULTURE &#038; PATRIMOINE La Commission Culture et Patrimoine\" \/>\n<meta property=\"og:url\" content=\"https:\/\/ortzaize.eus\/kultura-eta-ondarea\/\" \/>\n<meta property=\"og:site_name\" content=\"Oss\u00e8s\" \/>\n<meta property=\"article:modified_time\" content=\"2025-06-23T12:28:58+00:00\" \/>\n<meta property=\"og:image\" content=\"https:\/\/ortzaize.eus\/wp-content\/uploads\/2025\/06\/patrimoine-osses.jpg\" \/>\n<meta name=\"twitter:card\" content=\"summary_large_image\" \/>\n<meta name=\"twitter:label1\" content=\"Dur\u00e9e de lecture est.\" \/>\n\t<meta name=\"twitter:data1\" content=\"3 minutes\" \/>\n<script type=\"application\/ld+json\" class=\"yoast-schema-graph\">{\"@context\":\"https:\/\/schema.org\",\"@graph\":[{\"@type\":\"Organization\",\"@id\":\"https:\/\/ortzaize.eus\/#organization\",\"name\":\"Oss\\u00e8s - Mairie d'Oss\\u00e8s\",\"url\":\"https:\/\/ortzaize.eus\/\",\"sameAs\":[],\"logo\":{\"@type\":\"ImageObject\",\"@id\":\"https:\/\/ortzaize.eus\/#logo\",\"inLanguage\":\"fr-FR\",\"url\":\"https:\/\/ortzaize.eus\/wp-content\/uploads\/2021\/06\/logo-ortzaize-ttipi.png\",\"contentUrl\":\"https:\/\/ortzaize.eus\/wp-content\/uploads\/2021\/06\/logo-ortzaize-ttipi.png\",\"width\":400,\"height\":199,\"caption\":\"Oss\\u00e8s - Mairie d'Oss\\u00e8s\"},\"image\":{\"@id\":\"https:\/\/ortzaize.eus\/#logo\"}},{\"@type\":\"WebSite\",\"@id\":\"https:\/\/ortzaize.eus\/#website\",\"url\":\"https:\/\/ortzaize.eus\/\",\"name\":\"Oss\\u00e8s\",\"description\":\"Mairie\",\"publisher\":{\"@id\":\"https:\/\/ortzaize.eus\/#organization\"},\"potentialAction\":[{\"@type\":\"SearchAction\",\"target\":{\"@type\":\"EntryPoint\",\"urlTemplate\":\"https:\/\/ortzaize.eus\/?s={search_term_string}\"},\"query-input\":\"required name=search_term_string\"}],\"inLanguage\":\"fr-FR\"},{\"@type\":\"ImageObject\",\"@id\":\"https:\/\/ortzaize.eus\/kultura-eta-ondarea\/#primaryimage\",\"inLanguage\":\"fr-FR\",\"url\":\"https:\/\/ortzaize.eus\/wp-content\/uploads\/2025\/06\/patrimoine-osses.jpg\",\"contentUrl\":\"https:\/\/ortzaize.eus\/wp-content\/uploads\/2025\/06\/patrimoine-osses.jpg\",\"width\":750,\"height\":1000},{\"@type\":\"WebPage\",\"@id\":\"https:\/\/ortzaize.eus\/kultura-eta-ondarea\/#webpage\",\"url\":\"https:\/\/ortzaize.eus\/kultura-eta-ondarea\/\",\"name\":\"Culture et patrimoine - Oss\\u00e8s\",\"isPartOf\":{\"@id\":\"https:\/\/ortzaize.eus\/#website\"},\"primaryImageOfPage\":{\"@id\":\"https:\/\/ortzaize.eus\/kultura-eta-ondarea\/#primaryimage\"},\"datePublished\":\"2021-06-02T06:45:19+00:00\",\"dateModified\":\"2025-06-23T12:28:58+00:00\",\"breadcrumb\":{\"@id\":\"https:\/\/ortzaize.eus\/kultura-eta-ondarea\/#breadcrumb\"},\"inLanguage\":\"fr-FR\",\"potentialAction\":[{\"@type\":\"ReadAction\",\"target\":[\"https:\/\/ortzaize.eus\/kultura-eta-ondarea\/\"]}]},{\"@type\":\"BreadcrumbList\",\"@id\":\"https:\/\/ortzaize.eus\/kultura-eta-ondarea\/#breadcrumb\",\"itemListElement\":[{\"@type\":\"ListItem\",\"position\":1,\"name\":\"Accueil\",\"item\":\"https:\/\/ortzaize.eus\/\"},{\"@type\":\"ListItem\",\"position\":2,\"name\":\"Culture et patrimoine\"}]}]}<\/script>\n<!-- \/ Yoast SEO plugin. -->","yoast_head_json":{"title":"Culture et patrimoine - Oss\u00e8s","robots":{"index":"index","follow":"follow","max-snippet":"max-snippet:-1","max-image-preview":"max-image-preview:large","max-video-preview":"max-video-preview:-1"},"canonical":"https:\/\/ortzaize.eus\/fr\/kultura-eta-ondarea\/","og_locale":"fr_FR","og_type":"article","og_title":"Culture et patrimoine - Oss\u00e8s","og_description":"Vivre \u00e0 Oss\u00e8s Elkarteak Kultura eta ondarea Soziala Haurtzaroa eta gazteria Ingurumena Laborantza Les derni\u00e8res actualit\u00e9s COMMISSION CULTURE &#038; PATRIMOINE La Commission Culture et Patrimoine","og_url":"https:\/\/ortzaize.eus\/kultura-eta-ondarea\/","og_site_name":"Oss\u00e8s","article_modified_time":"2025-06-23T12:28:58+00:00","og_image":[{"url":"https:\/\/ortzaize.eus\/wp-content\/uploads\/2025\/06\/patrimoine-osses.jpg"}],"twitter_card":"summary_large_image","twitter_misc":{"Dur\u00e9e de lecture est.":"3 minutes"},"schema":{"@context":"https:\/\/schema.org","@graph":[{"@type":"Organization","@id":"https:\/\/ortzaize.eus\/#organization","name":"Oss\u00e8s - Mairie d'Oss\u00e8s","url":"https:\/\/ortzaize.eus\/","sameAs":[],"logo":{"@type":"ImageObject","@id":"https:\/\/ortzaize.eus\/#logo","inLanguage":"fr-FR","url":"https:\/\/ortzaize.eus\/wp-content\/uploads\/2021\/06\/logo-ortzaize-ttipi.png","contentUrl":"https:\/\/ortzaize.eus\/wp-content\/uploads\/2021\/06\/logo-ortzaize-ttipi.png","width":400,"height":199,"caption":"Oss\u00e8s - Mairie d'Oss\u00e8s"},"image":{"@id":"https:\/\/ortzaize.eus\/#logo"}},{"@type":"WebSite","@id":"https:\/\/ortzaize.eus\/#website","url":"https:\/\/ortzaize.eus\/","name":"Oss\u00e8s","description":"Mairie","publisher":{"@id":"https:\/\/ortzaize.eus\/#organization"},"potentialAction":[{"@type":"SearchAction","target":{"@type":"EntryPoint","urlTemplate":"https:\/\/ortzaize.eus\/?s={search_term_string}"},"query-input":"required name=search_term_string"}],"inLanguage":"fr-FR"},{"@type":"ImageObject","@id":"https:\/\/ortzaize.eus\/kultura-eta-ondarea\/#primaryimage","inLanguage":"fr-FR","url":"https:\/\/ortzaize.eus\/wp-content\/uploads\/2025\/06\/patrimoine-osses.jpg","contentUrl":"https:\/\/ortzaize.eus\/wp-content\/uploads\/2025\/06\/patrimoine-osses.jpg","width":750,"height":1000},{"@type":"WebPage","@id":"https:\/\/ortzaize.eus\/kultura-eta-ondarea\/#webpage","url":"https:\/\/ortzaize.eus\/kultura-eta-ondarea\/","name":"Culture et patrimoine - Oss\u00e8s","isPartOf":{"@id":"https:\/\/ortzaize.eus\/#website"},"primaryImageOfPage":{"@id":"https:\/\/ortzaize.eus\/kultura-eta-ondarea\/#primaryimage"},"datePublished":"2021-06-02T06:45:19+00:00","dateModified":"2025-06-23T12:28:58+00:00","breadcrumb":{"@id":"https:\/\/ortzaize.eus\/kultura-eta-ondarea\/#breadcrumb"},"inLanguage":"fr-FR","potentialAction":[{"@type":"ReadAction","target":["https:\/\/ortzaize.eus\/kultura-eta-ondarea\/"]}]},{"@type":"BreadcrumbList","@id":"https:\/\/ortzaize.eus\/kultura-eta-ondarea\/#breadcrumb","itemListElement":[{"@type":"ListItem","position":1,"name":"Accueil","item":"https:\/\/ortzaize.eus\/"},{"@type":"ListItem","position":2,"name":"Culture et patrimoine"}]}]}},"_links":{"self":[{"href":"https:\/\/ortzaize.eus\/fr\/wp-json\/wp\/v2\/pages\/6930"}],"collection":[{"href":"https:\/\/ortzaize.eus\/fr\/wp-json\/wp\/v2\/pages"}],"about":[{"href":"https:\/\/ortzaize.eus\/fr\/wp-json\/wp\/v2\/types\/page"}],"author":[{"embeddable":true,"href":"https:\/\/ortzaize.eus\/fr\/wp-json\/wp\/v2\/users\/1"}],"replies":[{"embeddable":true,"href":"https:\/\/ortzaize.eus\/fr\/wp-json\/wp\/v2\/comments?post=6930"}],"version-history":[{"count":61,"href":"https:\/\/ortzaize.eus\/fr\/wp-json\/wp\/v2\/pages\/6930\/revisions"}],"predecessor-version":[{"id":14047,"href":"https:\/\/ortzaize.eus\/fr\/wp-json\/wp\/v2\/pages\/6930\/revisions\/14047"}],"wp:attachment":[{"href":"https:\/\/ortzaize.eus\/fr\/wp-json\/wp\/v2\/media?parent=6930"}],"curies":[{"name":"wp","href":"https:\/\/api.w.org\/{rel}","templated":true}]}}