{"id":6911,"date":"2021-06-01T15:07:14","date_gmt":"2021-06-01T15:07:14","guid":{"rendered":"https:\/\/mairieosses21.bixoko.com\/?page_id=6911"},"modified":"2025-12-19T09:33:45","modified_gmt":"2025-12-19T09:33:45","slug":"les-associations","status":"publish","type":"page","link":"https:\/\/ortzaize.eus\/fr\/les-associations\/","title":{"rendered":"Les associations"},"content":{"rendered":"\t\t<div data-elementor-type=\"wp-page\" data-elementor-id=\"6911\" class=\"elementor elementor-6911\" data-elementor-settings=\"[]\">\n\t\t\t\t\t\t\t<div class=\"elementor-section-wrap\">\n\t\t\t\t\t\t\t<section class=\"elementor-section elementor-top-section elementor-element elementor-element-c5bb3aa elementor-reverse-tablet elementor-reverse-mobile elementor-section-boxed elementor-section-height-default elementor-section-height-default\" data-id=\"c5bb3aa\" data-element_type=\"section\">\n\t\t\t\t\t\t<div class=\"elementor-container elementor-column-gap-wider\">\n\t\t\t\t\t<div class=\"elementor-column elementor-col-33 elementor-top-column elementor-element elementor-element-43e0ea8\" data-id=\"43e0ea8\" data-element_type=\"column\" data-settings=\"{&quot;background_background&quot;:&quot;classic&quot;,&quot;motion_fx_motion_fx_scrolling&quot;:&quot;yes&quot;,&quot;motion_fx_devices&quot;:[&quot;desktop&quot;,&quot;tablet&quot;,&quot;mobile&quot;]}\">\n\t\t\t<div class=\"elementor-widget-wrap elementor-element-populated\">\n\t\t\t\t\t\t\t\t<div class=\"elementor-element elementor-element-f59a9c0 elementor-widget elementor-widget-heading\" data-id=\"f59a9c0\" data-element_type=\"widget\" data-widget_type=\"heading.default\">\n\t\t\t\t<div class=\"elementor-widget-container\">\n\t\t\t<h2 class=\"elementor-heading-title elementor-size-default\">Vivre \u00e0 Oss\u00e8s<\/h2>\t\t<\/div>\n\t\t\t\t<\/div>\n\t\t\t\t<div class=\"elementor-element elementor-element-5f7cfb6 elementor-widget-divider--view-line elementor-widget elementor-widget-divider\" data-id=\"5f7cfb6\" data-element_type=\"widget\" data-widget_type=\"divider.default\">\n\t\t\t\t<div class=\"elementor-widget-container\">\n\t\t\t\t\t<div class=\"elementor-divider\">\n\t\t\t<span class=\"elementor-divider-separator\">\n\t\t\t\t\t\t<\/span>\n\t\t<\/div>\n\t\t\t\t<\/div>\n\t\t\t\t<\/div>\n\t\t\t\t<div class=\"elementor-element elementor-element-176f52a elementor-widget elementor-widget-ova_menu_page\" data-id=\"176f52a\" data-element_type=\"widget\" data-widget_type=\"ova_menu_page.default\">\n\t\t\t\t<div class=\"elementor-widget-container\">\n\t\t\t\t\t<div class=\"ova_menu_page type3 \" data-position_active=\"\">\n\t\t\t<ul id=\"menu-rubrique-vivre-a-osses\" class=\"menu\"><li id=\"menu-item-6929\" class=\"menu-item menu-item-type-post_type menu-item-object-page menu-item-6929\"><a href=\"https:\/\/ortzaize.eus\/fr\/les-associations\/\">Les associations<\/a><\/li>\n<li id=\"menu-item-7019\" class=\"menu-item menu-item-type-post_type menu-item-object-page menu-item-7019\"><a href=\"https:\/\/ortzaize.eus\/fr\/culture-et-patrimoine\/\">Culture et patrimoine<\/a><\/li>\n<li id=\"menu-item-7017\" class=\"menu-item menu-item-type-post_type menu-item-object-page menu-item-7017\"><a href=\"https:\/\/ortzaize.eus\/fr\/social\/\">Social<\/a><\/li>\n<li id=\"menu-item-7018\" class=\"menu-item menu-item-type-post_type menu-item-object-page menu-item-7018\"><a href=\"https:\/\/ortzaize.eus\/fr\/enfance-et-jeunesse\/\">Enfance et jeunesse<\/a><\/li>\n<li id=\"menu-item-7016\" class=\"menu-item menu-item-type-post_type menu-item-object-page menu-item-7016\"><a href=\"https:\/\/ortzaize.eus\/fr\/environnement\/\">Environnement<\/a><\/li>\n<li id=\"menu-item-7015\" class=\"menu-item menu-item-type-post_type menu-item-object-page menu-item-7015\"><a href=\"https:\/\/ortzaize.eus\/fr\/agriculture\/\">Agriculture<\/a><\/li>\n<\/ul>\t\t<\/div>\n\t\t\t\t<\/div>\n\t\t\t\t<\/div>\n\t\t\t\t<div class=\"elementor-element elementor-element-709df24 elementor-widget elementor-widget-heading\" data-id=\"709df24\" data-element_type=\"widget\" data-widget_type=\"heading.default\">\n\t\t\t\t<div class=\"elementor-widget-container\">\n\t\t\t<h2 class=\"elementor-heading-title elementor-size-default\">Les derni\u00e8res actualit\u00e9s<\/h2>\t\t<\/div>\n\t\t\t\t<\/div>\n\t\t\t\t<div class=\"elementor-element elementor-element-b3d5103 elementor-widget-divider--view-line elementor-widget elementor-widget-divider\" data-id=\"b3d5103\" data-element_type=\"widget\" data-widget_type=\"divider.default\">\n\t\t\t\t<div class=\"elementor-widget-container\">\n\t\t\t\t\t<div class=\"elementor-divider\">\n\t\t\t<span class=\"elementor-divider-separator\">\n\t\t\t\t\t\t<\/span>\n\t\t<\/div>\n\t\t\t\t<\/div>\n\t\t\t\t<\/div>\n\t\t\t\t<div class=\"elementor-element elementor-element-4a040ac elementor-grid-1 elementor-posts--thumbnail-none elementor-grid-tablet-2 elementor-grid-mobile-1 elementor-widget elementor-widget-posts\" data-id=\"4a040ac\" data-element_type=\"widget\" data-settings=\"{&quot;classic_columns&quot;:&quot;1&quot;,&quot;classic_row_gap&quot;:{&quot;unit&quot;:&quot;px&quot;,&quot;size&quot;:11,&quot;sizes&quot;:[]},&quot;classic_columns_tablet&quot;:&quot;2&quot;,&quot;classic_columns_mobile&quot;:&quot;1&quot;}\" data-widget_type=\"posts.classic\">\n\t\t\t\t<div class=\"elementor-widget-container\">\n\t\t\t\t\t<div class=\"elementor-posts-container elementor-posts elementor-posts--skin-classic elementor-grid\">\n\t\t\t\t<article class=\"elementor-post elementor-grid-item post-15521 post type-post status-publish format-standard has-post-thumbnail hentry category-actualites\">\n\t\t\t\t<div class=\"elementor-post__text\">\n\t\t\t\t<h2 class=\"elementor-post__title\">\n\t\t\t<a href=\"https:\/\/ortzaize.eus\/fr\/expo-photo-guillaume-fauveau\/\" >\n\t\t\t\tExpo Photo &#8211; Guillaume FAUVEAU\t\t\t<\/a>\n\t\t<\/h2>\n\t\t\t\t<div class=\"elementor-post__meta-data\">\n\t\t\t\t\t<span class=\"elementor-post-date\">\n\t\t\t5 mars 2026\t\t<\/span>\n\t\t\t\t<\/div>\n\t\t\t\t<\/div>\n\t\t\t\t<\/article>\n\t\t\t\t<article class=\"elementor-post elementor-grid-item post-15508 post type-post status-publish format-standard has-post-thumbnail hentry category-non-classifiee\">\n\t\t\t\t<div class=\"elementor-post__text\">\n\t\t\t\t<h2 class=\"elementor-post__title\">\n\t\t\t<a href=\"https:\/\/ortzaize.eus\/fr\/ateliers-mendi-jakitateak\/\" >\n\t\t\t\tATELIERS MENDI JAKITATEAK\t\t\t<\/a>\n\t\t<\/h2>\n\t\t\t\t<div class=\"elementor-post__meta-data\">\n\t\t\t\t\t<span class=\"elementor-post-date\">\n\t\t\t5 mars 2026\t\t<\/span>\n\t\t\t\t<\/div>\n\t\t\t\t<\/div>\n\t\t\t\t<\/article>\n\t\t\t\t<article class=\"elementor-post elementor-grid-item post-15506 post type-post status-publish format-standard has-post-thumbnail hentry category-actualites\">\n\t\t\t\t<div class=\"elementor-post__text\">\n\t\t\t\t<h2 class=\"elementor-post__title\">\n\t\t\t<a href=\"https:\/\/ortzaize.eus\/fr\/operation-nive-zero-dechet\/\" >\n\t\t\t\tOp\u00e9ration Nive ZERO DECHET\t\t\t<\/a>\n\t\t<\/h2>\n\t\t\t\t<div class=\"elementor-post__meta-data\">\n\t\t\t\t\t<span class=\"elementor-post-date\">\n\t\t\t5 mars 2026\t\t<\/span>\n\t\t\t\t<\/div>\n\t\t\t\t<\/div>\n\t\t\t\t<\/article>\n\t\t\t\t<\/div>\n\t\t\t\t<\/div>\n\t\t\t\t<\/div>\n\t\t\t\t\t<\/div>\n\t\t<\/div>\n\t\t\t\t<div class=\"elementor-column elementor-col-66 elementor-top-column elementor-element elementor-element-2c75eb5\" data-id=\"2c75eb5\" data-element_type=\"column\">\n\t\t\t<div class=\"elementor-widget-wrap elementor-element-populated\">\n\t\t\t\t\t\t\t\t<div class=\"elementor-element elementor-element-5ca80d85 elementor-widget elementor-widget-heading\" data-id=\"5ca80d85\" data-element_type=\"widget\" data-widget_type=\"heading.default\">\n\t\t\t\t<div class=\"elementor-widget-container\">\n\t\t\t<h2 class=\"elementor-heading-title elementor-size-default\">LA LISTE DES ASSOCIATIONS<\/h2>\t\t<\/div>\n\t\t\t\t<\/div>\n\t\t\t\t<div class=\"elementor-element elementor-element-62cf9ef3 elementor-widget elementor-widget-text-editor\" data-id=\"62cf9ef3\" data-element_type=\"widget\" data-widget_type=\"text-editor.default\">\n\t\t\t\t<div class=\"elementor-widget-container\">\n\t\t\t\t\t\t\t\t<p><span style=\"font-weight: 400;\">Un village qui vit est sans nul doute un village aux multiples associations. Ce sont elles qui ont un r\u00e9el pouvoir de lien social en rassemblant les villageois en leur sein.<\/span> <span style=\"font-weight: 400;\">Nous en r\u00e9pertorions une quinzaine \u00e0 Oss\u00e8s. Elles ont toutes des objectifs et statuts riches et vari\u00e9s. Vous trouverez ci-dessous la liste des associations du village, leur domaine d\u2019activit\u00e9 ainsi qu\u2019un contact.<\/span><\/p>\t\t\t\t\t\t<\/div>\n\t\t\t\t<\/div>\n\t\t\t\t<section class=\"elementor-section elementor-inner-section elementor-element elementor-element-b9b176a elementor-section-boxed elementor-section-height-default elementor-section-height-default\" data-id=\"b9b176a\" data-element_type=\"section\">\n\t\t\t\t\t\t<div class=\"elementor-container elementor-column-gap-default\">\n\t\t\t\t\t<div class=\"elementor-column elementor-col-50 elementor-inner-column elementor-element elementor-element-7698d31\" data-id=\"7698d31\" data-element_type=\"column\">\n\t\t\t<div class=\"elementor-widget-wrap elementor-element-populated\">\n\t\t\t\t\t\t\t\t<div class=\"elementor-element elementor-element-d445e35 elementor-widget elementor-widget-html\" data-id=\"d445e35\" data-element_type=\"widget\" data-widget_type=\"html.default\">\n\t\t\t\t<div class=\"elementor-widget-container\">\n\t\t\t<h3>LOKARRI<\/h3>\n<ul>\n  <li>Activit\u00e9 : Kultura, ondarea, kirolak<\/li>\n  <li>Email : <a href=\"mailto:jaunarena@live.fr\">jaunarena@live.fr<\/a><\/li>\n  <li>Pr\u00e9sident(e) : Frantxoa GEERBAERT<\/li>\n<\/ul>\n\n<h3>ORTZAIZEKO GAZTERIA<\/h3>\n<ul>\n  <li>Activit\u00e9 : Animazioak<\/li>\n  <li>Email : <a href=\"mailto:comite.osses@gmail.com\">comite.osses@gmail.com<\/a><\/li>\n  <li>Pr\u00e9sident(e)s : Xan Trounday, Miren Irastorza<\/li>\n<\/ul>\n\n<h3>ORTZAIZEKO IKASTOLAKO BURASOAK<\/h3>\n<ul>\n  <li>Activit\u00e9 : Burasoen elkartea<\/li>\n  <li>Email : <a href=\"mailto:bulegoa.ortzaize@gmail.com\">bulegoa.ortzaize@gmail.com<\/a><\/li>\n  <li>Pr\u00e9sident(e)s : Eihartze Aramendi, Oihana Algalarrondo<\/li>\n<\/ul>\n\n<h3>OGEC SAN MIXEL<\/h3>\n<ul>\n  <li>Activit\u00e9 : Kudeaketa organismoa<\/li>\n  <li>Email : <a href=\"mailto:irene.biscarvidegain@orange.fr\">irene.biscarvidegain@orange.fr<\/a><\/li>\n  <li>Pr\u00e9sident(e) : Ir\u00e8ne VIDEGAIN<\/li>\n<\/ul>\n\n<h3>ORTZAIZE<\/h3>\n<ul>\n  <li>Activit\u00e9 : Esku-lanaren balorizazioa<\/li>\n  <li>Email : <a href=\"mailto:michel@poterie-goicoechea.com\">michel@poterie-goicoechea.com<\/a><\/li>\n  <li>Pr\u00e9sident(e) : Michel GOICOECHEA<\/li>\n<\/ul>\n\n<h3>HATS BERRI<\/h3>\n<ul>\n  <li>Activit\u00e9 : Haurzaindegia<\/li>\n  <li>Email : <a href=\"mailto:hats.berri@orange.fr\">hats.berri@orange.fr<\/a><\/li>\n  <li>Pr\u00e9sident(e) : C\u00e9line JAURIBERRY<\/li>\n<\/ul>\n\n<h3>J\u2019HARMONISE MON UNIVERS<\/h3>\n<ul>\n  <li>Activit\u00e9 : Hezkuntza<\/li>\n  <li>Email : <a href=\"mailto:jharmonisemonunivers@gmail.com\">jharmonisemonunivers@gmail.com<\/a><\/li>\n  <li>Pr\u00e9sident(e) : Aur\u00e9lie PARMIER<\/li>\n<\/ul>\n\n<h3>BAIGURA KANTUZ<\/h3>\n<ul>\n  <li>Activit\u00e9 : Parropiako koroa<\/li>\n  <li>Email : <a href=\"mailto:jpcl.idiart@sfr.fr\">jpcl.idiart@sfr.fr<\/a><\/li>\n  <li>Pr\u00e9sident(e) : Jean-Paul IDIART<\/li>\n<\/ul>\n\n<h3>LA ROUTE GOURMANDE DES BASQUES<\/h3>\n<ul>\n  <li>Activit\u00e9 : Turismoaren garapena<\/li>\n  <li>Email : <a href=\"mailto:laroutegourmande@gmail.com\">laroutegourmande@gmail.com<\/a><\/li>\n  <li>Pr\u00e9sident(e) : Mixel CURUTCHET<\/li>\n<\/ul>\n\n<h3>GARBI<\/h3>\n<ul>\n  <li>Activit\u00e9 : Hezkuntza<\/li>\n  <li>Email : <a href=\"mailto:associationgarbi@gmail.com\">associationgarbi@gmail.com<\/a><\/li>\n  <li>Pr\u00e9sident(e) : Florence LUCU<\/li>\n<\/ul>\n\t\t<\/div>\n\t\t\t\t<\/div>\n\t\t\t\t\t<\/div>\n\t\t<\/div>\n\t\t\t\t<div class=\"elementor-column elementor-col-50 elementor-inner-column elementor-element elementor-element-d645d99\" data-id=\"d645d99\" data-element_type=\"column\">\n\t\t\t<div class=\"elementor-widget-wrap elementor-element-populated\">\n\t\t\t\t\t\t\t\t<div class=\"elementor-element elementor-element-223e80a elementor-widget elementor-widget-html\" data-id=\"223e80a\" data-element_type=\"widget\" data-widget_type=\"html.default\">\n\t\t\t\t<div class=\"elementor-widget-container\">\n\t\t\t\n<h3>URZAIZ<\/h3>\n<ul>\n  <li>Activit\u00e9 : Kultura eta Ondarea<\/li>\n  <li>Email : <a href=\"mailto:urzaiz.elkartea@gmail.com\">urzaiz.elkartea@gmail.com<\/a><\/li>\n  <li>Pr\u00e9sident(e)s : Maialen \u00c7UBURU, Xantxo LEKUMBERRY<\/li>\n<\/ul>\n\n<h3>ESKOLA PUBLIKOKO BURASOAK<\/h3>\n<ul>\n  <li>Activit\u00e9 : Burasoen elkartea<\/li>\n  <li>Email : <a href=\"mailto:apeossesarrossa@gmail.com\">apeossesarrossa@gmail.com<\/a><\/li>\n  <li>Pr\u00e9sident(e) : Sarah CHEVALIER<\/li>\n<\/ul>\n\n<h3>SAN MIXEL ESKOLAKO BURASOAK<\/h3>\n<ul>\n  <li>Activit\u00e9 : Burasoen elkartea<\/li>\n  <li>Email : <a href=\"mailto:florian.beaumatin@gmail.com\">florian.beaumatin@gmail.com<\/a><\/li>\n  <li>Pr\u00e9sident(e) : Florian Beaumatin<\/li>\n<\/ul>\n\n<h3>BETERANOAK<\/h3>\n<ul>\n  <li>Activit\u00e9 : Gerlari ohien memoria<\/li>\n  <li>Email : <a href=\"mailto:sergioeve.klieber@gmail.com\">sergioeve.klieber@gmail.com<\/a><\/li>\n  <li>Pr\u00e9sident(e) : Serge KLIEBER<\/li>\n<\/ul>\n\n<h3>ACCA<\/h3>\n<ul>\n  <li>Activit\u00e9 : Ihizi elkartea<\/li>\n  <li>Email : <a href=\"mailto:accaosses@gmail.com\">accaosses@gmail.com<\/a><\/li>\n  <li>Pr\u00e9sident(e) : Thomas Cordova<\/li>\n<\/ul>\n\n<h3>ARRANOAK<\/h3>\n<ul>\n  <li>Activit\u00e9 : Zango-baloi taldea<\/li>\n  <li>Email : <a href=\"mailto:anttonerrota@gmail.com\">anttonerrota@gmail.com<\/a><\/li>\n  <li>Pr\u00e9sident(e) : Peio TROUNDAY<\/li>\n<\/ul>\n\n<h3>GUTARTEAN<\/h3>\n<ul>\n  <li>Activit\u00e9 : 3.adinekoen elkartea<\/li>\n  <li>Email : <a href=\"mailto:clubgutartean@gmail.com\">clubgutartean@gmail.com<\/a><\/li>\n  <li>Pr\u00e9sident(e) : Mailuixa IDIEDER<\/li>\n<\/ul>\n\n<h3>CLIQUE BAIGURA<\/h3>\n<ul>\n  <li>Activit\u00e9 : Klika<\/li>\n  <li>Email : <a href=\"mailto:janinetr@hotmail.fr\">janinetr@hotmail.fr<\/a><\/li>\n  <li>Pr\u00e9sident(e) : Janine TROUNDAY<\/li>\n<\/ul>\n\n<h3>EN JEUX BIENVEILLANTS<\/h3>\n<ul>\n  <li>Activit\u00e9 : Hezkuntza<\/li>\n  <li>Email : <a href=\"mailto:moniswid@gmail.com\">moniswid@gmail.com<\/a><\/li>\n  <li>Pr\u00e9sident(e) : Monique SWIDZINSKI<\/li>\n<\/ul>\n\t\t<\/div>\n\t\t\t\t<\/div>\n\t\t\t\t\t<\/div>\n\t\t<\/div>\n\t\t\t\t\t\t\t<\/div>\n\t\t<\/section>\n\t\t\t\t<section class=\"elementor-section elementor-inner-section elementor-element elementor-element-a255ec6 elementor-section-boxed elementor-section-height-default elementor-section-height-default\" data-id=\"a255ec6\" data-element_type=\"section\">\n\t\t\t\t\t\t<div class=\"elementor-container elementor-column-gap-default\">\n\t\t\t\t\t<div class=\"elementor-column elementor-col-50 elementor-inner-column elementor-element elementor-element-e43c232\" data-id=\"e43c232\" data-element_type=\"column\">\n\t\t\t<div class=\"elementor-widget-wrap elementor-element-populated\">\n\t\t\t\t\t\t\t\t<div class=\"elementor-element elementor-element-514d16be elementor-widget elementor-widget-heading\" data-id=\"514d16be\" data-element_type=\"widget\" data-widget_type=\"heading.default\">\n\t\t\t\t<div class=\"elementor-widget-container\">\n\t\t\t<h3 class=\"elementor-heading-title elementor-size-default\">DOSSIER DE SUBVENTION<\/h3>\t\t<\/div>\n\t\t\t\t<\/div>\n\t\t\t\t<div class=\"elementor-element elementor-element-4f23c223 elementor-widget elementor-widget-text-editor\" data-id=\"4f23c223\" data-element_type=\"widget\" data-widget_type=\"text-editor.default\">\n\t\t\t\t<div class=\"elementor-widget-container\">\n\t\t\t\t\t\t\t\t<p>La commune d\u2019Oss\u00e8s a mis en place un dossier de demande de subvention pour les associations souhaitant en b\u00e9n\u00e9ficier.<br>Il est demand\u00e9 de d\u00e9tailler les projets de l\u2019ann\u00e9e ainsi que de pr\u00e9senter un budget pr\u00e9visionnel.<br>La commission association \u00e9tudie ensuite les demandes et vote les attributions en conseil municipal.<\/p>\n<p>Les dossiers de demande sont \u00e0 remplir et \u00e0 envoyer \u00e0 l&rsquo;adresse <a href=\"mailto:elkarteak@ortzaize.eus\">elkarteak@ortzaize.eus<\/a><br>au plus tard pour le <strong>1er mars de l\u2019ann\u00e9e en cours<\/strong>.<\/p>\n<p><strong>Ce dossier est \u00e0 compl\u00e9ter dans les deux langues&nbsp;: fran\u00e7ais et basque.<\/strong><\/p>\n<p>Dossier \u00e0 t\u00e9l\u00e9charger ici : <a href=\"https:\/\/ortzaize.eus\/wp-content\/uploads\/2021\/06\/Diru-laguntza-eskaera-2025.pdf\" target=\"_blank\" rel=\"noopener\"><br><\/a><a href=\"https:\/\/ortzaize.eus\/wp-content\/uploads\/2021\/06\/Diru-laguntza-eskaera-2026.pdf\">Diru-laguntza eskaera 2026<\/a>&nbsp;(pdf)<br><a href=\"https:\/\/ortzaize.eus\/wp-content\/uploads\/2021\/06\/Diru-laguntza-eskaera-2025.docx\" target=\"_blank\" rel=\"noopener\"><\/a><\/p><p><a href=\"https:\/\/ortzaize.eus\/wp-content\/uploads\/2021\/06\/Diru-laguntza-eskaera-2026.docx\" style=\"background-color: rgb(255, 255, 255); transition-property: all;\">Diru-laguntza eskaera 2026<\/a>&nbsp;(word)<\/p><a href=\"https:\/\/ortzaize.eus\/wp-content\/uploads\/2021\/06\/Diru-laguntza-eskaera-2025.docx\" target=\"_blank\" rel=\"noopener\">\n<\/a><p><a href=\"https:\/\/ortzaize.eus\/wp-content\/uploads\/2021\/06\/Diru-laguntza-eskaera-2025.docx\" target=\"_blank\" rel=\"noopener\"><\/a><\/p>\t\t\t\t\t\t<\/div>\n\t\t\t\t<\/div>\n\t\t\t\t\t<\/div>\n\t\t<\/div>\n\t\t\t\t<div class=\"elementor-column elementor-col-50 elementor-inner-column elementor-element elementor-element-e3f9114\" data-id=\"e3f9114\" data-element_type=\"column\">\n\t\t\t<div class=\"elementor-widget-wrap elementor-element-populated\">\n\t\t\t\t\t\t\t\t<div class=\"elementor-element elementor-element-8f56bd3 elementor-widget elementor-widget-heading\" data-id=\"8f56bd3\" data-element_type=\"widget\" data-widget_type=\"heading.default\">\n\t\t\t\t<div class=\"elementor-widget-container\">\n\t\t\t<h3 class=\"elementor-heading-title elementor-size-default\">D\u00c9BIT DE BOISSON<\/h3>\t\t<\/div>\n\t\t\t\t<\/div>\n\t\t\t\t<div class=\"elementor-element elementor-element-6da75121 elementor-widget elementor-widget-text-editor\" data-id=\"6da75121\" data-element_type=\"widget\" data-widget_type=\"text-editor.default\">\n\t\t\t\t<div class=\"elementor-widget-container\">\n\t\t\t\t\t\t\t\t<p>\n  Une association peut ouvrir une buvette temporaire pour vendre des boissons des groupes 1 et 3 \u00e0 condition d\u2019avoir obtenu l\u2019autorisation du maire de la commune.\n  L\u2019association peut obtenir <strong>jusqu\u2019\u00e0 5 autorisations par an<\/strong>.\n<\/p>\n\n<p>\n  En cliquant sur le lien ci-dessous, vous trouverez un mod\u00e8le de demande d\u2019ouverture d\u2019une buvette associative temporaire :\n<\/p>\n\n<p>\n  <a href=\"https:\/\/www.service-public.fr\/associations\/vosdroits\/R24391\" target=\"_blank\" rel=\"noopener\">\n    Mod\u00e8le de demande d\u2019ouverture d\u2019une buvette associative \u2013 service-public.fr\n  <\/a>\n<\/p>\n\t\t\t\t\t\t<\/div>\n\t\t\t\t<\/div>\n\t\t\t\t\t<\/div>\n\t\t<\/div>\n\t\t\t\t\t\t\t<\/div>\n\t\t<\/section>\n\t\t\t\t\t<\/div>\n\t\t<\/div>\n\t\t\t\t\t\t\t<\/div>\n\t\t<\/section>\n\t\t\t\t\t\t<\/div>\n\t\t\t\t\t<\/div>\n\t\t","protected":false},"excerpt":{"rendered":"<p>Vivre \u00e0 Oss\u00e8s Les associations Culture et patrimoine Social Enfance et jeunesse Environnement Agriculture Les derni\u00e8res actualit\u00e9s LA LISTE DES ASSOCIATIONS Un village qui vit<\/p>\n","protected":false},"author":1,"featured_media":0,"parent":0,"menu_order":0,"comment_status":"closed","ping_status":"closed","template":"","meta":{"_monsterinsights_skip_tracking":false,"_monsterinsights_sitenote_active":false,"_monsterinsights_sitenote_note":"","_monsterinsights_sitenote_category":0},"yoast_head":"<!-- This site is optimized with the Yoast SEO plugin v16.8 - https:\/\/yoast.com\/wordpress\/plugins\/seo\/ -->\n<title>Les associations - Oss\u00e8s<\/title>\n<meta name=\"robots\" content=\"index, follow, max-snippet:-1, max-image-preview:large, max-video-preview:-1\" \/>\n<link rel=\"canonical\" href=\"https:\/\/ortzaize.eus\/fr\/les-associations\/\" \/>\n<meta property=\"og:locale\" content=\"fr_FR\" \/>\n<meta property=\"og:type\" content=\"article\" \/>\n<meta property=\"og:title\" content=\"Les associations - Oss\u00e8s\" \/>\n<meta property=\"og:description\" content=\"Vivre \u00e0 Oss\u00e8s Les associations Culture et patrimoine Social Enfance et jeunesse Environnement Agriculture Les derni\u00e8res actualit\u00e9s LA LISTE DES ASSOCIATIONS Un village qui vit\" \/>\n<meta property=\"og:url\" content=\"https:\/\/ortzaize.eus\/fr\/les-associations\/\" \/>\n<meta property=\"og:site_name\" content=\"Oss\u00e8s\" \/>\n<meta property=\"article:modified_time\" content=\"2025-12-19T09:33:45+00:00\" \/>\n<meta name=\"twitter:card\" content=\"summary_large_image\" \/>\n<meta name=\"twitter:label1\" content=\"Dur\u00e9e de lecture est.\" \/>\n\t<meta name=\"twitter:data1\" content=\"3 minutes\" \/>\n<script type=\"application\/ld+json\" class=\"yoast-schema-graph\">{\"@context\":\"https:\/\/schema.org\",\"@graph\":[{\"@type\":\"Organization\",\"@id\":\"https:\/\/ortzaize.eus\/#organization\",\"name\":\"Oss\\u00e8s - Mairie d'Oss\\u00e8s\",\"url\":\"https:\/\/ortzaize.eus\/\",\"sameAs\":[],\"logo\":{\"@type\":\"ImageObject\",\"@id\":\"https:\/\/ortzaize.eus\/#logo\",\"inLanguage\":\"fr-FR\",\"url\":\"https:\/\/ortzaize.eus\/wp-content\/uploads\/2021\/06\/logo-ortzaize-ttipi.png\",\"contentUrl\":\"https:\/\/ortzaize.eus\/wp-content\/uploads\/2021\/06\/logo-ortzaize-ttipi.png\",\"width\":400,\"height\":199,\"caption\":\"Oss\\u00e8s - Mairie d'Oss\\u00e8s\"},\"image\":{\"@id\":\"https:\/\/ortzaize.eus\/#logo\"}},{\"@type\":\"WebSite\",\"@id\":\"https:\/\/ortzaize.eus\/#website\",\"url\":\"https:\/\/ortzaize.eus\/\",\"name\":\"Oss\\u00e8s\",\"description\":\"Mairie\",\"publisher\":{\"@id\":\"https:\/\/ortzaize.eus\/#organization\"},\"potentialAction\":[{\"@type\":\"SearchAction\",\"target\":{\"@type\":\"EntryPoint\",\"urlTemplate\":\"https:\/\/ortzaize.eus\/?s={search_term_string}\"},\"query-input\":\"required name=search_term_string\"}],\"inLanguage\":\"fr-FR\"},{\"@type\":\"WebPage\",\"@id\":\"https:\/\/ortzaize.eus\/fr\/les-associations\/#webpage\",\"url\":\"https:\/\/ortzaize.eus\/fr\/les-associations\/\",\"name\":\"Les associations - Oss\\u00e8s\",\"isPartOf\":{\"@id\":\"https:\/\/ortzaize.eus\/#website\"},\"datePublished\":\"2021-06-01T15:07:14+00:00\",\"dateModified\":\"2025-12-19T09:33:45+00:00\",\"breadcrumb\":{\"@id\":\"https:\/\/ortzaize.eus\/fr\/les-associations\/#breadcrumb\"},\"inLanguage\":\"fr-FR\",\"potentialAction\":[{\"@type\":\"ReadAction\",\"target\":[\"https:\/\/ortzaize.eus\/fr\/les-associations\/\"]}]},{\"@type\":\"BreadcrumbList\",\"@id\":\"https:\/\/ortzaize.eus\/fr\/les-associations\/#breadcrumb\",\"itemListElement\":[{\"@type\":\"ListItem\",\"position\":1,\"name\":\"Accueil\",\"item\":\"https:\/\/ortzaize.eus\/\"},{\"@type\":\"ListItem\",\"position\":2,\"name\":\"Les associations\"}]}]}<\/script>\n<!-- \/ Yoast SEO plugin. -->","yoast_head_json":{"title":"Les associations - Oss\u00e8s","robots":{"index":"index","follow":"follow","max-snippet":"max-snippet:-1","max-image-preview":"max-image-preview:large","max-video-preview":"max-video-preview:-1"},"canonical":"https:\/\/ortzaize.eus\/fr\/les-associations\/","og_locale":"fr_FR","og_type":"article","og_title":"Les associations - Oss\u00e8s","og_description":"Vivre \u00e0 Oss\u00e8s Les associations Culture et patrimoine Social Enfance et jeunesse Environnement Agriculture Les derni\u00e8res actualit\u00e9s LA LISTE DES ASSOCIATIONS Un village qui vit","og_url":"https:\/\/ortzaize.eus\/fr\/les-associations\/","og_site_name":"Oss\u00e8s","article_modified_time":"2025-12-19T09:33:45+00:00","twitter_card":"summary_large_image","twitter_misc":{"Dur\u00e9e de lecture est.":"3 minutes"},"schema":{"@context":"https:\/\/schema.org","@graph":[{"@type":"Organization","@id":"https:\/\/ortzaize.eus\/#organization","name":"Oss\u00e8s - Mairie d'Oss\u00e8s","url":"https:\/\/ortzaize.eus\/","sameAs":[],"logo":{"@type":"ImageObject","@id":"https:\/\/ortzaize.eus\/#logo","inLanguage":"fr-FR","url":"https:\/\/ortzaize.eus\/wp-content\/uploads\/2021\/06\/logo-ortzaize-ttipi.png","contentUrl":"https:\/\/ortzaize.eus\/wp-content\/uploads\/2021\/06\/logo-ortzaize-ttipi.png","width":400,"height":199,"caption":"Oss\u00e8s - Mairie d'Oss\u00e8s"},"image":{"@id":"https:\/\/ortzaize.eus\/#logo"}},{"@type":"WebSite","@id":"https:\/\/ortzaize.eus\/#website","url":"https:\/\/ortzaize.eus\/","name":"Oss\u00e8s","description":"Mairie","publisher":{"@id":"https:\/\/ortzaize.eus\/#organization"},"potentialAction":[{"@type":"SearchAction","target":{"@type":"EntryPoint","urlTemplate":"https:\/\/ortzaize.eus\/?s={search_term_string}"},"query-input":"required name=search_term_string"}],"inLanguage":"fr-FR"},{"@type":"WebPage","@id":"https:\/\/ortzaize.eus\/fr\/les-associations\/#webpage","url":"https:\/\/ortzaize.eus\/fr\/les-associations\/","name":"Les associations - Oss\u00e8s","isPartOf":{"@id":"https:\/\/ortzaize.eus\/#website"},"datePublished":"2021-06-01T15:07:14+00:00","dateModified":"2025-12-19T09:33:45+00:00","breadcrumb":{"@id":"https:\/\/ortzaize.eus\/fr\/les-associations\/#breadcrumb"},"inLanguage":"fr-FR","potentialAction":[{"@type":"ReadAction","target":["https:\/\/ortzaize.eus\/fr\/les-associations\/"]}]},{"@type":"BreadcrumbList","@id":"https:\/\/ortzaize.eus\/fr\/les-associations\/#breadcrumb","itemListElement":[{"@type":"ListItem","position":1,"name":"Accueil","item":"https:\/\/ortzaize.eus\/"},{"@type":"ListItem","position":2,"name":"Les associations"}]}]}},"_links":{"self":[{"href":"https:\/\/ortzaize.eus\/fr\/wp-json\/wp\/v2\/pages\/6911"}],"collection":[{"href":"https:\/\/ortzaize.eus\/fr\/wp-json\/wp\/v2\/pages"}],"about":[{"href":"https:\/\/ortzaize.eus\/fr\/wp-json\/wp\/v2\/types\/page"}],"author":[{"embeddable":true,"href":"https:\/\/ortzaize.eus\/fr\/wp-json\/wp\/v2\/users\/1"}],"replies":[{"embeddable":true,"href":"https:\/\/ortzaize.eus\/fr\/wp-json\/wp\/v2\/comments?post=6911"}],"version-history":[{"count":112,"href":"https:\/\/ortzaize.eus\/fr\/wp-json\/wp\/v2\/pages\/6911\/revisions"}],"predecessor-version":[{"id":15302,"href":"https:\/\/ortzaize.eus\/fr\/wp-json\/wp\/v2\/pages\/6911\/revisions\/15302"}],"wp:attachment":[{"href":"https:\/\/ortzaize.eus\/fr\/wp-json\/wp\/v2\/media?parent=6911"}],"curies":[{"name":"wp","href":"https:\/\/api.w.org\/{rel}","templated":true}]}}