{"id":6870,"date":"2021-06-01T14:42:11","date_gmt":"2021-06-01T14:42:11","guid":{"rendered":"https:\/\/mairieosses21.bixoko.com\/?page_id=6870"},"modified":"2025-06-20T13:34:21","modified_gmt":"2025-06-20T13:34:21","slug":"location-de-salles","status":"publish","type":"page","link":"https:\/\/ortzaize.eus\/fr\/location-de-salles\/","title":{"rendered":"Location de salles"},"content":{"rendered":"\t\t<div data-elementor-type=\"wp-page\" data-elementor-id=\"6870\" class=\"elementor elementor-6870\" data-elementor-settings=\"[]\">\n\t\t\t\t\t\t\t<div class=\"elementor-section-wrap\">\n\t\t\t\t\t\t\t<section class=\"elementor-section elementor-top-section elementor-element elementor-element-c5bb3aa elementor-reverse-tablet elementor-reverse-mobile elementor-section-boxed elementor-section-height-default elementor-section-height-default\" data-id=\"c5bb3aa\" data-element_type=\"section\">\n\t\t\t\t\t\t<div class=\"elementor-container elementor-column-gap-wider\">\n\t\t\t\t\t<div class=\"elementor-column elementor-col-33 elementor-top-column elementor-element elementor-element-43e0ea8\" data-id=\"43e0ea8\" data-element_type=\"column\" data-settings=\"{&quot;background_background&quot;:&quot;classic&quot;,&quot;motion_fx_motion_fx_scrolling&quot;:&quot;yes&quot;,&quot;motion_fx_devices&quot;:[&quot;desktop&quot;,&quot;tablet&quot;,&quot;mobile&quot;]}\">\n\t\t\t<div class=\"elementor-widget-wrap elementor-element-populated\">\n\t\t\t\t\t\t\t\t<div class=\"elementor-element elementor-element-f59a9c0 elementor-widget elementor-widget-heading\" data-id=\"f59a9c0\" data-element_type=\"widget\" data-widget_type=\"heading.default\">\n\t\t\t\t<div class=\"elementor-widget-container\">\n\t\t\t<h2 class=\"elementor-heading-title elementor-size-default\">Vie pratique<\/h2>\t\t<\/div>\n\t\t\t\t<\/div>\n\t\t\t\t<div class=\"elementor-element elementor-element-5f7cfb6 elementor-widget-divider--view-line elementor-widget elementor-widget-divider\" data-id=\"5f7cfb6\" data-element_type=\"widget\" data-widget_type=\"divider.default\">\n\t\t\t\t<div class=\"elementor-widget-container\">\n\t\t\t\t\t<div class=\"elementor-divider\">\n\t\t\t<span class=\"elementor-divider-separator\">\n\t\t\t\t\t\t<\/span>\n\t\t<\/div>\n\t\t\t\t<\/div>\n\t\t\t\t<\/div>\n\t\t\t\t<div class=\"elementor-element elementor-element-176f52a elementor-widget elementor-widget-ova_menu_page\" data-id=\"176f52a\" data-element_type=\"widget\" data-widget_type=\"ova_menu_page.default\">\n\t\t\t\t<div class=\"elementor-widget-container\">\n\t\t\t\t\t<div class=\"ova_menu_page type3 \" data-position_active=\"\">\n\t\t\t<ul id=\"menu-rubrique-vie-pratique\" class=\"menu\"><li id=\"menu-item-6882\" class=\"menu-item menu-item-type-post_type menu-item-object-page menu-item-6882\"><a href=\"https:\/\/ortzaize.eus\/fr\/mes-demarches\/\">Mes d\u00e9marches<\/a><\/li>\n<li id=\"menu-item-6881\" class=\"menu-item menu-item-type-post_type menu-item-object-page menu-item-6881\"><a href=\"https:\/\/ortzaize.eus\/fr\/documents-officiels\/\">Documents officiels<\/a><\/li>\n<li id=\"menu-item-6880\" class=\"menu-item menu-item-type-post_type menu-item-object-page menu-item-6880\"><a href=\"https:\/\/ortzaize.eus\/fr\/les-services-communaux\/\">Les services communaux<\/a><\/li>\n<li id=\"menu-item-6879\" class=\"menu-item menu-item-type-post_type menu-item-object-page menu-item-6879\"><a href=\"https:\/\/ortzaize.eus\/fr\/activites-economiques\/\">Activit\u00e9s \u00e9conomiques<\/a><\/li>\n<li id=\"menu-item-6878\" class=\"menu-item menu-item-type-post_type menu-item-object-page menu-item-6878\"><a href=\"https:\/\/ortzaize.eus\/fr\/location-de-salles\/\">Location de salles<\/a><\/li>\n<\/ul>\t\t<\/div>\n\t\t\t\t<\/div>\n\t\t\t\t<\/div>\n\t\t\t\t<div class=\"elementor-element elementor-element-709df24 elementor-widget elementor-widget-heading\" data-id=\"709df24\" data-element_type=\"widget\" data-widget_type=\"heading.default\">\n\t\t\t\t<div class=\"elementor-widget-container\">\n\t\t\t<h3 class=\"elementor-heading-title elementor-size-default\">Les derni\u00e8res actualit\u00e9s<\/h3>\t\t<\/div>\n\t\t\t\t<\/div>\n\t\t\t\t<div class=\"elementor-element elementor-element-b3d5103 elementor-widget-divider--view-line elementor-widget elementor-widget-divider\" data-id=\"b3d5103\" data-element_type=\"widget\" data-widget_type=\"divider.default\">\n\t\t\t\t<div class=\"elementor-widget-container\">\n\t\t\t\t\t<div class=\"elementor-divider\">\n\t\t\t<span class=\"elementor-divider-separator\">\n\t\t\t\t\t\t<\/span>\n\t\t<\/div>\n\t\t\t\t<\/div>\n\t\t\t\t<\/div>\n\t\t\t\t<div class=\"elementor-element elementor-element-4a040ac elementor-grid-1 elementor-posts--thumbnail-none elementor-grid-tablet-2 elementor-grid-mobile-1 elementor-widget elementor-widget-posts\" data-id=\"4a040ac\" data-element_type=\"widget\" data-settings=\"{&quot;classic_columns&quot;:&quot;1&quot;,&quot;classic_row_gap&quot;:{&quot;unit&quot;:&quot;px&quot;,&quot;size&quot;:11,&quot;sizes&quot;:[]},&quot;classic_columns_tablet&quot;:&quot;2&quot;,&quot;classic_columns_mobile&quot;:&quot;1&quot;}\" data-widget_type=\"posts.classic\">\n\t\t\t\t<div class=\"elementor-widget-container\">\n\t\t\t\t\t<div class=\"elementor-posts-container elementor-posts elementor-posts--skin-classic elementor-grid\">\n\t\t\t\t<article class=\"elementor-post elementor-grid-item post-15521 post type-post status-publish format-standard has-post-thumbnail hentry category-actualites\">\n\t\t\t\t<div class=\"elementor-post__text\">\n\t\t\t\t<h3 class=\"elementor-post__title\">\n\t\t\t<a href=\"https:\/\/ortzaize.eus\/fr\/expo-photo-guillaume-fauveau\/\" >\n\t\t\t\tExpo Photo &#8211; Guillaume FAUVEAU\t\t\t<\/a>\n\t\t<\/h3>\n\t\t\t\t<div class=\"elementor-post__meta-data\">\n\t\t\t\t\t<span class=\"elementor-post-date\">\n\t\t\t5 mars 2026\t\t<\/span>\n\t\t\t\t<\/div>\n\t\t\t\t<\/div>\n\t\t\t\t<\/article>\n\t\t\t\t<article class=\"elementor-post elementor-grid-item post-15508 post type-post status-publish format-standard has-post-thumbnail hentry category-non-classifiee\">\n\t\t\t\t<div class=\"elementor-post__text\">\n\t\t\t\t<h3 class=\"elementor-post__title\">\n\t\t\t<a href=\"https:\/\/ortzaize.eus\/fr\/ateliers-mendi-jakitateak\/\" >\n\t\t\t\tATELIERS MENDI JAKITATEAK\t\t\t<\/a>\n\t\t<\/h3>\n\t\t\t\t<div class=\"elementor-post__meta-data\">\n\t\t\t\t\t<span class=\"elementor-post-date\">\n\t\t\t5 mars 2026\t\t<\/span>\n\t\t\t\t<\/div>\n\t\t\t\t<\/div>\n\t\t\t\t<\/article>\n\t\t\t\t<article class=\"elementor-post elementor-grid-item post-15506 post type-post status-publish format-standard has-post-thumbnail hentry category-actualites\">\n\t\t\t\t<div class=\"elementor-post__text\">\n\t\t\t\t<h3 class=\"elementor-post__title\">\n\t\t\t<a href=\"https:\/\/ortzaize.eus\/fr\/operation-nive-zero-dechet\/\" >\n\t\t\t\tOp\u00e9ration Nive ZERO DECHET\t\t\t<\/a>\n\t\t<\/h3>\n\t\t\t\t<div class=\"elementor-post__meta-data\">\n\t\t\t\t\t<span class=\"elementor-post-date\">\n\t\t\t5 mars 2026\t\t<\/span>\n\t\t\t\t<\/div>\n\t\t\t\t<\/div>\n\t\t\t\t<\/article>\n\t\t\t\t<\/div>\n\t\t\t\t<\/div>\n\t\t\t\t<\/div>\n\t\t\t\t\t<\/div>\n\t\t<\/div>\n\t\t\t\t<div class=\"elementor-column elementor-col-66 elementor-top-column elementor-element elementor-element-2c75eb5\" data-id=\"2c75eb5\" data-element_type=\"column\">\n\t\t\t<div class=\"elementor-widget-wrap elementor-element-populated\">\n\t\t\t\t\t\t\t\t<div class=\"elementor-element elementor-element-1c8ddee3 elementor-widget elementor-widget-heading\" data-id=\"1c8ddee3\" data-element_type=\"widget\" data-widget_type=\"heading.default\">\n\t\t\t\t<div class=\"elementor-widget-container\">\n\t\t\t<h3 class=\"elementor-heading-title elementor-size-default\">LOCATION DE SALLES<\/h3>\t\t<\/div>\n\t\t\t\t<\/div>\n\t\t\t\t<div class=\"elementor-element elementor-element-475b30e9 according-egov elementor-widget elementor-widget-accordion\" data-id=\"475b30e9\" data-element_type=\"widget\" data-widget_type=\"accordion.default\">\n\t\t\t\t<div class=\"elementor-widget-container\">\n\t\t\t\t\t<div class=\"elementor-accordion\" role=\"tablist\">\n\t\t\t\t\t\t\t<div class=\"elementor-accordion-item\">\n\t\t\t\t\t<div id=\"elementor-tab-title-1191\" class=\"elementor-tab-title\" data-tab=\"1\" role=\"tab\" aria-controls=\"elementor-tab-content-1191\" aria-expanded=\"false\">\n\t\t\t\t\t\t\t\t\t\t\t\t\t<span class=\"elementor-accordion-icon elementor-accordion-icon-right\" aria-hidden=\"true\">\n\t\t\t\t\t\t\t\t\t\t\t\t\t\t\t<span class=\"elementor-accordion-icon-closed\"><i class=\"fas fa-chevron-down\"><\/i><\/span>\n\t\t\t\t\t\t\t\t<span class=\"elementor-accordion-icon-opened\"><i class=\"fas fa-chevron-up\"><\/i><\/span>\n\t\t\t\t\t\t\t\t\t\t\t\t\t\t<\/span>\n\t\t\t\t\t\t\t\t\t\t\t\t<a class=\"elementor-accordion-title\" href=\"\">Mur \u00e0 gauche<\/a>\n\t\t\t\t\t<\/div>\n\t\t\t\t\t<div id=\"elementor-tab-content-1191\" class=\"elementor-tab-content elementor-clearfix\" data-tab=\"1\" role=\"tabpanel\" aria-labelledby=\"elementor-tab-title-1191\"><p>Le mur \u00e0 gauche est ouvert \u00e0 tous.<\/p><p><br \/>Il n\u2019y a pas \u00e0 l\u2019heure actuelle de proc\u00e9dure de r\u00e9servation aussi chacun peut l\u2019utiliser lorsqu\u2019il le souhaite.<\/p><p><br \/>Pr\u00e9vu pour la pratique de la pelote, il est cependant r\u00e9serv\u00e9 par des clubs pour des entra\u00eenements de pelote ou de hand ball; les cr\u00e9neaux concern\u00e9s sont affich\u00e9s sur place et ces utilisateurs sont donc prioritaires. Il s\u2019agit de la Zaharrer segi et de Nafarroa hand ball, tous deux de Baigorri.<\/p><\/div>\n\t\t\t\t<\/div>\n\t\t\t\t\t\t\t<div class=\"elementor-accordion-item\">\n\t\t\t\t\t<div id=\"elementor-tab-title-1192\" class=\"elementor-tab-title\" data-tab=\"2\" role=\"tab\" aria-controls=\"elementor-tab-content-1192\" aria-expanded=\"false\">\n\t\t\t\t\t\t\t\t\t\t\t\t\t<span class=\"elementor-accordion-icon elementor-accordion-icon-right\" aria-hidden=\"true\">\n\t\t\t\t\t\t\t\t\t\t\t\t\t\t\t<span class=\"elementor-accordion-icon-closed\"><i class=\"fas fa-chevron-down\"><\/i><\/span>\n\t\t\t\t\t\t\t\t<span class=\"elementor-accordion-icon-opened\"><i class=\"fas fa-chevron-up\"><\/i><\/span>\n\t\t\t\t\t\t\t\t\t\t\t\t\t\t<\/span>\n\t\t\t\t\t\t\t\t\t\t\t\t<a class=\"elementor-accordion-title\" href=\"\">Salle pour tous<\/a>\n\t\t\t\t\t<\/div>\n\t\t\t\t\t<div id=\"elementor-tab-content-1192\" class=\"elementor-tab-content elementor-clearfix\" data-tab=\"2\" role=\"tabpanel\" aria-labelledby=\"elementor-tab-title-1192\"><p>La Salle pour tous est un lieu am\u00e9nag\u00e9 pour recevoir du public avec un coin cuisine et une grande salle pouvant accueillir une soixantaine de personnes. Elle est r\u00e9guli\u00e8rement occup\u00e9e par les habitants du village pour diff\u00e9rentes activit\u00e9s ou des r\u00e9unions mais aussi pour des repas ou ap\u00e9ritifs.<\/p><p>\u00a0<\/p><p>Il est n\u00e9cessaire de la r\u00e9server.<\/p><p>\u00a0<\/p><p>\u00a0<\/p><p>Si l\u2019utilisation de la Salle pour tous est gratuite pour les activit\u00e9s ou r\u00e9unions, elle est payante en d\u2019autres occasions :<\/p><p>\u00a0<\/p><ul><li style=\"list-style-type: none;\"><ul><li style=\"font-weight: 800;\" aria-level=\"1\">Associations locales<ul><li style=\"font-weight: 600;\" aria-level=\"1\">R\u00e9unions, ap\u00e9ritifs, vins d\u2019honneur, collations ou go\u00fbters : GRATUIT<\/li><li style=\"font-weight: 600;\" aria-level=\"1\">Repas : 40\u20ac<\/li><\/ul><\/li><\/ul><\/li><\/ul><ul><li style=\"list-style-type: none;\"><ul><li style=\"font-weight: 800;\" aria-level=\"1\"><strong>Associations ext\u00e9rieures \u00e0 la commune :<\/strong><ul><li style=\"font-weight: 600;\" aria-level=\"1\">R\u00e9unions, vins d\u2019honneur : 50\u20ac<\/li><li style=\"font-weight: 600;\" aria-level=\"1\">Pas de possibilit\u00e9 de location pour organiser des repas<\/li><\/ul><\/li><\/ul><\/li><\/ul><ul><li style=\"list-style-type: none;\"><ul><li style=\"font-weight: 600;\" aria-level=\"1\"><strong>Particuliers locaux :<\/strong><ul><li style=\"font-weight: 600;\" aria-level=\"1\">Ap\u00e9ritifs, vins d\u2019honneur, go\u00fbter : 40\u20ac<\/li><li style=\"font-weight: 600;\" aria-level=\"1\">Repas : 50\u20ac<\/li><\/ul><\/li><\/ul><\/li><\/ul><ul><li style=\"list-style-type: none;\"><ul><li style=\"font-weight: 800;\" aria-level=\"1\">Particuliers ext\u00e9rieurs \u00e0 la commune :<ul><li style=\"font-weight: 600;\" aria-level=\"1\">Ap\u00e9ritifs, vins d\u2019honneur, go\u00fbters : 50\u20ac<\/li><li style=\"font-weight: 600;\" aria-level=\"1\">Repas : 150\u20ac<\/li><\/ul><\/li><\/ul><\/li><\/ul><p>\u00a0<\/p><p>Un inventaire et un \u00e9tat des lieux sont \u00e9tablis \u00e0 chaque utilisation.<\/p><p>La salle ne peut \u00eatre utilis\u00e9e pour les r\u00e9veillons, sauf par les associations d\u2018Oss\u00e8s et par ses habitants.<\/p><\/div>\n\t\t\t\t<\/div>\n\t\t\t\t\t\t\t\t<\/div>\n\t\t\t\t<\/div>\n\t\t\t\t<\/div>\n\t\t\t\t<div class=\"elementor-element elementor-element-e4f3bd2 elementor-widget elementor-widget-html\" data-id=\"e4f3bd2\" data-element_type=\"widget\" data-widget_type=\"html.default\">\n\t\t\t\t<div class=\"elementor-widget-container\">\n\t\t\t<script> \njQuery(document).ready(function($) { \nvar delay = 100; setTimeout(function() { \n$('.elementor-tab-title').removeClass('elementor-active');\n $('.elementor-tab-content').css('display', 'none'); }, delay); \n}); \n<\/script>\t\t<\/div>\n\t\t\t\t<\/div>\n\t\t\t\t\t<\/div>\n\t\t<\/div>\n\t\t\t\t\t\t\t<\/div>\n\t\t<\/section>\n\t\t\t\t\t\t<\/div>\n\t\t\t\t\t<\/div>\n\t\t","protected":false},"excerpt":{"rendered":"<p>Vie pratique Mes d\u00e9marches Documents officiels Les services communaux Activit\u00e9s \u00e9conomiques Location de salles Les derni\u00e8res actualit\u00e9s LOCATION DE SALLES Mur \u00e0 gauche Le mur<\/p>\n","protected":false},"author":1,"featured_media":0,"parent":0,"menu_order":0,"comment_status":"closed","ping_status":"closed","template":"","meta":{"_monsterinsights_skip_tracking":false,"_monsterinsights_sitenote_active":false,"_monsterinsights_sitenote_note":"","_monsterinsights_sitenote_category":0},"yoast_head":"<!-- This site is optimized with the Yoast SEO plugin v16.8 - https:\/\/yoast.com\/wordpress\/plugins\/seo\/ -->\n<title>Location de salles - Oss\u00e8s<\/title>\n<meta name=\"robots\" content=\"index, follow, max-snippet:-1, max-image-preview:large, max-video-preview:-1\" \/>\n<link rel=\"canonical\" href=\"https:\/\/ortzaize.eus\/fr\/location-de-salles\/\" \/>\n<meta property=\"og:locale\" content=\"fr_FR\" \/>\n<meta property=\"og:type\" content=\"article\" \/>\n<meta property=\"og:title\" content=\"Location de salles - Oss\u00e8s\" \/>\n<meta property=\"og:description\" content=\"Vie pratique Mes d\u00e9marches Documents officiels Les services communaux Activit\u00e9s \u00e9conomiques Location de salles Les derni\u00e8res actualit\u00e9s LOCATION DE SALLES Mur \u00e0 gauche Le mur\" \/>\n<meta property=\"og:url\" content=\"https:\/\/ortzaize.eus\/fr\/location-de-salles\/\" \/>\n<meta property=\"og:site_name\" content=\"Oss\u00e8s\" \/>\n<meta property=\"article:modified_time\" content=\"2025-06-20T13:34:21+00:00\" \/>\n<meta name=\"twitter:card\" content=\"summary_large_image\" \/>\n<meta name=\"twitter:label1\" content=\"Dur\u00e9e de lecture est.\" \/>\n\t<meta name=\"twitter:data1\" content=\"2 minutes\" \/>\n<script type=\"application\/ld+json\" class=\"yoast-schema-graph\">{\"@context\":\"https:\/\/schema.org\",\"@graph\":[{\"@type\":\"Organization\",\"@id\":\"https:\/\/ortzaize.eus\/#organization\",\"name\":\"Oss\\u00e8s - Mairie d'Oss\\u00e8s\",\"url\":\"https:\/\/ortzaize.eus\/\",\"sameAs\":[],\"logo\":{\"@type\":\"ImageObject\",\"@id\":\"https:\/\/ortzaize.eus\/#logo\",\"inLanguage\":\"fr-FR\",\"url\":\"https:\/\/ortzaize.eus\/wp-content\/uploads\/2021\/06\/logo-ortzaize-ttipi.png\",\"contentUrl\":\"https:\/\/ortzaize.eus\/wp-content\/uploads\/2021\/06\/logo-ortzaize-ttipi.png\",\"width\":400,\"height\":199,\"caption\":\"Oss\\u00e8s - Mairie d'Oss\\u00e8s\"},\"image\":{\"@id\":\"https:\/\/ortzaize.eus\/#logo\"}},{\"@type\":\"WebSite\",\"@id\":\"https:\/\/ortzaize.eus\/#website\",\"url\":\"https:\/\/ortzaize.eus\/\",\"name\":\"Oss\\u00e8s\",\"description\":\"Mairie\",\"publisher\":{\"@id\":\"https:\/\/ortzaize.eus\/#organization\"},\"potentialAction\":[{\"@type\":\"SearchAction\",\"target\":{\"@type\":\"EntryPoint\",\"urlTemplate\":\"https:\/\/ortzaize.eus\/?s={search_term_string}\"},\"query-input\":\"required name=search_term_string\"}],\"inLanguage\":\"fr-FR\"},{\"@type\":\"WebPage\",\"@id\":\"https:\/\/ortzaize.eus\/fr\/location-de-salles\/#webpage\",\"url\":\"https:\/\/ortzaize.eus\/fr\/location-de-salles\/\",\"name\":\"Location de salles - Oss\\u00e8s\",\"isPartOf\":{\"@id\":\"https:\/\/ortzaize.eus\/#website\"},\"datePublished\":\"2021-06-01T14:42:11+00:00\",\"dateModified\":\"2025-06-20T13:34:21+00:00\",\"breadcrumb\":{\"@id\":\"https:\/\/ortzaize.eus\/fr\/location-de-salles\/#breadcrumb\"},\"inLanguage\":\"fr-FR\",\"potentialAction\":[{\"@type\":\"ReadAction\",\"target\":[\"https:\/\/ortzaize.eus\/fr\/location-de-salles\/\"]}]},{\"@type\":\"BreadcrumbList\",\"@id\":\"https:\/\/ortzaize.eus\/fr\/location-de-salles\/#breadcrumb\",\"itemListElement\":[{\"@type\":\"ListItem\",\"position\":1,\"name\":\"Accueil\",\"item\":\"https:\/\/ortzaize.eus\/\"},{\"@type\":\"ListItem\",\"position\":2,\"name\":\"Location de salles\"}]}]}<\/script>\n<!-- \/ Yoast SEO plugin. -->","yoast_head_json":{"title":"Location de salles - Oss\u00e8s","robots":{"index":"index","follow":"follow","max-snippet":"max-snippet:-1","max-image-preview":"max-image-preview:large","max-video-preview":"max-video-preview:-1"},"canonical":"https:\/\/ortzaize.eus\/fr\/location-de-salles\/","og_locale":"fr_FR","og_type":"article","og_title":"Location de salles - Oss\u00e8s","og_description":"Vie pratique Mes d\u00e9marches Documents officiels Les services communaux Activit\u00e9s \u00e9conomiques Location de salles Les derni\u00e8res actualit\u00e9s LOCATION DE SALLES Mur \u00e0 gauche Le mur","og_url":"https:\/\/ortzaize.eus\/fr\/location-de-salles\/","og_site_name":"Oss\u00e8s","article_modified_time":"2025-06-20T13:34:21+00:00","twitter_card":"summary_large_image","twitter_misc":{"Dur\u00e9e de lecture est.":"2 minutes"},"schema":{"@context":"https:\/\/schema.org","@graph":[{"@type":"Organization","@id":"https:\/\/ortzaize.eus\/#organization","name":"Oss\u00e8s - Mairie d'Oss\u00e8s","url":"https:\/\/ortzaize.eus\/","sameAs":[],"logo":{"@type":"ImageObject","@id":"https:\/\/ortzaize.eus\/#logo","inLanguage":"fr-FR","url":"https:\/\/ortzaize.eus\/wp-content\/uploads\/2021\/06\/logo-ortzaize-ttipi.png","contentUrl":"https:\/\/ortzaize.eus\/wp-content\/uploads\/2021\/06\/logo-ortzaize-ttipi.png","width":400,"height":199,"caption":"Oss\u00e8s - Mairie d'Oss\u00e8s"},"image":{"@id":"https:\/\/ortzaize.eus\/#logo"}},{"@type":"WebSite","@id":"https:\/\/ortzaize.eus\/#website","url":"https:\/\/ortzaize.eus\/","name":"Oss\u00e8s","description":"Mairie","publisher":{"@id":"https:\/\/ortzaize.eus\/#organization"},"potentialAction":[{"@type":"SearchAction","target":{"@type":"EntryPoint","urlTemplate":"https:\/\/ortzaize.eus\/?s={search_term_string}"},"query-input":"required name=search_term_string"}],"inLanguage":"fr-FR"},{"@type":"WebPage","@id":"https:\/\/ortzaize.eus\/fr\/location-de-salles\/#webpage","url":"https:\/\/ortzaize.eus\/fr\/location-de-salles\/","name":"Location de salles - Oss\u00e8s","isPartOf":{"@id":"https:\/\/ortzaize.eus\/#website"},"datePublished":"2021-06-01T14:42:11+00:00","dateModified":"2025-06-20T13:34:21+00:00","breadcrumb":{"@id":"https:\/\/ortzaize.eus\/fr\/location-de-salles\/#breadcrumb"},"inLanguage":"fr-FR","potentialAction":[{"@type":"ReadAction","target":["https:\/\/ortzaize.eus\/fr\/location-de-salles\/"]}]},{"@type":"BreadcrumbList","@id":"https:\/\/ortzaize.eus\/fr\/location-de-salles\/#breadcrumb","itemListElement":[{"@type":"ListItem","position":1,"name":"Accueil","item":"https:\/\/ortzaize.eus\/"},{"@type":"ListItem","position":2,"name":"Location de salles"}]}]}},"_links":{"self":[{"href":"https:\/\/ortzaize.eus\/fr\/wp-json\/wp\/v2\/pages\/6870"}],"collection":[{"href":"https:\/\/ortzaize.eus\/fr\/wp-json\/wp\/v2\/pages"}],"about":[{"href":"https:\/\/ortzaize.eus\/fr\/wp-json\/wp\/v2\/types\/page"}],"author":[{"embeddable":true,"href":"https:\/\/ortzaize.eus\/fr\/wp-json\/wp\/v2\/users\/1"}],"replies":[{"embeddable":true,"href":"https:\/\/ortzaize.eus\/fr\/wp-json\/wp\/v2\/comments?post=6870"}],"version-history":[{"count":16,"href":"https:\/\/ortzaize.eus\/fr\/wp-json\/wp\/v2\/pages\/6870\/revisions"}],"predecessor-version":[{"id":13923,"href":"https:\/\/ortzaize.eus\/fr\/wp-json\/wp\/v2\/pages\/6870\/revisions\/13923"}],"wp:attachment":[{"href":"https:\/\/ortzaize.eus\/fr\/wp-json\/wp\/v2\/media?parent=6870"}],"curies":[{"name":"wp","href":"https:\/\/api.w.org\/{rel}","templated":true}]}}