{"id":6826,"date":"2021-06-01T14:07:06","date_gmt":"2021-06-01T14:07:06","guid":{"rendered":"https:\/\/mairieosses21.bixoko.com\/?page_id=6826"},"modified":"2025-06-20T07:23:53","modified_gmt":"2025-06-20T07:23:53","slug":"vie-pratique","status":"publish","type":"page","link":"https:\/\/ortzaize.eus\/fr\/vie-pratique\/","title":{"rendered":"Vie pratique"},"content":{"rendered":"\t\t<div data-elementor-type=\"wp-page\" data-elementor-id=\"6826\" class=\"elementor elementor-6826\" data-elementor-settings=\"[]\">\n\t\t\t\t\t\t\t<div class=\"elementor-section-wrap\">\n\t\t\t\t\t\t\t<section class=\"elementor-section elementor-top-section elementor-element elementor-element-3e771da elementor-section-boxed elementor-section-height-default elementor-section-height-default\" data-id=\"3e771da\" data-element_type=\"section\">\n\t\t\t\t\t\t<div class=\"elementor-container elementor-column-gap-default\">\n\t\t\t\t\t<div class=\"elementor-column elementor-col-100 elementor-top-column elementor-element elementor-element-e9517f9\" data-id=\"e9517f9\" data-element_type=\"column\">\n\t\t\t<div class=\"elementor-widget-wrap elementor-element-populated\">\n\t\t\t\t\t\t\t\t<div class=\"elementor-element elementor-element-00b452f elementor-widget elementor-widget-ova_heading\" data-id=\"00b452f\" data-element_type=\"widget\" data-widget_type=\"ova_heading.default\">\n\t\t\t\t<div class=\"elementor-widget-container\">\n\t\t\t\t\t<div class=\"ova-heading\">\n\t\t\t\n\t\t\t\t\t\t\t<h2 class=\"title second_font\">VIE PRATIQUE<\/h2>\n\t\t\t\n\t\t\t\t\t\t\t<p class=\"sub-title \">Toutes les informations concernant vos d\u00e9marches, les documents officiels, les services communaux et autres.<\/p>\n\t\t\t\n\t\t<\/div>\n\t\t\t\t<\/div>\n\t\t\t\t<\/div>\n\t\t\t\t\t<\/div>\n\t\t<\/div>\n\t\t\t\t\t\t\t<\/div>\n\t\t<\/section>\n\t\t\t\t<section class=\"elementor-section elementor-top-section elementor-element elementor-element-a2980a8 elementor-section-boxed elementor-section-height-default elementor-section-height-default\" data-id=\"a2980a8\" data-element_type=\"section\">\n\t\t\t\t\t\t<div class=\"elementor-container elementor-column-gap-default\">\n\t\t\t\t\t<div class=\"elementor-column elementor-col-100 elementor-top-column elementor-element elementor-element-643617b\" data-id=\"643617b\" data-element_type=\"column\">\n\t\t\t<div class=\"elementor-widget-wrap elementor-element-populated\">\n\t\t\t\t\t\t\t\t<section class=\"elementor-section elementor-inner-section elementor-element elementor-element-f210e9c elementor-section-boxed elementor-section-height-default elementor-section-height-default\" data-id=\"f210e9c\" data-element_type=\"section\">\n\t\t\t\t\t\t<div class=\"elementor-container elementor-column-gap-default\">\n\t\t\t\t\t<div class=\"elementor-column elementor-col-33 elementor-inner-column elementor-element elementor-element-6a5ef9d\" data-id=\"6a5ef9d\" data-element_type=\"column\">\n\t\t\t<div class=\"elementor-widget-wrap elementor-element-populated\">\n\t\t\t\t\t\t\t\t<div class=\"elementor-element elementor-element-f1a221a elementor-view-stacked elementor-shape-circle elementor-position-top elementor-vertical-align-top elementor-widget elementor-widget-icon-box\" data-id=\"f1a221a\" data-element_type=\"widget\" aria-hidden=\"true\" role=\"presentation\" data-widget_type=\"icon-box.default\">\n\t\t\t\t<div class=\"elementor-widget-container\">\n\t\t\t\t\t<div class=\"elementor-icon-box-wrapper\">\n\t\t\t\t\t\t<div class=\"elementor-icon-box-icon\">\n\t\t\t\t<a class=\"elementor-icon elementor-animation-\" href=\"https:\/\/ortzaize.eus\/fr\/mes-demarches\/\" aria-label=\"En savoir plus sur les d\u00e9marches administratives\">\n\t\t\t\t<i aria-hidden=\"true\" class=\"far fa-compass\"><\/i>\t\t\t\t<\/a>\n\t\t\t<\/div>\n\t\t\t\t\t\t<div class=\"elementor-icon-box-content\">\n\t\t\t\t<h3 class=\"elementor-icon-box-title\">\n\t\t\t\t\t<a href=\"https:\/\/ortzaize.eus\/fr\/mes-demarches\/\" aria-label=\"En savoir plus sur les d\u00e9marches administratives\">MES D\u00c9MARCHES<\/a>\n\t\t\t\t<\/h3>\n\t\t\t\t\t\t\t\t<p class=\"elementor-icon-box-description\">\u00c9tat civil, carte d'identit\u00e9, passeport, changement d'adresse, mariage, etc...<\/p>\n\t\t\t\t\t\t\t<\/div>\n\t\t<\/div>\n\t\t\t\t<\/div>\n\t\t\t\t<\/div>\n\t\t\t\t<div class=\"elementor-element elementor-element-1f9720a elementor-align-center elementor-widget elementor-widget-button\" data-id=\"1f9720a\" data-element_type=\"widget\" data-widget_type=\"button.default\">\n\t\t\t\t<div class=\"elementor-widget-container\">\n\t\t\t\t\t<div class=\"elementor-button-wrapper\">\n\t\t\t<a href=\"https:\/\/ortzaize.eus\/fr\/mes-demarches\/\" aria-label=\"En savoir plus sur les d\u00e9marches administratives\" class=\"elementor-button-link elementor-button elementor-size-sm\" role=\"button\">\n\t\t\t\t\t\t<span class=\"elementor-button-content-wrapper\">\n\t\t\t\t\t\t<span class=\"elementor-button-text\">En savoir +<\/span>\n\t\t<\/span>\n\t\t\t\t\t<\/a>\n\t\t<\/div>\n\t\t\t\t<\/div>\n\t\t\t\t<\/div>\n\t\t\t\t\t<\/div>\n\t\t<\/div>\n\t\t\t\t<div class=\"elementor-column elementor-col-33 elementor-inner-column elementor-element elementor-element-c74f6c1\" data-id=\"c74f6c1\" data-element_type=\"column\">\n\t\t\t<div class=\"elementor-widget-wrap elementor-element-populated\">\n\t\t\t\t\t\t\t\t<div class=\"elementor-element elementor-element-fc77f96 elementor-view-stacked elementor-shape-circle elementor-position-top elementor-vertical-align-top elementor-widget elementor-widget-icon-box\" data-id=\"fc77f96\" data-element_type=\"widget\" aria-hidden=\"true\" role=\"presentation\" data-widget_type=\"icon-box.default\">\n\t\t\t\t<div class=\"elementor-widget-container\">\n\t\t\t\t\t<div class=\"elementor-icon-box-wrapper\">\n\t\t\t\t\t\t<div class=\"elementor-icon-box-icon\">\n\t\t\t\t<a class=\"elementor-icon elementor-animation-\" href=\"https:\/\/ortzaize.eus\/fr\/documents-officiels\/\" aria-label=\"En savoir plus sur les documents officiels\">\n\t\t\t\t<i aria-hidden=\"true\" class=\"fas fa-pen-nib\"><\/i>\t\t\t\t<\/a>\n\t\t\t<\/div>\n\t\t\t\t\t\t<div class=\"elementor-icon-box-content\">\n\t\t\t\t<h3 class=\"elementor-icon-box-title\">\n\t\t\t\t\t<a href=\"https:\/\/ortzaize.eus\/fr\/documents-officiels\/\" aria-label=\"En savoir plus sur les documents officiels\">DOCUMENTS OFFICIELS<\/a>\n\t\t\t\t<\/h3>\n\t\t\t\t\t\t\t\t<p class=\"elementor-icon-box-description\">Pour visualiser la carte communale et le cadastre<\/p>\n\t\t\t\t\t\t\t<\/div>\n\t\t<\/div>\n\t\t\t\t<\/div>\n\t\t\t\t<\/div>\n\t\t\t\t<div class=\"elementor-element elementor-element-e3da169 elementor-align-center elementor-widget elementor-widget-button\" data-id=\"e3da169\" data-element_type=\"widget\" data-widget_type=\"button.default\">\n\t\t\t\t<div class=\"elementor-widget-container\">\n\t\t\t\t\t<div class=\"elementor-button-wrapper\">\n\t\t\t<a href=\"https:\/\/ortzaize.eus\/fr\/documents-officiels\/\" aria-label=\"En savoir plus sur les documents officiels\" class=\"elementor-button-link elementor-button elementor-size-sm\" role=\"button\">\n\t\t\t\t\t\t<span class=\"elementor-button-content-wrapper\">\n\t\t\t\t\t\t<span class=\"elementor-button-text\">En savoir +<\/span>\n\t\t<\/span>\n\t\t\t\t\t<\/a>\n\t\t<\/div>\n\t\t\t\t<\/div>\n\t\t\t\t<\/div>\n\t\t\t\t\t<\/div>\n\t\t<\/div>\n\t\t\t\t<div class=\"elementor-column elementor-col-33 elementor-inner-column elementor-element elementor-element-193b597\" data-id=\"193b597\" data-element_type=\"column\">\n\t\t\t<div class=\"elementor-widget-wrap elementor-element-populated\">\n\t\t\t\t\t\t\t\t<div class=\"elementor-element elementor-element-4313e60 elementor-view-stacked elementor-shape-circle elementor-position-top elementor-vertical-align-top elementor-widget elementor-widget-icon-box\" data-id=\"4313e60\" data-element_type=\"widget\" aria-hidden=\"true\" role=\"presentation\" data-widget_type=\"icon-box.default\">\n\t\t\t\t<div class=\"elementor-widget-container\">\n\t\t\t\t\t<div class=\"elementor-icon-box-wrapper\">\n\t\t\t\t\t\t<div class=\"elementor-icon-box-icon\">\n\t\t\t\t<a class=\"elementor-icon elementor-animation-\" href=\"https:\/\/ortzaize.eus\/fr\/les-services-communaux\/\" aria-label=\"En savoir plus sur les services communaux\">\n\t\t\t\t<i aria-hidden=\"true\" class=\"fas fa-bus-alt\"><\/i>\t\t\t\t<\/a>\n\t\t\t<\/div>\n\t\t\t\t\t\t<div class=\"elementor-icon-box-content\">\n\t\t\t\t<h3 class=\"elementor-icon-box-title\">\n\t\t\t\t\t<a href=\"https:\/\/ortzaize.eus\/fr\/les-services-communaux\/\" aria-label=\"En savoir plus sur les services communaux\">SERVICES COMMUNAUX<\/a>\n\t\t\t\t<\/h3>\n\t\t\t\t\t\t\t\t<p class=\"elementor-icon-box-description\">L'agence postale communale, la biblioth\u00e8que, Txik txak, le train, etc...<\/p>\n\t\t\t\t\t\t\t<\/div>\n\t\t<\/div>\n\t\t\t\t<\/div>\n\t\t\t\t<\/div>\n\t\t\t\t<div class=\"elementor-element elementor-element-9409259 elementor-align-center elementor-widget elementor-widget-button\" data-id=\"9409259\" data-element_type=\"widget\" data-widget_type=\"button.default\">\n\t\t\t\t<div class=\"elementor-widget-container\">\n\t\t\t\t\t<div class=\"elementor-button-wrapper\">\n\t\t\t<a href=\"https:\/\/ortzaize.eus\/fr\/les-services-communaux\/\" aria-label=\"En savoir plus sur les services communaux\" class=\"elementor-button-link elementor-button elementor-size-sm\" role=\"button\">\n\t\t\t\t\t\t<span class=\"elementor-button-content-wrapper\">\n\t\t\t\t\t\t<span class=\"elementor-button-text\">En savoir +<\/span>\n\t\t<\/span>\n\t\t\t\t\t<\/a>\n\t\t<\/div>\n\t\t\t\t<\/div>\n\t\t\t\t<\/div>\n\t\t\t\t\t<\/div>\n\t\t<\/div>\n\t\t\t\t\t\t\t<\/div>\n\t\t<\/section>\n\t\t\t\t<section class=\"elementor-section elementor-inner-section elementor-element elementor-element-851702b elementor-section-boxed elementor-section-height-default elementor-section-height-default\" data-id=\"851702b\" data-element_type=\"section\">\n\t\t\t\t\t\t<div class=\"elementor-container elementor-column-gap-default\">\n\t\t\t\t\t<div class=\"elementor-column elementor-col-33 elementor-inner-column elementor-element elementor-element-de94b7b\" data-id=\"de94b7b\" data-element_type=\"column\">\n\t\t\t<div class=\"elementor-widget-wrap elementor-element-populated\">\n\t\t\t\t\t\t\t\t<div class=\"elementor-element elementor-element-66e6d87 elementor-view-stacked elementor-shape-circle elementor-position-top elementor-vertical-align-top elementor-widget elementor-widget-icon-box\" data-id=\"66e6d87\" data-element_type=\"widget\" aria-hidden=\"true\" role=\"presentation\" data-widget_type=\"icon-box.default\">\n\t\t\t\t<div class=\"elementor-widget-container\">\n\t\t\t\t\t<div class=\"elementor-icon-box-wrapper\">\n\t\t\t\t\t\t<div class=\"elementor-icon-box-icon\">\n\t\t\t\t<a class=\"elementor-icon elementor-animation-\" href=\"https:\/\/ortzaize.eus\/fr\/activites-economiques\/\" aria-label=\"En savoir plus sur les activit\u00e9s \u00e9conomiques\">\n\t\t\t\t<i aria-hidden=\"true\" class=\"fas fa-coins\"><\/i>\t\t\t\t<\/a>\n\t\t\t<\/div>\n\t\t\t\t\t\t<div class=\"elementor-icon-box-content\">\n\t\t\t\t<h3 class=\"elementor-icon-box-title\">\n\t\t\t\t\t<a href=\"https:\/\/ortzaize.eus\/fr\/activites-economiques\/\" aria-label=\"En savoir plus sur les activit\u00e9s \u00e9conomiques\">ACTIVIT\u00c9S \u00c9CONOMIQUES<\/a>\n\t\t\t\t<\/h3>\n\t\t\t\t\t\t\t\t<p class=\"elementor-icon-box-description\">La liste des artisans, des commerces et des services de la commune<\/p>\n\t\t\t\t\t\t\t<\/div>\n\t\t<\/div>\n\t\t\t\t<\/div>\n\t\t\t\t<\/div>\n\t\t\t\t<div class=\"elementor-element elementor-element-9092c65 elementor-align-center elementor-widget elementor-widget-button\" data-id=\"9092c65\" data-element_type=\"widget\" data-widget_type=\"button.default\">\n\t\t\t\t<div class=\"elementor-widget-container\">\n\t\t\t\t\t<div class=\"elementor-button-wrapper\">\n\t\t\t<a href=\"https:\/\/ortzaize.eus\/fr\/activites-economiques\/\" aria-label=\"En savoir plus sur les activit\u00e9s \u00e9conomiques\" class=\"elementor-button-link elementor-button elementor-size-sm\" role=\"button\">\n\t\t\t\t\t\t<span class=\"elementor-button-content-wrapper\">\n\t\t\t\t\t\t<span class=\"elementor-button-text\">En savoir +<\/span>\n\t\t<\/span>\n\t\t\t\t\t<\/a>\n\t\t<\/div>\n\t\t\t\t<\/div>\n\t\t\t\t<\/div>\n\t\t\t\t\t<\/div>\n\t\t<\/div>\n\t\t\t\t<div class=\"elementor-column elementor-col-33 elementor-inner-column elementor-element elementor-element-66a9a9a\" data-id=\"66a9a9a\" data-element_type=\"column\">\n\t\t\t<div class=\"elementor-widget-wrap elementor-element-populated\">\n\t\t\t\t\t\t\t\t<div class=\"elementor-element elementor-element-df1f4e7 elementor-widget elementor-widget-image\" data-id=\"df1f4e7\" data-element_type=\"widget\" data-widget_type=\"image.default\">\n\t\t\t\t<div class=\"elementor-widget-container\">\n\t\t\t\t\t\t\t\t\t\t\t\t\t\t\t<img width=\"1024\" height=\"683\" src=\"https:\/\/ortzaize.eus\/wp-content\/uploads\/2021\/06\/1-1024x683.jpg\" class=\"attachment-large size-large\" alt=\"\" loading=\"lazy\" srcset=\"https:\/\/ortzaize.eus\/wp-content\/uploads\/2021\/06\/1-1024x683.jpg 1024w, https:\/\/ortzaize.eus\/wp-content\/uploads\/2021\/06\/1-300x200.jpg 300w, https:\/\/ortzaize.eus\/wp-content\/uploads\/2021\/06\/1-768x512.jpg 768w, https:\/\/ortzaize.eus\/wp-content\/uploads\/2021\/06\/1-600x400.jpg 600w, https:\/\/ortzaize.eus\/wp-content\/uploads\/2021\/06\/1-560x373.jpg 560w, https:\/\/ortzaize.eus\/wp-content\/uploads\/2021\/06\/1.jpg 1200w\" sizes=\"(max-width: 1024px) 100vw, 1024px\" \/>\t\t\t\t\t\t\t\t\t\t\t\t\t\t\t<\/div>\n\t\t\t\t<\/div>\n\t\t\t\t\t<\/div>\n\t\t<\/div>\n\t\t\t\t<div class=\"elementor-column elementor-col-33 elementor-inner-column elementor-element elementor-element-0e5d05f\" data-id=\"0e5d05f\" data-element_type=\"column\">\n\t\t\t<div class=\"elementor-widget-wrap elementor-element-populated\">\n\t\t\t\t\t\t\t\t<div class=\"elementor-element elementor-element-a770887 elementor-view-stacked elementor-shape-circle elementor-position-top elementor-vertical-align-top elementor-widget elementor-widget-icon-box\" data-id=\"a770887\" data-element_type=\"widget\" aria-hidden=\"true\" role=\"presentation\" data-widget_type=\"icon-box.default\">\n\t\t\t\t<div class=\"elementor-widget-container\">\n\t\t\t\t\t<div class=\"elementor-icon-box-wrapper\">\n\t\t\t\t\t\t<div class=\"elementor-icon-box-icon\">\n\t\t\t\t<a class=\"elementor-icon elementor-animation-\" href=\"https:\/\/ortzaize.eus\/fr\/location-de-salles\/\" aria-label=\"En savoir plus sur la location de salles\">\n\t\t\t\t<i aria-hidden=\"true\" class=\"fas fa-laptop-house\"><\/i>\t\t\t\t<\/a>\n\t\t\t<\/div>\n\t\t\t\t\t\t<div class=\"elementor-icon-box-content\">\n\t\t\t\t<h3 class=\"elementor-icon-box-title\">\n\t\t\t\t\t<a href=\"https:\/\/ortzaize.eus\/fr\/location-de-salles\/\" aria-label=\"En savoir plus sur la location de salles\">LOCATION DE SALLES<\/a>\n\t\t\t\t<\/h3>\n\t\t\t\t\t\t\t\t<p class=\"elementor-icon-box-description\">Oss\u00e8s dispose de deux salles : la salle pour tous et le mur \u00e0 gauche<\/p>\n\t\t\t\t\t\t\t<\/div>\n\t\t<\/div>\n\t\t\t\t<\/div>\n\t\t\t\t<\/div>\n\t\t\t\t<div class=\"elementor-element elementor-element-0ea1634 elementor-align-center elementor-widget elementor-widget-button\" data-id=\"0ea1634\" data-element_type=\"widget\" data-widget_type=\"button.default\">\n\t\t\t\t<div class=\"elementor-widget-container\">\n\t\t\t\t\t<div class=\"elementor-button-wrapper\">\n\t\t\t<a href=\"https:\/\/ortzaize.eus\/fr\/location-de-salles\/\" aria-label=\"En savoir plus sur la location de salles\" class=\"elementor-button-link elementor-button elementor-size-sm\" role=\"button\">\n\t\t\t\t\t\t<span class=\"elementor-button-content-wrapper\">\n\t\t\t\t\t\t<span class=\"elementor-button-text\">En savoir +<\/span>\n\t\t<\/span>\n\t\t\t\t\t<\/a>\n\t\t<\/div>\n\t\t\t\t<\/div>\n\t\t\t\t<\/div>\n\t\t\t\t\t<\/div>\n\t\t<\/div>\n\t\t\t\t\t\t\t<\/div>\n\t\t<\/section>\n\t\t\t\t\t<\/div>\n\t\t<\/div>\n\t\t\t\t\t\t\t<\/div>\n\t\t<\/section>\n\t\t\t\t\t\t<\/div>\n\t\t\t\t\t<\/div>\n\t\t","protected":false},"excerpt":{"rendered":"<p>VIE PRATIQUE Toutes les informations concernant vos d\u00e9marches, les documents officiels, les services communaux et autres. MES D\u00c9MARCHES \u00c9tat civil, carte d&rsquo;identit\u00e9, passeport, changement d&rsquo;adresse, mariage, etc&#8230; En savoir + DOCUMENTS OFFICIELS Pour visualiser la carte communale et le cadastre En savoir + SERVICES COMMUNAUX L&rsquo;agence postale communale, la biblioth\u00e8que, Txik txak, le train, etc&#8230; [&hellip;]<\/p>\n","protected":false},"author":1,"featured_media":6168,"parent":0,"menu_order":0,"comment_status":"closed","ping_status":"closed","template":"elementor_header_footer","meta":{"_monsterinsights_skip_tracking":false,"_monsterinsights_sitenote_active":false,"_monsterinsights_sitenote_note":"","_monsterinsights_sitenote_category":0},"yoast_head":"<!-- This site is optimized with the Yoast SEO plugin v16.8 - https:\/\/yoast.com\/wordpress\/plugins\/seo\/ -->\n<title>Le site internet d&#039;Oss\u00e8s, ses documents officiels, ses services communaux.<\/title>\n<meta name=\"description\" content=\"Oss\u00e8s et toutes les informations concernant vos d\u00e9marches, les documents officiels, les services communaux et autres.\" \/>\n<meta name=\"robots\" content=\"index, follow, max-snippet:-1, max-image-preview:large, max-video-preview:-1\" \/>\n<link rel=\"canonical\" href=\"https:\/\/ortzaize.eus\/fr\/vie-pratique\/\" \/>\n<meta property=\"og:locale\" content=\"fr_FR\" \/>\n<meta property=\"og:type\" content=\"article\" \/>\n<meta property=\"og:title\" content=\"Le site internet d&#039;Oss\u00e8s, ses documents officiels, ses services communaux.\" \/>\n<meta property=\"og:description\" content=\"Oss\u00e8s et toutes les informations concernant vos d\u00e9marches, les documents officiels, les services communaux et autres.\" \/>\n<meta property=\"og:url\" content=\"https:\/\/ortzaize.eus\/fr\/vie-pratique\/\" \/>\n<meta property=\"og:site_name\" content=\"Oss\u00e8s\" \/>\n<meta property=\"article:modified_time\" content=\"2025-06-20T07:23:53+00:00\" \/>\n<meta property=\"og:image\" content=\"https:\/\/ortzaize.eus\/wp-content\/uploads\/2021\/05\/vie-pratique-osses.jpg\" \/>\n\t<meta property=\"og:image:width\" content=\"2550\" \/>\n\t<meta property=\"og:image:height\" content=\"930\" \/>\n<meta name=\"twitter:card\" content=\"summary_large_image\" \/>\n<meta name=\"twitter:label1\" content=\"Dur\u00e9e de lecture est.\" \/>\n\t<meta name=\"twitter:data1\" content=\"1 minute\" \/>\n<script type=\"application\/ld+json\" class=\"yoast-schema-graph\">{\"@context\":\"https:\/\/schema.org\",\"@graph\":[{\"@type\":\"Organization\",\"@id\":\"https:\/\/ortzaize.eus\/#organization\",\"name\":\"Oss\\u00e8s - Mairie d'Oss\\u00e8s\",\"url\":\"https:\/\/ortzaize.eus\/\",\"sameAs\":[],\"logo\":{\"@type\":\"ImageObject\",\"@id\":\"https:\/\/ortzaize.eus\/#logo\",\"inLanguage\":\"fr-FR\",\"url\":\"https:\/\/ortzaize.eus\/wp-content\/uploads\/2021\/06\/logo-ortzaize-ttipi.png\",\"contentUrl\":\"https:\/\/ortzaize.eus\/wp-content\/uploads\/2021\/06\/logo-ortzaize-ttipi.png\",\"width\":400,\"height\":199,\"caption\":\"Oss\\u00e8s - Mairie d'Oss\\u00e8s\"},\"image\":{\"@id\":\"https:\/\/ortzaize.eus\/#logo\"}},{\"@type\":\"WebSite\",\"@id\":\"https:\/\/ortzaize.eus\/#website\",\"url\":\"https:\/\/ortzaize.eus\/\",\"name\":\"Oss\\u00e8s\",\"description\":\"Mairie\",\"publisher\":{\"@id\":\"https:\/\/ortzaize.eus\/#organization\"},\"potentialAction\":[{\"@type\":\"SearchAction\",\"target\":{\"@type\":\"EntryPoint\",\"urlTemplate\":\"https:\/\/ortzaize.eus\/?s={search_term_string}\"},\"query-input\":\"required name=search_term_string\"}],\"inLanguage\":\"fr-FR\"},{\"@type\":\"ImageObject\",\"@id\":\"https:\/\/ortzaize.eus\/fr\/vie-pratique\/#primaryimage\",\"inLanguage\":\"fr-FR\",\"url\":\"https:\/\/ortzaize.eus\/wp-content\/uploads\/2021\/05\/vie-pratique-osses.jpg\",\"contentUrl\":\"https:\/\/ortzaize.eus\/wp-content\/uploads\/2021\/05\/vie-pratique-osses.jpg\",\"width\":2550,\"height\":930},{\"@type\":\"WebPage\",\"@id\":\"https:\/\/ortzaize.eus\/fr\/vie-pratique\/#webpage\",\"url\":\"https:\/\/ortzaize.eus\/fr\/vie-pratique\/\",\"name\":\"Le site internet d'Oss\\u00e8s, ses documents officiels, ses services communaux.\",\"isPartOf\":{\"@id\":\"https:\/\/ortzaize.eus\/#website\"},\"primaryImageOfPage\":{\"@id\":\"https:\/\/ortzaize.eus\/fr\/vie-pratique\/#primaryimage\"},\"datePublished\":\"2021-06-01T14:07:06+00:00\",\"dateModified\":\"2025-06-20T07:23:53+00:00\",\"description\":\"Oss\\u00e8s et toutes les informations concernant vos d\\u00e9marches, les documents officiels, les services communaux et autres.\",\"breadcrumb\":{\"@id\":\"https:\/\/ortzaize.eus\/fr\/vie-pratique\/#breadcrumb\"},\"inLanguage\":\"fr-FR\",\"potentialAction\":[{\"@type\":\"ReadAction\",\"target\":[\"https:\/\/ortzaize.eus\/fr\/vie-pratique\/\"]}]},{\"@type\":\"BreadcrumbList\",\"@id\":\"https:\/\/ortzaize.eus\/fr\/vie-pratique\/#breadcrumb\",\"itemListElement\":[{\"@type\":\"ListItem\",\"position\":1,\"name\":\"Accueil\",\"item\":\"https:\/\/ortzaize.eus\/\"},{\"@type\":\"ListItem\",\"position\":2,\"name\":\"Vie pratique\"}]}]}<\/script>\n<!-- \/ Yoast SEO plugin. -->","yoast_head_json":{"title":"Le site internet d'Oss\u00e8s, ses documents officiels, ses services communaux.","description":"Oss\u00e8s et toutes les informations concernant vos d\u00e9marches, les documents officiels, les services communaux et autres.","robots":{"index":"index","follow":"follow","max-snippet":"max-snippet:-1","max-image-preview":"max-image-preview:large","max-video-preview":"max-video-preview:-1"},"canonical":"https:\/\/ortzaize.eus\/fr\/vie-pratique\/","og_locale":"fr_FR","og_type":"article","og_title":"Le site internet d'Oss\u00e8s, ses documents officiels, ses services communaux.","og_description":"Oss\u00e8s et toutes les informations concernant vos d\u00e9marches, les documents officiels, les services communaux et autres.","og_url":"https:\/\/ortzaize.eus\/fr\/vie-pratique\/","og_site_name":"Oss\u00e8s","article_modified_time":"2025-06-20T07:23:53+00:00","og_image":[{"width":2550,"height":930,"url":"https:\/\/ortzaize.eus\/wp-content\/uploads\/2021\/05\/vie-pratique-osses.jpg","path":"\/var\/www\/vhosts\/ortzaize.eus\/httpdocs\/wp-content\/uploads\/2021\/05\/vie-pratique-osses.jpg","size":"full","id":6168,"alt":"","pixels":2371500,"type":"image\/jpeg"}],"twitter_card":"summary_large_image","twitter_misc":{"Dur\u00e9e de lecture est.":"1 minute"},"schema":{"@context":"https:\/\/schema.org","@graph":[{"@type":"Organization","@id":"https:\/\/ortzaize.eus\/#organization","name":"Oss\u00e8s - Mairie d'Oss\u00e8s","url":"https:\/\/ortzaize.eus\/","sameAs":[],"logo":{"@type":"ImageObject","@id":"https:\/\/ortzaize.eus\/#logo","inLanguage":"fr-FR","url":"https:\/\/ortzaize.eus\/wp-content\/uploads\/2021\/06\/logo-ortzaize-ttipi.png","contentUrl":"https:\/\/ortzaize.eus\/wp-content\/uploads\/2021\/06\/logo-ortzaize-ttipi.png","width":400,"height":199,"caption":"Oss\u00e8s - Mairie d'Oss\u00e8s"},"image":{"@id":"https:\/\/ortzaize.eus\/#logo"}},{"@type":"WebSite","@id":"https:\/\/ortzaize.eus\/#website","url":"https:\/\/ortzaize.eus\/","name":"Oss\u00e8s","description":"Mairie","publisher":{"@id":"https:\/\/ortzaize.eus\/#organization"},"potentialAction":[{"@type":"SearchAction","target":{"@type":"EntryPoint","urlTemplate":"https:\/\/ortzaize.eus\/?s={search_term_string}"},"query-input":"required name=search_term_string"}],"inLanguage":"fr-FR"},{"@type":"ImageObject","@id":"https:\/\/ortzaize.eus\/fr\/vie-pratique\/#primaryimage","inLanguage":"fr-FR","url":"https:\/\/ortzaize.eus\/wp-content\/uploads\/2021\/05\/vie-pratique-osses.jpg","contentUrl":"https:\/\/ortzaize.eus\/wp-content\/uploads\/2021\/05\/vie-pratique-osses.jpg","width":2550,"height":930},{"@type":"WebPage","@id":"https:\/\/ortzaize.eus\/fr\/vie-pratique\/#webpage","url":"https:\/\/ortzaize.eus\/fr\/vie-pratique\/","name":"Le site internet d'Oss\u00e8s, ses documents officiels, ses services communaux.","isPartOf":{"@id":"https:\/\/ortzaize.eus\/#website"},"primaryImageOfPage":{"@id":"https:\/\/ortzaize.eus\/fr\/vie-pratique\/#primaryimage"},"datePublished":"2021-06-01T14:07:06+00:00","dateModified":"2025-06-20T07:23:53+00:00","description":"Oss\u00e8s et toutes les informations concernant vos d\u00e9marches, les documents officiels, les services communaux et autres.","breadcrumb":{"@id":"https:\/\/ortzaize.eus\/fr\/vie-pratique\/#breadcrumb"},"inLanguage":"fr-FR","potentialAction":[{"@type":"ReadAction","target":["https:\/\/ortzaize.eus\/fr\/vie-pratique\/"]}]},{"@type":"BreadcrumbList","@id":"https:\/\/ortzaize.eus\/fr\/vie-pratique\/#breadcrumb","itemListElement":[{"@type":"ListItem","position":1,"name":"Accueil","item":"https:\/\/ortzaize.eus\/"},{"@type":"ListItem","position":2,"name":"Vie pratique"}]}]}},"_links":{"self":[{"href":"https:\/\/ortzaize.eus\/fr\/wp-json\/wp\/v2\/pages\/6826"}],"collection":[{"href":"https:\/\/ortzaize.eus\/fr\/wp-json\/wp\/v2\/pages"}],"about":[{"href":"https:\/\/ortzaize.eus\/fr\/wp-json\/wp\/v2\/types\/page"}],"author":[{"embeddable":true,"href":"https:\/\/ortzaize.eus\/fr\/wp-json\/wp\/v2\/users\/1"}],"replies":[{"embeddable":true,"href":"https:\/\/ortzaize.eus\/fr\/wp-json\/wp\/v2\/comments?post=6826"}],"version-history":[{"count":59,"href":"https:\/\/ortzaize.eus\/fr\/wp-json\/wp\/v2\/pages\/6826\/revisions"}],"predecessor-version":[{"id":13694,"href":"https:\/\/ortzaize.eus\/fr\/wp-json\/wp\/v2\/pages\/6826\/revisions\/13694"}],"wp:featuredmedia":[{"embeddable":true,"href":"https:\/\/ortzaize.eus\/fr\/wp-json\/wp\/v2\/media\/6168"}],"wp:attachment":[{"href":"https:\/\/ortzaize.eus\/fr\/wp-json\/wp\/v2\/media?parent=6826"}],"curies":[{"name":"wp","href":"https:\/\/api.w.org\/{rel}","templated":true}]}}