{"id":6794,"date":"2021-06-01T13:53:47","date_gmt":"2021-06-01T13:53:47","guid":{"rendered":"https:\/\/mairieosses21.bixoko.com\/?page_id=6794"},"modified":"2026-03-17T15:24:39","modified_gmt":"2026-03-17T15:24:39","slug":"les-bulletins-municipaux","status":"publish","type":"page","link":"https:\/\/ortzaize.eus\/fr\/les-bulletins-municipaux\/","title":{"rendered":"Les bulletins municipaux"},"content":{"rendered":"\t\t<div data-elementor-type=\"wp-page\" data-elementor-id=\"6794\" class=\"elementor elementor-6794\" data-elementor-settings=\"[]\">\n\t\t\t\t\t\t\t<div class=\"elementor-section-wrap\">\n\t\t\t\t\t\t\t<section class=\"elementor-section elementor-top-section elementor-element elementor-element-c5bb3aa elementor-reverse-tablet elementor-reverse-mobile elementor-section-boxed elementor-section-height-default elementor-section-height-default\" data-id=\"c5bb3aa\" data-element_type=\"section\">\n\t\t\t\t\t\t<div class=\"elementor-container elementor-column-gap-wider\">\n\t\t\t\t\t<div class=\"elementor-column elementor-col-100 elementor-top-column elementor-element elementor-element-b105c01\" data-id=\"b105c01\" data-element_type=\"column\">\n\t\t\t<div class=\"elementor-widget-wrap elementor-element-populated\">\n\t\t\t\t\t\t\t\t<div class=\"elementor-element elementor-element-ba56911 elementor-widget elementor-widget-text-editor\" data-id=\"ba56911\" data-element_type=\"widget\" data-widget_type=\"text-editor.default\">\n\t\t\t\t<div class=\"elementor-widget-container\">\n\t\t\t\t\t\t\t\t<p><b>Il est \u00e0 noter que ces documents ne sont pas compatibles avec l&rsquo;utilisation d&rsquo;un syst\u00e8me d&rsquo;assistance technologique tel qu&rsquo;un lecteur d&rsquo;\u00e9cran. Si vous rencontrez un probl\u00e8me d&rsquo;accessibilit\u00e9, vous pouvez adresser un e-mail \u00e0\u00a0<a href=\"mailto:idazkaritza@ortzaize.eus\" target=\"_blank\" rel=\"noopener\">idazkaritza@ortzaize.eus<\/a>\u00a0ou t\u00e9l\u00e9phoner au 05\u00a059\u00a037 74 62 pour obtenir une version accessible.<\/b><\/p>\t\t\t\t\t\t<\/div>\n\t\t\t\t<\/div>\n\t\t\t\t\t<\/div>\n\t\t<\/div>\n\t\t\t\t\t\t\t<\/div>\n\t\t<\/section>\n\t\t\t\t<section class=\"elementor-section elementor-top-section elementor-element elementor-element-51589ab elementor-reverse-tablet elementor-reverse-mobile elementor-section-boxed elementor-section-height-default elementor-section-height-default\" data-id=\"51589ab\" data-element_type=\"section\">\n\t\t\t\t\t\t<div class=\"elementor-container elementor-column-gap-wider\">\n\t\t\t\t\t<div class=\"elementor-column elementor-col-33 elementor-top-column elementor-element elementor-element-9d11cbc\" data-id=\"9d11cbc\" data-element_type=\"column\" data-settings=\"{&quot;background_background&quot;:&quot;classic&quot;,&quot;motion_fx_motion_fx_scrolling&quot;:&quot;yes&quot;,&quot;motion_fx_devices&quot;:[&quot;desktop&quot;,&quot;tablet&quot;,&quot;mobile&quot;]}\">\n\t\t\t<div class=\"elementor-widget-wrap elementor-element-populated\">\n\t\t\t\t\t\t\t\t<div class=\"elementor-element elementor-element-0d53ef8 elementor-widget elementor-widget-heading\" data-id=\"0d53ef8\" data-element_type=\"widget\" data-widget_type=\"heading.default\">\n\t\t\t\t<div class=\"elementor-widget-container\">\n\t\t\t<h2 class=\"elementor-heading-title elementor-size-default\">Mairie<\/h2>\t\t<\/div>\n\t\t\t\t<\/div>\n\t\t\t\t<div class=\"elementor-element elementor-element-4973efb elementor-widget-divider--view-line elementor-widget elementor-widget-divider\" data-id=\"4973efb\" data-element_type=\"widget\" data-widget_type=\"divider.default\">\n\t\t\t\t<div class=\"elementor-widget-container\">\n\t\t\t\t\t<div class=\"elementor-divider\">\n\t\t\t<span class=\"elementor-divider-separator\">\n\t\t\t\t\t\t<\/span>\n\t\t<\/div>\n\t\t\t\t<\/div>\n\t\t\t\t<\/div>\n\t\t\t\t<div class=\"elementor-element elementor-element-77f0c86 elementor-widget elementor-widget-ova_menu_page\" data-id=\"77f0c86\" data-element_type=\"widget\" data-widget_type=\"ova_menu_page.default\">\n\t\t\t\t<div class=\"elementor-widget-container\">\n\t\t\t\t\t<div class=\"ova_menu_page type3 \" data-position_active=\"\">\n\t\t\t<ul id=\"menu-rubrique-mairie\" class=\"menu\"><li id=\"menu-item-6753\" class=\"menu-item menu-item-type-post_type menu-item-object-page menu-item-6753\"><a href=\"https:\/\/ortzaize.eus\/fr\/les-elu-e-s\/\">Les \u00e9lu.e.s<\/a><\/li>\n<li id=\"menu-item-6806\" class=\"menu-item menu-item-type-post_type menu-item-object-page menu-item-6806\"><a href=\"https:\/\/ortzaize.eus\/fr\/les-employes-communaux\/\">Les employ\u00e9s communaux<\/a><\/li>\n<li id=\"menu-item-6805\" class=\"menu-item menu-item-type-post_type menu-item-object-page menu-item-6805\"><a href=\"https:\/\/ortzaize.eus\/fr\/les-informations-pratiques\/\">Les informations pratiques<\/a><\/li>\n<li id=\"menu-item-6804\" class=\"menu-item menu-item-type-post_type menu-item-object-page menu-item-6804\"><a href=\"https:\/\/ortzaize.eus\/fr\/les-deliberations\/\">Les d\u00e9lib\u00e9rations<\/a><\/li>\n<li id=\"menu-item-6802\" class=\"menu-item menu-item-type-post_type menu-item-object-page menu-item-6802\"><a href=\"https:\/\/ortzaize.eus\/fr\/les-bulletins-municipaux\/\">Les bulletins municipaux<\/a><\/li>\n<\/ul>\t\t<\/div>\n\t\t\t\t<\/div>\n\t\t\t\t<\/div>\n\t\t\t\t<div class=\"elementor-element elementor-element-0d92ea6 elementor-widget elementor-widget-heading\" data-id=\"0d92ea6\" data-element_type=\"widget\" data-widget_type=\"heading.default\">\n\t\t\t\t<div class=\"elementor-widget-container\">\n\t\t\t<h3 class=\"elementor-heading-title elementor-size-default\">Les derni\u00e8res actualit\u00e9s<\/h3>\t\t<\/div>\n\t\t\t\t<\/div>\n\t\t\t\t<div class=\"elementor-element elementor-element-65c3363 elementor-widget-divider--view-line elementor-widget elementor-widget-divider\" data-id=\"65c3363\" data-element_type=\"widget\" data-widget_type=\"divider.default\">\n\t\t\t\t<div class=\"elementor-widget-container\">\n\t\t\t\t\t<div class=\"elementor-divider\">\n\t\t\t<span class=\"elementor-divider-separator\">\n\t\t\t\t\t\t<\/span>\n\t\t<\/div>\n\t\t\t\t<\/div>\n\t\t\t\t<\/div>\n\t\t\t\t<div class=\"elementor-element elementor-element-d2e3af7 elementor-grid-1 elementor-posts--thumbnail-none elementor-grid-tablet-2 elementor-grid-mobile-1 elementor-widget elementor-widget-posts\" data-id=\"d2e3af7\" data-element_type=\"widget\" data-settings=\"{&quot;classic_columns&quot;:&quot;1&quot;,&quot;classic_row_gap&quot;:{&quot;unit&quot;:&quot;px&quot;,&quot;size&quot;:11,&quot;sizes&quot;:[]},&quot;classic_columns_tablet&quot;:&quot;2&quot;,&quot;classic_columns_mobile&quot;:&quot;1&quot;}\" data-widget_type=\"posts.classic\">\n\t\t\t\t<div class=\"elementor-widget-container\">\n\t\t\t\t\t<div class=\"elementor-posts-container elementor-posts elementor-posts--skin-classic elementor-grid\">\n\t\t\t\t<article class=\"elementor-post elementor-grid-item post-15521 post type-post status-publish format-standard has-post-thumbnail hentry category-actualites\">\n\t\t\t\t<div class=\"elementor-post__text\">\n\t\t\t\t<h3 class=\"elementor-post__title\">\n\t\t\t<a href=\"https:\/\/ortzaize.eus\/fr\/expo-photo-guillaume-fauveau\/\" >\n\t\t\t\tExpo Photo &#8211; Guillaume FAUVEAU\t\t\t<\/a>\n\t\t<\/h3>\n\t\t\t\t<div class=\"elementor-post__meta-data\">\n\t\t\t\t\t<span class=\"elementor-post-date\">\n\t\t\t5 mars 2026\t\t<\/span>\n\t\t\t\t<\/div>\n\t\t\t\t<\/div>\n\t\t\t\t<\/article>\n\t\t\t\t<article class=\"elementor-post elementor-grid-item post-15508 post type-post status-publish format-standard has-post-thumbnail hentry category-non-classifiee\">\n\t\t\t\t<div class=\"elementor-post__text\">\n\t\t\t\t<h3 class=\"elementor-post__title\">\n\t\t\t<a href=\"https:\/\/ortzaize.eus\/fr\/ateliers-mendi-jakitateak\/\" >\n\t\t\t\tATELIERS MENDI JAKITATEAK\t\t\t<\/a>\n\t\t<\/h3>\n\t\t\t\t<div class=\"elementor-post__meta-data\">\n\t\t\t\t\t<span class=\"elementor-post-date\">\n\t\t\t5 mars 2026\t\t<\/span>\n\t\t\t\t<\/div>\n\t\t\t\t<\/div>\n\t\t\t\t<\/article>\n\t\t\t\t<article class=\"elementor-post elementor-grid-item post-15506 post type-post status-publish format-standard has-post-thumbnail hentry category-actualites\">\n\t\t\t\t<div class=\"elementor-post__text\">\n\t\t\t\t<h3 class=\"elementor-post__title\">\n\t\t\t<a href=\"https:\/\/ortzaize.eus\/fr\/operation-nive-zero-dechet\/\" >\n\t\t\t\tOp\u00e9ration Nive ZERO DECHET\t\t\t<\/a>\n\t\t<\/h3>\n\t\t\t\t<div class=\"elementor-post__meta-data\">\n\t\t\t\t\t<span class=\"elementor-post-date\">\n\t\t\t5 mars 2026\t\t<\/span>\n\t\t\t\t<\/div>\n\t\t\t\t<\/div>\n\t\t\t\t<\/article>\n\t\t\t\t<\/div>\n\t\t\t\t<\/div>\n\t\t\t\t<\/div>\n\t\t\t\t\t<\/div>\n\t\t<\/div>\n\t\t\t\t<div class=\"elementor-column elementor-col-33 elementor-top-column elementor-element elementor-element-e07462a\" data-id=\"e07462a\" data-element_type=\"column\">\n\t\t\t<div class=\"elementor-widget-wrap elementor-element-populated\">\n\t\t\t\t\t\t\t\t<div class=\"elementor-element elementor-element-e5db95a elementor-widget elementor-widget-heading\" data-id=\"e5db95a\" data-element_type=\"widget\" data-widget_type=\"heading.default\">\n\t\t\t\t<div class=\"elementor-widget-container\">\n\t\t\t<h3 class=\"elementor-heading-title elementor-size-default\">LES BULLETINS MUNICIPAUX<\/h3>\t\t<\/div>\n\t\t\t\t<\/div>\n\t\t\t\t<div class=\"elementor-element elementor-element-dcd89db elementor-widget elementor-widget-ova_doc\" data-id=\"dcd89db\" data-element_type=\"widget\" data-widget_type=\"ova_doc.default\">\n\t\t\t\t<div class=\"elementor-widget-container\">\n\t\t\t<div class=\"ova-document-list\">\n\t<div class=\"icon-doc\">\n\t\t<i class=\"flaticon-google-docs\"><\/i>\n\t<\/div>\n\t<div class=\"list-doc\">\n\t\t\t\t\t<div class=\"item\">\n\t\t\t\t\t\t\t\t<h3 class=\"title\">\n\t\t\t\t\t<a href=\"https:\/\/ortzaize.eus\/fr\/ova_doc\/bulletin-municipal-2024\/\">\n\t\t\t\t\t\tBulletin municipal 2024\t\t\t\t\t<\/a>\n\t\t\t\t<\/h3>\n\t\t\t\t\t\t\t\t\t\t\t\t<p class=\"date\">\n\t\t\t\t\t13 janvier 2025\t\t\t\t<\/p>\n\t\t\t\t\n\t\t\t<\/div>\n\n\t\t\t\t\t<div class=\"item\">\n\t\t\t\t\t\t\t\t<h3 class=\"title\">\n\t\t\t\t\t<a href=\"https:\/\/ortzaize.eus\/fr\/ova_doc\/bulletin-municipal-2022\/\">\n\t\t\t\t\t\tBulletin municipal 2022\t\t\t\t\t<\/a>\n\t\t\t\t<\/h3>\n\t\t\t\t\t\t\t\t\t\t\t\t<p class=\"date\">\n\t\t\t\t\t18 avril 2024\t\t\t\t<\/p>\n\t\t\t\t\n\t\t\t<\/div>\n\n\t\t\t\t\t<div class=\"item\">\n\t\t\t\t\t\t\t\t<h3 class=\"title\">\n\t\t\t\t\t<a href=\"https:\/\/ortzaize.eus\/fr\/ova_doc\/bulletin-municipal-2023\/\">\n\t\t\t\t\t\tBulletin municipal 2023\t\t\t\t\t<\/a>\n\t\t\t\t<\/h3>\n\t\t\t\t\t\t\t\t\t\t\t\t<p class=\"date\">\n\t\t\t\t\t7 mars 2024\t\t\t\t<\/p>\n\t\t\t\t\n\t\t\t<\/div>\n\n\t\t\t\t\t<div class=\"item\">\n\t\t\t\t\t\t\t\t<h3 class=\"title\">\n\t\t\t\t\t<a href=\"https:\/\/ortzaize.eus\/fr\/ova_doc\/bulletin-municipal-2021\/\">\n\t\t\t\t\t\tBulletin municipal 2021\t\t\t\t\t<\/a>\n\t\t\t\t<\/h3>\n\t\t\t\t\t\t\t\t\t\t\t\t<p class=\"date\">\n\t\t\t\t\t27 janvier 2022\t\t\t\t<\/p>\n\t\t\t\t\n\t\t\t<\/div>\n\n\t\t\n\t\t\t\t\t<div class=\"readmore\">\n\t\t\t\t<a href=\"https:\/\/ortzaize.eus\/fr\/ova_doc\/\" class=\"second_font\">\n\t\t\t\tVoir les bulletins pr\u00e9c\u00e9dents\t\t\t\t<i data-feather=\"chevron-right\"><\/i>\n\t\t\t<\/a>\n\t\t\t<\/div>\n\t\t\n\t\t\n\t<\/div>\n<\/div>\t\t<\/div>\n\t\t\t\t<\/div>\n\t\t\t\t\t<\/div>\n\t\t<\/div>\n\t\t\t\t<div class=\"elementor-column elementor-col-33 elementor-top-column elementor-element elementor-element-437444f\" data-id=\"437444f\" data-element_type=\"column\">\n\t\t\t<div class=\"elementor-widget-wrap elementor-element-populated\">\n\t\t\t\t\t\t\t\t<div class=\"elementor-element elementor-element-8356863 elementor-widget elementor-widget-heading\" data-id=\"8356863\" data-element_type=\"widget\" data-widget_type=\"heading.default\">\n\t\t\t\t<div class=\"elementor-widget-container\">\n\t\t\t<h3 class=\"elementor-heading-title elementor-size-default\">LES NEWSLETTERS<\/h3>\t\t<\/div>\n\t\t\t\t<\/div>\n\t\t\t\t<div class=\"elementor-element elementor-element-3d9a4df elementor-widget elementor-widget-ova_doc\" data-id=\"3d9a4df\" data-element_type=\"widget\" data-widget_type=\"ova_doc.default\">\n\t\t\t\t<div class=\"elementor-widget-container\">\n\t\t\t<div class=\"ova-document-list\">\n\t<div class=\"icon-doc\">\n\t\t<i class=\"flaticon-google-docs\"><\/i>\n\t<\/div>\n\t<div class=\"list-doc\">\n\t\t\t\t\t<div class=\"item\">\n\t\t\t\t\t\t\t\t<h3 class=\"title\">\n\t\t\t\t\t<a href=\"https:\/\/ortzaize.eus\/fr\/ova_doc\/bulletin-trimestriel-de-lautomne-2025\/\">\n\t\t\t\t\t\tBulletin trimestriel de l&rsquo;automne 2025\t\t\t\t\t<\/a>\n\t\t\t\t<\/h3>\n\t\t\t\t\t\t\t\t\t\t\t\t<p class=\"date\">\n\t\t\t\t\t7 novembre 2025\t\t\t\t<\/p>\n\t\t\t\t\n\t\t\t<\/div>\n\n\t\t\t\t\t<div class=\"item\">\n\t\t\t\t\t\t\t\t<h3 class=\"title\">\n\t\t\t\t\t<a href=\"https:\/\/ortzaize.eus\/fr\/ova_doc\/bulletin-trimestriel-du-printemps-2025\/\">\n\t\t\t\t\t\tBulletin trimestriel du printemps 2025\t\t\t\t\t<\/a>\n\t\t\t\t<\/h3>\n\t\t\t\t\t\t\t\t\t\t\t\t<p class=\"date\">\n\t\t\t\t\t12 juin 2025\t\t\t\t<\/p>\n\t\t\t\t\n\t\t\t<\/div>\n\n\t\t\t\t\t<div class=\"item\">\n\t\t\t\t\t\t\t\t<h3 class=\"title\">\n\t\t\t\t\t<a href=\"https:\/\/ortzaize.eus\/fr\/ova_doc\/bulletin-trimestriel-de-lete-2024\/\">\n\t\t\t\t\t\tBulletin trimestriel de l&rsquo;\u00e9t\u00e9 2024\t\t\t\t\t<\/a>\n\t\t\t\t<\/h3>\n\t\t\t\t\t\t\t\t\t\t\t\t<p class=\"date\">\n\t\t\t\t\t13 janvier 2025\t\t\t\t<\/p>\n\t\t\t\t\n\t\t\t<\/div>\n\n\t\t\t\t\t<div class=\"item\">\n\t\t\t\t\t\t\t\t<h3 class=\"title\">\n\t\t\t\t\t<a href=\"https:\/\/ortzaize.eus\/fr\/ova_doc\/bulletin-trimestriel-du-printemps-2024\/\">\n\t\t\t\t\t\tBulletin trimestriel du printemps 2024\t\t\t\t\t<\/a>\n\t\t\t\t<\/h3>\n\t\t\t\t\t\t\t\t\t\t\t\t<p class=\"date\">\n\t\t\t\t\t24 mai 2024\t\t\t\t<\/p>\n\t\t\t\t\n\t\t\t<\/div>\n\n\t\t\n\t\t\t\t\t<div class=\"readmore\">\n\t\t\t\t<a href=\"https:\/\/ortzaize.eus\/fr\/ova_doc\/\" class=\"second_font\">\n\t\t\t\tVoir les newsletters pr\u00e9c\u00e9dentes\t\t\t\t<i data-feather=\"chevron-right\"><\/i>\n\t\t\t<\/a>\n\t\t\t<\/div>\n\t\t\n\t\t\n\t<\/div>\n<\/div>\t\t<\/div>\n\t\t\t\t<\/div>\n\t\t\t\t\t<\/div>\n\t\t<\/div>\n\t\t\t\t\t\t\t<\/div>\n\t\t<\/section>\n\t\t\t\t\t\t<\/div>\n\t\t\t\t\t<\/div>\n\t\t","protected":false},"excerpt":{"rendered":"<p>Il est \u00e0 noter que ces documents ne sont pas compatibles avec l&rsquo;utilisation d&rsquo;un syst\u00e8me d&rsquo;assistance technologique tel qu&rsquo;un lecteur d&rsquo;\u00e9cran. Si vous rencontrez un<\/p>\n","protected":false},"author":1,"featured_media":0,"parent":0,"menu_order":0,"comment_status":"closed","ping_status":"closed","template":"","meta":{"_monsterinsights_skip_tracking":false,"_monsterinsights_sitenote_active":false,"_monsterinsights_sitenote_note":"","_monsterinsights_sitenote_category":0},"yoast_head":"<!-- This site is optimized with the Yoast SEO plugin v16.8 - https:\/\/yoast.com\/wordpress\/plugins\/seo\/ -->\n<title>Les bulletins municipaux - Oss\u00e8s<\/title>\n<meta name=\"robots\" content=\"index, follow, max-snippet:-1, max-image-preview:large, max-video-preview:-1\" \/>\n<link rel=\"canonical\" href=\"https:\/\/ortzaize.eus\/fr\/urtekariak-eta-berripaperak\/\" \/>\n<meta property=\"og:locale\" content=\"fr_FR\" \/>\n<meta property=\"og:type\" content=\"article\" \/>\n<meta property=\"og:title\" content=\"Les bulletins municipaux - Oss\u00e8s\" \/>\n<meta property=\"og:description\" content=\"Il est \u00e0 noter que ces documents ne sont pas compatibles avec l&rsquo;utilisation d&rsquo;un syst\u00e8me d&rsquo;assistance technologique tel qu&rsquo;un lecteur d&rsquo;\u00e9cran. Si vous rencontrez un\" \/>\n<meta property=\"og:url\" content=\"https:\/\/ortzaize.eus\/urtekariak-eta-berripaperak\/\" \/>\n<meta property=\"og:site_name\" content=\"Oss\u00e8s\" \/>\n<meta property=\"article:modified_time\" content=\"2026-03-17T15:24:39+00:00\" \/>\n<meta name=\"twitter:card\" content=\"summary_large_image\" \/>\n<meta name=\"twitter:label1\" content=\"Dur\u00e9e de lecture est.\" \/>\n\t<meta name=\"twitter:data1\" content=\"2 minutes\" \/>\n<script type=\"application\/ld+json\" class=\"yoast-schema-graph\">{\"@context\":\"https:\/\/schema.org\",\"@graph\":[{\"@type\":\"Organization\",\"@id\":\"https:\/\/ortzaize.eus\/#organization\",\"name\":\"Oss\\u00e8s - Mairie d'Oss\\u00e8s\",\"url\":\"https:\/\/ortzaize.eus\/\",\"sameAs\":[],\"logo\":{\"@type\":\"ImageObject\",\"@id\":\"https:\/\/ortzaize.eus\/#logo\",\"inLanguage\":\"fr-FR\",\"url\":\"https:\/\/ortzaize.eus\/wp-content\/uploads\/2021\/06\/logo-ortzaize-ttipi.png\",\"contentUrl\":\"https:\/\/ortzaize.eus\/wp-content\/uploads\/2021\/06\/logo-ortzaize-ttipi.png\",\"width\":400,\"height\":199,\"caption\":\"Oss\\u00e8s - Mairie d'Oss\\u00e8s\"},\"image\":{\"@id\":\"https:\/\/ortzaize.eus\/#logo\"}},{\"@type\":\"WebSite\",\"@id\":\"https:\/\/ortzaize.eus\/#website\",\"url\":\"https:\/\/ortzaize.eus\/\",\"name\":\"Oss\\u00e8s\",\"description\":\"Mairie\",\"publisher\":{\"@id\":\"https:\/\/ortzaize.eus\/#organization\"},\"potentialAction\":[{\"@type\":\"SearchAction\",\"target\":{\"@type\":\"EntryPoint\",\"urlTemplate\":\"https:\/\/ortzaize.eus\/?s={search_term_string}\"},\"query-input\":\"required name=search_term_string\"}],\"inLanguage\":\"fr-FR\"},{\"@type\":\"WebPage\",\"@id\":\"https:\/\/ortzaize.eus\/urtekariak-eta-berripaperak\/#webpage\",\"url\":\"https:\/\/ortzaize.eus\/urtekariak-eta-berripaperak\/\",\"name\":\"Les bulletins municipaux - Oss\\u00e8s\",\"isPartOf\":{\"@id\":\"https:\/\/ortzaize.eus\/#website\"},\"datePublished\":\"2021-06-01T13:53:47+00:00\",\"dateModified\":\"2026-03-17T15:24:39+00:00\",\"breadcrumb\":{\"@id\":\"https:\/\/ortzaize.eus\/urtekariak-eta-berripaperak\/#breadcrumb\"},\"inLanguage\":\"fr-FR\",\"potentialAction\":[{\"@type\":\"ReadAction\",\"target\":[\"https:\/\/ortzaize.eus\/urtekariak-eta-berripaperak\/\"]}]},{\"@type\":\"BreadcrumbList\",\"@id\":\"https:\/\/ortzaize.eus\/urtekariak-eta-berripaperak\/#breadcrumb\",\"itemListElement\":[{\"@type\":\"ListItem\",\"position\":1,\"name\":\"Accueil\",\"item\":\"https:\/\/ortzaize.eus\/\"},{\"@type\":\"ListItem\",\"position\":2,\"name\":\"Les bulletins municipaux\"}]}]}<\/script>\n<!-- \/ Yoast SEO plugin. -->","yoast_head_json":{"title":"Les bulletins municipaux - Oss\u00e8s","robots":{"index":"index","follow":"follow","max-snippet":"max-snippet:-1","max-image-preview":"max-image-preview:large","max-video-preview":"max-video-preview:-1"},"canonical":"https:\/\/ortzaize.eus\/fr\/urtekariak-eta-berripaperak\/","og_locale":"fr_FR","og_type":"article","og_title":"Les bulletins municipaux - Oss\u00e8s","og_description":"Il est \u00e0 noter que ces documents ne sont pas compatibles avec l&rsquo;utilisation d&rsquo;un syst\u00e8me d&rsquo;assistance technologique tel qu&rsquo;un lecteur d&rsquo;\u00e9cran. Si vous rencontrez un","og_url":"https:\/\/ortzaize.eus\/urtekariak-eta-berripaperak\/","og_site_name":"Oss\u00e8s","article_modified_time":"2026-03-17T15:24:39+00:00","twitter_card":"summary_large_image","twitter_misc":{"Dur\u00e9e de lecture est.":"2 minutes"},"schema":{"@context":"https:\/\/schema.org","@graph":[{"@type":"Organization","@id":"https:\/\/ortzaize.eus\/#organization","name":"Oss\u00e8s - Mairie d'Oss\u00e8s","url":"https:\/\/ortzaize.eus\/","sameAs":[],"logo":{"@type":"ImageObject","@id":"https:\/\/ortzaize.eus\/#logo","inLanguage":"fr-FR","url":"https:\/\/ortzaize.eus\/wp-content\/uploads\/2021\/06\/logo-ortzaize-ttipi.png","contentUrl":"https:\/\/ortzaize.eus\/wp-content\/uploads\/2021\/06\/logo-ortzaize-ttipi.png","width":400,"height":199,"caption":"Oss\u00e8s - Mairie d'Oss\u00e8s"},"image":{"@id":"https:\/\/ortzaize.eus\/#logo"}},{"@type":"WebSite","@id":"https:\/\/ortzaize.eus\/#website","url":"https:\/\/ortzaize.eus\/","name":"Oss\u00e8s","description":"Mairie","publisher":{"@id":"https:\/\/ortzaize.eus\/#organization"},"potentialAction":[{"@type":"SearchAction","target":{"@type":"EntryPoint","urlTemplate":"https:\/\/ortzaize.eus\/?s={search_term_string}"},"query-input":"required name=search_term_string"}],"inLanguage":"fr-FR"},{"@type":"WebPage","@id":"https:\/\/ortzaize.eus\/urtekariak-eta-berripaperak\/#webpage","url":"https:\/\/ortzaize.eus\/urtekariak-eta-berripaperak\/","name":"Les bulletins municipaux - Oss\u00e8s","isPartOf":{"@id":"https:\/\/ortzaize.eus\/#website"},"datePublished":"2021-06-01T13:53:47+00:00","dateModified":"2026-03-17T15:24:39+00:00","breadcrumb":{"@id":"https:\/\/ortzaize.eus\/urtekariak-eta-berripaperak\/#breadcrumb"},"inLanguage":"fr-FR","potentialAction":[{"@type":"ReadAction","target":["https:\/\/ortzaize.eus\/urtekariak-eta-berripaperak\/"]}]},{"@type":"BreadcrumbList","@id":"https:\/\/ortzaize.eus\/urtekariak-eta-berripaperak\/#breadcrumb","itemListElement":[{"@type":"ListItem","position":1,"name":"Accueil","item":"https:\/\/ortzaize.eus\/"},{"@type":"ListItem","position":2,"name":"Les bulletins municipaux"}]}]}},"_links":{"self":[{"href":"https:\/\/ortzaize.eus\/fr\/wp-json\/wp\/v2\/pages\/6794"}],"collection":[{"href":"https:\/\/ortzaize.eus\/fr\/wp-json\/wp\/v2\/pages"}],"about":[{"href":"https:\/\/ortzaize.eus\/fr\/wp-json\/wp\/v2\/types\/page"}],"author":[{"embeddable":true,"href":"https:\/\/ortzaize.eus\/fr\/wp-json\/wp\/v2\/users\/1"}],"replies":[{"embeddable":true,"href":"https:\/\/ortzaize.eus\/fr\/wp-json\/wp\/v2\/comments?post=6794"}],"version-history":[{"count":25,"href":"https:\/\/ortzaize.eus\/fr\/wp-json\/wp\/v2\/pages\/6794\/revisions"}],"predecessor-version":[{"id":15560,"href":"https:\/\/ortzaize.eus\/fr\/wp-json\/wp\/v2\/pages\/6794\/revisions\/15560"}],"wp:attachment":[{"href":"https:\/\/ortzaize.eus\/fr\/wp-json\/wp\/v2\/media?parent=6794"}],"curies":[{"name":"wp","href":"https:\/\/api.w.org\/{rel}","templated":true}]}}