{"id":6767,"date":"2021-06-01T13:43:24","date_gmt":"2021-06-01T13:43:24","guid":{"rendered":"https:\/\/mairieosses21.bixoko.com\/?page_id=6767"},"modified":"2025-06-17T12:46:07","modified_gmt":"2025-06-17T12:46:07","slug":"les-informations-pratiques","status":"publish","type":"page","link":"https:\/\/ortzaize.eus\/fr\/les-informations-pratiques\/","title":{"rendered":"Les informations pratiques"},"content":{"rendered":"\t\t<div data-elementor-type=\"wp-page\" data-elementor-id=\"6767\" class=\"elementor elementor-6767\" data-elementor-settings=\"[]\">\n\t\t\t\t\t\t\t<div class=\"elementor-section-wrap\">\n\t\t\t\t\t\t\t<section class=\"elementor-section elementor-top-section elementor-element elementor-element-c5bb3aa elementor-reverse-tablet elementor-reverse-mobile elementor-section-boxed elementor-section-height-default elementor-section-height-default\" data-id=\"c5bb3aa\" data-element_type=\"section\">\n\t\t\t\t\t\t<div class=\"elementor-container elementor-column-gap-wider\">\n\t\t\t\t\t<div class=\"elementor-column elementor-col-33 elementor-top-column elementor-element elementor-element-43e0ea8\" data-id=\"43e0ea8\" data-element_type=\"column\" data-settings=\"{&quot;background_background&quot;:&quot;classic&quot;,&quot;motion_fx_motion_fx_scrolling&quot;:&quot;yes&quot;,&quot;motion_fx_devices&quot;:[&quot;desktop&quot;,&quot;tablet&quot;,&quot;mobile&quot;]}\">\n\t\t\t<div class=\"elementor-widget-wrap elementor-element-populated\">\n\t\t\t\t\t\t\t\t<div class=\"elementor-element elementor-element-f59a9c0 elementor-widget elementor-widget-heading\" data-id=\"f59a9c0\" data-element_type=\"widget\" data-widget_type=\"heading.default\">\n\t\t\t\t<div class=\"elementor-widget-container\">\n\t\t\t<h2 class=\"elementor-heading-title elementor-size-default\">Mairie<\/h2>\t\t<\/div>\n\t\t\t\t<\/div>\n\t\t\t\t<div class=\"elementor-element elementor-element-5f7cfb6 elementor-widget-divider--view-line elementor-widget elementor-widget-divider\" data-id=\"5f7cfb6\" data-element_type=\"widget\" data-widget_type=\"divider.default\">\n\t\t\t\t<div class=\"elementor-widget-container\">\n\t\t\t\t\t<div class=\"elementor-divider\">\n\t\t\t<span class=\"elementor-divider-separator\">\n\t\t\t\t\t\t<\/span>\n\t\t<\/div>\n\t\t\t\t<\/div>\n\t\t\t\t<\/div>\n\t\t\t\t<div class=\"elementor-element elementor-element-176f52a elementor-widget elementor-widget-ova_menu_page\" data-id=\"176f52a\" data-element_type=\"widget\" data-widget_type=\"ova_menu_page.default\">\n\t\t\t\t<div class=\"elementor-widget-container\">\n\t\t\t\t\t<div class=\"ova_menu_page type3 \" data-position_active=\"\">\n\t\t\t<ul id=\"menu-rubrique-mairie\" class=\"menu\"><li id=\"menu-item-6753\" class=\"menu-item menu-item-type-post_type menu-item-object-page menu-item-6753\"><a href=\"https:\/\/ortzaize.eus\/fr\/les-elu-e-s\/\">Les \u00e9lu.e.s<\/a><\/li>\n<li id=\"menu-item-6806\" class=\"menu-item menu-item-type-post_type menu-item-object-page menu-item-6806\"><a href=\"https:\/\/ortzaize.eus\/fr\/les-employes-communaux\/\">Les employ\u00e9s communaux<\/a><\/li>\n<li id=\"menu-item-6805\" class=\"menu-item menu-item-type-post_type menu-item-object-page menu-item-6805\"><a href=\"https:\/\/ortzaize.eus\/fr\/les-informations-pratiques\/\">Les informations pratiques<\/a><\/li>\n<li id=\"menu-item-6804\" class=\"menu-item menu-item-type-post_type menu-item-object-page menu-item-6804\"><a href=\"https:\/\/ortzaize.eus\/fr\/les-deliberations\/\">Les d\u00e9lib\u00e9rations<\/a><\/li>\n<li id=\"menu-item-6802\" class=\"menu-item menu-item-type-post_type menu-item-object-page menu-item-6802\"><a href=\"https:\/\/ortzaize.eus\/fr\/les-bulletins-municipaux\/\">Les bulletins municipaux<\/a><\/li>\n<\/ul>\t\t<\/div>\n\t\t\t\t<\/div>\n\t\t\t\t<\/div>\n\t\t\t\t<div class=\"elementor-element elementor-element-709df24 elementor-widget elementor-widget-heading\" data-id=\"709df24\" data-element_type=\"widget\" data-widget_type=\"heading.default\">\n\t\t\t\t<div class=\"elementor-widget-container\">\n\t\t\t<h3 class=\"elementor-heading-title elementor-size-default\">Les derni\u00e8res actualit\u00e9s<\/h3>\t\t<\/div>\n\t\t\t\t<\/div>\n\t\t\t\t<div class=\"elementor-element elementor-element-b3d5103 elementor-widget-divider--view-line elementor-widget elementor-widget-divider\" data-id=\"b3d5103\" data-element_type=\"widget\" data-widget_type=\"divider.default\">\n\t\t\t\t<div class=\"elementor-widget-container\">\n\t\t\t\t\t<div class=\"elementor-divider\">\n\t\t\t<span class=\"elementor-divider-separator\">\n\t\t\t\t\t\t<\/span>\n\t\t<\/div>\n\t\t\t\t<\/div>\n\t\t\t\t<\/div>\n\t\t\t\t<div class=\"elementor-element elementor-element-4a040ac elementor-grid-1 elementor-posts--thumbnail-none elementor-grid-tablet-2 elementor-grid-mobile-1 elementor-widget elementor-widget-posts\" data-id=\"4a040ac\" data-element_type=\"widget\" data-settings=\"{&quot;classic_columns&quot;:&quot;1&quot;,&quot;classic_row_gap&quot;:{&quot;unit&quot;:&quot;px&quot;,&quot;size&quot;:11,&quot;sizes&quot;:[]},&quot;classic_columns_tablet&quot;:&quot;2&quot;,&quot;classic_columns_mobile&quot;:&quot;1&quot;}\" data-widget_type=\"posts.classic\">\n\t\t\t\t<div class=\"elementor-widget-container\">\n\t\t\t\t\t<div class=\"elementor-posts-container elementor-posts elementor-posts--skin-classic elementor-grid\">\n\t\t\t\t<article class=\"elementor-post elementor-grid-item post-15521 post type-post status-publish format-standard has-post-thumbnail hentry category-actualites\">\n\t\t\t\t<div class=\"elementor-post__text\">\n\t\t\t\t<h3 class=\"elementor-post__title\">\n\t\t\t<a href=\"https:\/\/ortzaize.eus\/fr\/expo-photo-guillaume-fauveau\/\" >\n\t\t\t\tExpo Photo &#8211; Guillaume FAUVEAU\t\t\t<\/a>\n\t\t<\/h3>\n\t\t\t\t<div class=\"elementor-post__meta-data\">\n\t\t\t\t\t<span class=\"elementor-post-date\">\n\t\t\t5 mars 2026\t\t<\/span>\n\t\t\t\t<\/div>\n\t\t\t\t<\/div>\n\t\t\t\t<\/article>\n\t\t\t\t<article class=\"elementor-post elementor-grid-item post-15508 post type-post status-publish format-standard has-post-thumbnail hentry category-non-classifiee\">\n\t\t\t\t<div class=\"elementor-post__text\">\n\t\t\t\t<h3 class=\"elementor-post__title\">\n\t\t\t<a href=\"https:\/\/ortzaize.eus\/fr\/ateliers-mendi-jakitateak\/\" >\n\t\t\t\tATELIERS MENDI JAKITATEAK\t\t\t<\/a>\n\t\t<\/h3>\n\t\t\t\t<div class=\"elementor-post__meta-data\">\n\t\t\t\t\t<span class=\"elementor-post-date\">\n\t\t\t5 mars 2026\t\t<\/span>\n\t\t\t\t<\/div>\n\t\t\t\t<\/div>\n\t\t\t\t<\/article>\n\t\t\t\t<article class=\"elementor-post elementor-grid-item post-15506 post type-post status-publish format-standard has-post-thumbnail hentry category-actualites\">\n\t\t\t\t<div class=\"elementor-post__text\">\n\t\t\t\t<h3 class=\"elementor-post__title\">\n\t\t\t<a href=\"https:\/\/ortzaize.eus\/fr\/operation-nive-zero-dechet\/\" >\n\t\t\t\tOp\u00e9ration Nive ZERO DECHET\t\t\t<\/a>\n\t\t<\/h3>\n\t\t\t\t<div class=\"elementor-post__meta-data\">\n\t\t\t\t\t<span class=\"elementor-post-date\">\n\t\t\t5 mars 2026\t\t<\/span>\n\t\t\t\t<\/div>\n\t\t\t\t<\/div>\n\t\t\t\t<\/article>\n\t\t\t\t<\/div>\n\t\t\t\t<\/div>\n\t\t\t\t<\/div>\n\t\t\t\t\t<\/div>\n\t\t<\/div>\n\t\t\t\t<div class=\"elementor-column elementor-col-66 elementor-top-column elementor-element elementor-element-2c75eb5\" data-id=\"2c75eb5\" data-element_type=\"column\">\n\t\t\t<div class=\"elementor-widget-wrap elementor-element-populated\">\n\t\t\t\t\t\t\t\t<div class=\"elementor-element elementor-element-2dea5c47 elementor-widget elementor-widget-heading\" data-id=\"2dea5c47\" data-element_type=\"widget\" data-widget_type=\"heading.default\">\n\t\t\t\t<div class=\"elementor-widget-container\">\n\t\t\t<h3 class=\"elementor-heading-title elementor-size-default\">LES INFORMATIONS PRATIQUES<\/h3>\t\t<\/div>\n\t\t\t\t<\/div>\n\t\t\t\t<div class=\"elementor-element elementor-element-306cec07 according-egov elementor-widget elementor-widget-accordion\" data-id=\"306cec07\" data-element_type=\"widget\" data-widget_type=\"accordion.default\">\n\t\t\t\t<div class=\"elementor-widget-container\">\n\t\t\t\t\t<div class=\"elementor-accordion\" role=\"tablist\">\n\t\t\t\t\t\t\t<div class=\"elementor-accordion-item\">\n\t\t\t\t\t<div id=\"elementor-tab-title-8121\" class=\"elementor-tab-title\" data-tab=\"1\" role=\"tab\" aria-controls=\"elementor-tab-content-8121\" aria-expanded=\"false\">\n\t\t\t\t\t\t\t\t\t\t\t\t\t<span class=\"elementor-accordion-icon elementor-accordion-icon-right\" aria-hidden=\"true\">\n\t\t\t\t\t\t\t\t\t\t\t\t\t\t\t<span class=\"elementor-accordion-icon-closed\"><i class=\"fas fa-chevron-down\"><\/i><\/span>\n\t\t\t\t\t\t\t\t<span class=\"elementor-accordion-icon-opened\"><i class=\"fas fa-chevron-up\"><\/i><\/span>\n\t\t\t\t\t\t\t\t\t\t\t\t\t\t<\/span>\n\t\t\t\t\t\t\t\t\t\t\t\t<a class=\"elementor-accordion-title\" href=\"\">Services communaux<\/a>\n\t\t\t\t\t<\/div>\n\t\t\t\t\t<div id=\"elementor-tab-content-8121\" class=\"elementor-tab-content elementor-clearfix\" data-tab=\"1\" role=\"tabpanel\" aria-labelledby=\"elementor-tab-title-8121\"><p><strong>Mairie<\/strong><br \/>Adresse : 315, Hortzako karrika<br \/>64780 OSSES<\/p><p>T\u00e9l\u00e9phone : 05.59.37.74.62<\/p><p>Mail : <span style=\"font-weight: 400;\">idazkaritza@ortzaize.eus<\/span><\/p><p>Jours et heures d\u2019ouverture : lundi, mardi, jeudi et vendredi de 13h30 \u00e0 17h30 et le mercredi de 9h \u00e0 12h<\/p><p>\u00a0<\/p><p><strong>Agence Postale communale<\/strong><br \/>Adresse : Bourg<br \/>64780 OSSES<br \/>T\u00e9l\u00e9phone : 05.59.37.71.71<br \/>Mail : ap.osses@laposte.fr<br \/>Jours et heures d\u2019ouverture : du mardi au samedi de 9 h \u00e0 12 h<\/p><p>\u00a0<\/p><p><strong>Biblioth\u00e8que<\/strong><br \/>A l\u2019agence postale : du mardi au samedi de 9h \u00e0 12h<br \/>A la mairie : mardi de 16h \u00e0 17h30<\/p><p>\u00a0<\/p><p><strong>Garderie<\/strong><br \/>Adresse : Centre de loisirs<br \/>Bourg<br \/>64780 OSSES<br \/>Mail : centreloisirsosses@orange.fr<br \/>Jours et heures d\u2019ouverture : lundi, mardi, jeudi et vendredi de 7h30 \u00e0 9h et de 16h15 \u00e0 18h30<\/p><\/div>\n\t\t\t\t<\/div>\n\t\t\t\t\t\t\t<div class=\"elementor-accordion-item\">\n\t\t\t\t\t<div id=\"elementor-tab-title-8122\" class=\"elementor-tab-title\" data-tab=\"2\" role=\"tab\" aria-controls=\"elementor-tab-content-8122\" aria-expanded=\"false\">\n\t\t\t\t\t\t\t\t\t\t\t\t\t<span class=\"elementor-accordion-icon elementor-accordion-icon-right\" aria-hidden=\"true\">\n\t\t\t\t\t\t\t\t\t\t\t\t\t\t\t<span class=\"elementor-accordion-icon-closed\"><i class=\"fas fa-chevron-down\"><\/i><\/span>\n\t\t\t\t\t\t\t\t<span class=\"elementor-accordion-icon-opened\"><i class=\"fas fa-chevron-up\"><\/i><\/span>\n\t\t\t\t\t\t\t\t\t\t\t\t\t\t<\/span>\n\t\t\t\t\t\t\t\t\t\t\t\t<a class=\"elementor-accordion-title\" href=\"\">Centres de tri \/ D\u00e9chetterie<\/a>\n\t\t\t\t\t<\/div>\n\t\t\t\t\t<div id=\"elementor-tab-content-8122\" class=\"elementor-tab-content elementor-clearfix\" data-tab=\"2\" role=\"tabpanel\" aria-labelledby=\"elementor-tab-title-8122\"><p><strong>Centre de tri D\u00e9chetterie de BAIGORRI<\/strong><\/p><p><span style=\"font-weight: 400;\">Adresse : RD 948 Route de Saint Martin d\u2019Arrossa<\/span><\/p><p><span style=\"font-weight: 400;\">64430 SAINT ETIENNE DE BAIGORRY<\/span><\/p><p><span style=\"font-weight: 400;\">T\u00e9l\u00e9phone : 05.59.37.43.66<\/span><\/p><p><span style=\"font-weight: 400;\">Jours et heures d\u2019ouverture :<\/span><\/p><p><span style=\"font-weight: 400;\">Mardi : 9h-12h \/ 14h-17h<\/span><\/p><p><span style=\"font-weight: 400;\">Jeudi : 14h-17h<\/span><\/p><p><span style=\"font-weight: 400;\">Samedi : 9h-12h \/ 14h-17h<\/span><\/p><p><span style=\"font-weight: 400;\"><strong>Objectif<\/strong> : lutter contre ces d\u00e9p\u00f4ts qui sont en hausse, notamment \u00e0 proximit\u00e9 des conteneurs de collecte, comme en t\u00e9moignent les agents de collecte de la Communaut\u00e9 Pays Basque.\u00a0<\/span><\/p><p>\u00a0<\/p><p><span style=\"font-weight: 400;\"><img loading=\"lazy\" class=\"size-medium wp-image-5892 alignleft\" src=\"https:\/\/ortzaize.eus\/wp-content\/uploads\/2020\/07\/image1-216x300.jpg\" alt=\"\" width=\"216\" height=\"300\" srcset=\"https:\/\/ortzaize.eus\/wp-content\/uploads\/2020\/07\/image1-216x300.jpg 216w, https:\/\/ortzaize.eus\/wp-content\/uploads\/2020\/07\/image1-432x600.jpg 432w, https:\/\/ortzaize.eus\/wp-content\/uploads\/2020\/07\/image1-403x560.jpg 403w, https:\/\/ortzaize.eus\/wp-content\/uploads\/2020\/07\/image1.jpg 600w\" sizes=\"(max-width: 216px) 100vw, 216px\" \/>Les usagers ayant effectu\u00e9 un d\u00e9p\u00f4t sauvage sont en effet passibles d\u2019une amende pouvant aller jusqu\u2019\u00e0 1500 euros selon la gravit\u00e9 des faits.<\/span><\/p><p><span style=\"font-weight: 400;\">Pour \u00e9viter cette pollution, deux solutions :<\/span><\/p><ul><li><span style=\"font-weight: 400;\"> Pour les cartons, les encombrants (meubles, \u00e9lectrom\u00e9nagers&#8230;), les d\u00e9chets verts : le d\u00e9p\u00f4t dans l\u2019une des 26 d\u00e9chetteries du Pays Basque, actuellement ouvertes et soumises \u00e0 l\u2019application des gestes barri\u00e8res (port du masque obligatoire).<\/span><\/li><li><span style=\"font-weight: 400;\"> Pour les ordures m\u00e9nag\u00e8res ou les emballages recyclables : le d\u00e9p\u00f4t en point de collecte. Si le conteneur est plein, il faut se rendre dans un autre point de collecte ou avertir les services de la Communaut\u00e9 Pays Basque (Contact disponible sur la fiche de chaque commune).<\/span><\/li><\/ul><\/div>\n\t\t\t\t<\/div>\n\t\t\t\t\t\t\t<div class=\"elementor-accordion-item\">\n\t\t\t\t\t<div id=\"elementor-tab-title-8123\" class=\"elementor-tab-title\" data-tab=\"3\" role=\"tab\" aria-controls=\"elementor-tab-content-8123\" aria-expanded=\"false\">\n\t\t\t\t\t\t\t\t\t\t\t\t\t<span class=\"elementor-accordion-icon elementor-accordion-icon-right\" aria-hidden=\"true\">\n\t\t\t\t\t\t\t\t\t\t\t\t\t\t\t<span class=\"elementor-accordion-icon-closed\"><i class=\"fas fa-chevron-down\"><\/i><\/span>\n\t\t\t\t\t\t\t\t<span class=\"elementor-accordion-icon-opened\"><i class=\"fas fa-chevron-up\"><\/i><\/span>\n\t\t\t\t\t\t\t\t\t\t\t\t\t\t<\/span>\n\t\t\t\t\t\t\t\t\t\t\t\t<a class=\"elementor-accordion-title\" href=\"\">Comp\u00e9tences li\u00e9es \u00e0 la CAPB<\/a>\n\t\t\t\t\t<\/div>\n\t\t\t\t\t<div id=\"elementor-tab-content-8123\" class=\"elementor-tab-content elementor-clearfix\" data-tab=\"3\" role=\"tabpanel\" aria-labelledby=\"elementor-tab-title-8123\"><p><strong>Service Eau potable et Assainissement<\/strong><\/p><p><span style=\"font-weight: 400;\">CAPB<\/span><\/p><p><span style=\"font-weight: 400;\">Adresse : ZA Learra B\u00e2timent 2<\/span><\/p><p><span style=\"font-weight: 400;\">Route de Bayonne<\/span><\/p><p><span style=\"font-weight: 400;\">64220 ASCARAT<\/span><\/p><p><span style=\"font-weight: 400;\">T\u00e9l\u00e9phone : 05.59.57.11.83<\/span><\/p><p>\u00a0<\/p><p><b>T\u00e9l\u00e9phone urgence <\/b>(<span style=\"font-weight: 400;\">en dehors des jours et heures d\u2019accueil<\/span>) <span style=\"font-weight: 400;\">:<\/span><b> 06.37.82.11.67<\/b><\/p><p><span style=\"font-weight: 400;\">Mail : regie-eau-secteur7@communaute-paysbasque.fr<\/span><\/p><p><span style=\"font-weight: 400;\">Jours et heures d\u2019ouverture : Du lundi au vendredi de 9h \u00e0 12h<\/span><\/p><p><span style=\"font-weight: 400;\">Sur rendez-vous du lundi au jeudi de 14h \u00e0 17h et vendredi de 14h \u00e0 16h<\/span><\/p><\/div>\n\t\t\t\t<\/div>\n\t\t\t\t\t\t\t\t<\/div>\n\t\t\t\t<\/div>\n\t\t\t\t<\/div>\n\t\t\t\t<div class=\"elementor-element elementor-element-e4f3bd2 elementor-widget elementor-widget-html\" data-id=\"e4f3bd2\" data-element_type=\"widget\" data-widget_type=\"html.default\">\n\t\t\t\t<div class=\"elementor-widget-container\">\n\t\t\t<script> \njQuery(document).ready(function($) { \nvar delay = 100; setTimeout(function() { \n$('.elementor-tab-title').removeClass('elementor-active');\n $('.elementor-tab-content').css('display', 'none'); }, delay); \n}); \n<\/script>\t\t<\/div>\n\t\t\t\t<\/div>\n\t\t\t\t\t<\/div>\n\t\t<\/div>\n\t\t\t\t\t\t\t<\/div>\n\t\t<\/section>\n\t\t\t\t\t\t<\/div>\n\t\t\t\t\t<\/div>\n\t\t","protected":false},"excerpt":{"rendered":"<p>Mairie Hautetsiak Herriko langileak Informazio praktikoak Herriko erabakiak Urtekariak eta berripaperak Les derni\u00e8res actualit\u00e9s LES INFORMATIONS PRATIQUES Services communaux MairieAdresse : 315, Hortzako karrika64780 OSSES<\/p>\n","protected":false},"author":1,"featured_media":0,"parent":0,"menu_order":0,"comment_status":"closed","ping_status":"closed","template":"","meta":{"_monsterinsights_skip_tracking":false,"_monsterinsights_sitenote_active":false,"_monsterinsights_sitenote_note":"","_monsterinsights_sitenote_category":0},"yoast_head":"<!-- This site is optimized with the Yoast SEO plugin v16.8 - https:\/\/yoast.com\/wordpress\/plugins\/seo\/ -->\n<title>Les informations pratiques - Oss\u00e8s<\/title>\n<meta name=\"robots\" content=\"index, follow, max-snippet:-1, max-image-preview:large, max-video-preview:-1\" \/>\n<link rel=\"canonical\" href=\"https:\/\/ortzaize.eus\/fr\/informazio-praktikoak\/\" \/>\n<meta property=\"og:locale\" content=\"fr_FR\" \/>\n<meta property=\"og:type\" content=\"article\" \/>\n<meta property=\"og:title\" content=\"Les informations pratiques - Oss\u00e8s\" \/>\n<meta property=\"og:description\" content=\"Mairie Hautetsiak Herriko langileak Informazio praktikoak Herriko erabakiak Urtekariak eta berripaperak Les derni\u00e8res actualit\u00e9s LES INFORMATIONS PRATIQUES Services communaux MairieAdresse : 315, Hortzako karrika64780 OSSES\" \/>\n<meta property=\"og:url\" content=\"https:\/\/ortzaize.eus\/informazio-praktikoak\/\" \/>\n<meta property=\"og:site_name\" content=\"Oss\u00e8s\" \/>\n<meta property=\"article:modified_time\" content=\"2025-06-17T12:46:07+00:00\" \/>\n<meta property=\"og:image\" content=\"https:\/\/ortzaize.eus\/wp-content\/uploads\/2020\/07\/image1-216x300.jpg\" \/>\n<meta name=\"twitter:card\" content=\"summary_large_image\" \/>\n<meta name=\"twitter:label1\" content=\"Dur\u00e9e de lecture est.\" \/>\n\t<meta name=\"twitter:data1\" content=\"1 minute\" \/>\n<script type=\"application\/ld+json\" class=\"yoast-schema-graph\">{\"@context\":\"https:\/\/schema.org\",\"@graph\":[{\"@type\":\"Organization\",\"@id\":\"https:\/\/ortzaize.eus\/#organization\",\"name\":\"Oss\\u00e8s - Mairie d'Oss\\u00e8s\",\"url\":\"https:\/\/ortzaize.eus\/\",\"sameAs\":[],\"logo\":{\"@type\":\"ImageObject\",\"@id\":\"https:\/\/ortzaize.eus\/#logo\",\"inLanguage\":\"fr-FR\",\"url\":\"https:\/\/ortzaize.eus\/wp-content\/uploads\/2021\/06\/logo-ortzaize-ttipi.png\",\"contentUrl\":\"https:\/\/ortzaize.eus\/wp-content\/uploads\/2021\/06\/logo-ortzaize-ttipi.png\",\"width\":400,\"height\":199,\"caption\":\"Oss\\u00e8s - Mairie d'Oss\\u00e8s\"},\"image\":{\"@id\":\"https:\/\/ortzaize.eus\/#logo\"}},{\"@type\":\"WebSite\",\"@id\":\"https:\/\/ortzaize.eus\/#website\",\"url\":\"https:\/\/ortzaize.eus\/\",\"name\":\"Oss\\u00e8s\",\"description\":\"Mairie\",\"publisher\":{\"@id\":\"https:\/\/ortzaize.eus\/#organization\"},\"potentialAction\":[{\"@type\":\"SearchAction\",\"target\":{\"@type\":\"EntryPoint\",\"urlTemplate\":\"https:\/\/ortzaize.eus\/?s={search_term_string}\"},\"query-input\":\"required name=search_term_string\"}],\"inLanguage\":\"fr-FR\"},{\"@type\":\"ImageObject\",\"@id\":\"https:\/\/ortzaize.eus\/informazio-praktikoak\/#primaryimage\",\"inLanguage\":\"fr-FR\",\"url\":\"https:\/\/ortzaize.eus\/wp-content\/uploads\/2020\/07\/image1.jpg\",\"contentUrl\":\"https:\/\/ortzaize.eus\/wp-content\/uploads\/2020\/07\/image1.jpg\",\"width\":600,\"height\":834},{\"@type\":\"WebPage\",\"@id\":\"https:\/\/ortzaize.eus\/informazio-praktikoak\/#webpage\",\"url\":\"https:\/\/ortzaize.eus\/informazio-praktikoak\/\",\"name\":\"Les informations pratiques - Oss\\u00e8s\",\"isPartOf\":{\"@id\":\"https:\/\/ortzaize.eus\/#website\"},\"primaryImageOfPage\":{\"@id\":\"https:\/\/ortzaize.eus\/informazio-praktikoak\/#primaryimage\"},\"datePublished\":\"2021-06-01T13:43:24+00:00\",\"dateModified\":\"2025-06-17T12:46:07+00:00\",\"breadcrumb\":{\"@id\":\"https:\/\/ortzaize.eus\/informazio-praktikoak\/#breadcrumb\"},\"inLanguage\":\"fr-FR\",\"potentialAction\":[{\"@type\":\"ReadAction\",\"target\":[\"https:\/\/ortzaize.eus\/informazio-praktikoak\/\"]}]},{\"@type\":\"BreadcrumbList\",\"@id\":\"https:\/\/ortzaize.eus\/informazio-praktikoak\/#breadcrumb\",\"itemListElement\":[{\"@type\":\"ListItem\",\"position\":1,\"name\":\"Accueil\",\"item\":\"https:\/\/ortzaize.eus\/\"},{\"@type\":\"ListItem\",\"position\":2,\"name\":\"Les informations pratiques\"}]}]}<\/script>\n<!-- \/ Yoast SEO plugin. -->","yoast_head_json":{"title":"Les informations pratiques - Oss\u00e8s","robots":{"index":"index","follow":"follow","max-snippet":"max-snippet:-1","max-image-preview":"max-image-preview:large","max-video-preview":"max-video-preview:-1"},"canonical":"https:\/\/ortzaize.eus\/fr\/informazio-praktikoak\/","og_locale":"fr_FR","og_type":"article","og_title":"Les informations pratiques - Oss\u00e8s","og_description":"Mairie Hautetsiak Herriko langileak Informazio praktikoak Herriko erabakiak Urtekariak eta berripaperak Les derni\u00e8res actualit\u00e9s LES INFORMATIONS PRATIQUES Services communaux MairieAdresse : 315, Hortzako karrika64780 OSSES","og_url":"https:\/\/ortzaize.eus\/informazio-praktikoak\/","og_site_name":"Oss\u00e8s","article_modified_time":"2025-06-17T12:46:07+00:00","og_image":[{"url":"https:\/\/ortzaize.eus\/wp-content\/uploads\/2020\/07\/image1-216x300.jpg"}],"twitter_card":"summary_large_image","twitter_misc":{"Dur\u00e9e de lecture est.":"1 minute"},"schema":{"@context":"https:\/\/schema.org","@graph":[{"@type":"Organization","@id":"https:\/\/ortzaize.eus\/#organization","name":"Oss\u00e8s - Mairie d'Oss\u00e8s","url":"https:\/\/ortzaize.eus\/","sameAs":[],"logo":{"@type":"ImageObject","@id":"https:\/\/ortzaize.eus\/#logo","inLanguage":"fr-FR","url":"https:\/\/ortzaize.eus\/wp-content\/uploads\/2021\/06\/logo-ortzaize-ttipi.png","contentUrl":"https:\/\/ortzaize.eus\/wp-content\/uploads\/2021\/06\/logo-ortzaize-ttipi.png","width":400,"height":199,"caption":"Oss\u00e8s - Mairie d'Oss\u00e8s"},"image":{"@id":"https:\/\/ortzaize.eus\/#logo"}},{"@type":"WebSite","@id":"https:\/\/ortzaize.eus\/#website","url":"https:\/\/ortzaize.eus\/","name":"Oss\u00e8s","description":"Mairie","publisher":{"@id":"https:\/\/ortzaize.eus\/#organization"},"potentialAction":[{"@type":"SearchAction","target":{"@type":"EntryPoint","urlTemplate":"https:\/\/ortzaize.eus\/?s={search_term_string}"},"query-input":"required name=search_term_string"}],"inLanguage":"fr-FR"},{"@type":"ImageObject","@id":"https:\/\/ortzaize.eus\/informazio-praktikoak\/#primaryimage","inLanguage":"fr-FR","url":"https:\/\/ortzaize.eus\/wp-content\/uploads\/2020\/07\/image1.jpg","contentUrl":"https:\/\/ortzaize.eus\/wp-content\/uploads\/2020\/07\/image1.jpg","width":600,"height":834},{"@type":"WebPage","@id":"https:\/\/ortzaize.eus\/informazio-praktikoak\/#webpage","url":"https:\/\/ortzaize.eus\/informazio-praktikoak\/","name":"Les informations pratiques - Oss\u00e8s","isPartOf":{"@id":"https:\/\/ortzaize.eus\/#website"},"primaryImageOfPage":{"@id":"https:\/\/ortzaize.eus\/informazio-praktikoak\/#primaryimage"},"datePublished":"2021-06-01T13:43:24+00:00","dateModified":"2025-06-17T12:46:07+00:00","breadcrumb":{"@id":"https:\/\/ortzaize.eus\/informazio-praktikoak\/#breadcrumb"},"inLanguage":"fr-FR","potentialAction":[{"@type":"ReadAction","target":["https:\/\/ortzaize.eus\/informazio-praktikoak\/"]}]},{"@type":"BreadcrumbList","@id":"https:\/\/ortzaize.eus\/informazio-praktikoak\/#breadcrumb","itemListElement":[{"@type":"ListItem","position":1,"name":"Accueil","item":"https:\/\/ortzaize.eus\/"},{"@type":"ListItem","position":2,"name":"Les informations pratiques"}]}]}},"_links":{"self":[{"href":"https:\/\/ortzaize.eus\/fr\/wp-json\/wp\/v2\/pages\/6767"}],"collection":[{"href":"https:\/\/ortzaize.eus\/fr\/wp-json\/wp\/v2\/pages"}],"about":[{"href":"https:\/\/ortzaize.eus\/fr\/wp-json\/wp\/v2\/types\/page"}],"author":[{"embeddable":true,"href":"https:\/\/ortzaize.eus\/fr\/wp-json\/wp\/v2\/users\/1"}],"replies":[{"embeddable":true,"href":"https:\/\/ortzaize.eus\/fr\/wp-json\/wp\/v2\/comments?post=6767"}],"version-history":[{"count":28,"href":"https:\/\/ortzaize.eus\/fr\/wp-json\/wp\/v2\/pages\/6767\/revisions"}],"predecessor-version":[{"id":13577,"href":"https:\/\/ortzaize.eus\/fr\/wp-json\/wp\/v2\/pages\/6767\/revisions\/13577"}],"wp:attachment":[{"href":"https:\/\/ortzaize.eus\/fr\/wp-json\/wp\/v2\/media?parent=6767"}],"curies":[{"name":"wp","href":"https:\/\/api.w.org\/{rel}","templated":true}]}}