{"id":6666,"date":"2021-06-01T11:46:01","date_gmt":"2021-06-01T11:46:01","guid":{"rendered":"https:\/\/mairieosses21.bixoko.com\/?page_id=6666"},"modified":"2025-06-17T10:08:03","modified_gmt":"2025-06-17T10:08:03","slug":"archives","status":"publish","type":"page","link":"https:\/\/ortzaize.eus\/fr\/archives\/","title":{"rendered":"Archives"},"content":{"rendered":"\t\t<div data-elementor-type=\"wp-page\" data-elementor-id=\"6666\" class=\"elementor elementor-6666\" data-elementor-settings=\"[]\">\n\t\t\t\t\t\t\t<div class=\"elementor-section-wrap\">\n\t\t\t\t\t\t\t<section class=\"elementor-section elementor-top-section elementor-element elementor-element-c5bb3aa elementor-reverse-tablet elementor-reverse-mobile elementor-section-boxed elementor-section-height-default elementor-section-height-default\" data-id=\"c5bb3aa\" data-element_type=\"section\">\n\t\t\t\t\t\t<div class=\"elementor-container elementor-column-gap-wider\">\n\t\t\t\t\t<div class=\"elementor-column elementor-col-33 elementor-top-column elementor-element elementor-element-43e0ea8\" data-id=\"43e0ea8\" data-element_type=\"column\" data-settings=\"{&quot;background_background&quot;:&quot;classic&quot;,&quot;motion_fx_motion_fx_scrolling&quot;:&quot;yes&quot;,&quot;motion_fx_devices&quot;:[&quot;desktop&quot;,&quot;tablet&quot;,&quot;mobile&quot;]}\">\n\t\t\t<div class=\"elementor-widget-wrap elementor-element-populated\">\n\t\t\t\t\t\t\t\t<div class=\"elementor-element elementor-element-f59a9c0 elementor-widget elementor-widget-heading\" data-id=\"f59a9c0\" data-element_type=\"widget\" data-widget_type=\"heading.default\">\n\t\t\t\t<div class=\"elementor-widget-container\">\n\t\t\t<h2 class=\"elementor-heading-title elementor-size-default\">Oss\u00e8s<\/h2>\t\t<\/div>\n\t\t\t\t<\/div>\n\t\t\t\t<div class=\"elementor-element elementor-element-5f7cfb6 elementor-widget-divider--view-line elementor-widget elementor-widget-divider\" data-id=\"5f7cfb6\" data-element_type=\"widget\" data-widget_type=\"divider.default\">\n\t\t\t\t<div class=\"elementor-widget-container\">\n\t\t\t\t\t<div class=\"elementor-divider\">\n\t\t\t<span class=\"elementor-divider-separator\">\n\t\t\t\t\t\t<\/span>\n\t\t<\/div>\n\t\t\t\t<\/div>\n\t\t\t\t<\/div>\n\t\t\t\t<div class=\"elementor-element elementor-element-176f52a elementor-widget elementor-widget-ova_menu_page\" data-id=\"176f52a\" data-element_type=\"widget\" data-widget_type=\"ova_menu_page.default\">\n\t\t\t\t<div class=\"elementor-widget-container\">\n\t\t\t\t\t<div class=\"ova_menu_page type3 \" data-position_active=\"\">\n\t\t\t<ul id=\"menu-rubrique-osses\" class=\"menu\"><li id=\"menu-item-6638\" class=\"menu-item menu-item-type-post_type menu-item-object-page menu-item-6638\"><a href=\"https:\/\/ortzaize.eus\/fr\/histoire\/\">Histoire<\/a><\/li>\n<li id=\"menu-item-6641\" class=\"menu-item menu-item-type-post_type menu-item-object-page menu-item-6641\"><a href=\"https:\/\/ortzaize.eus\/fr\/patrimoine\/\">Patrimoine<\/a><\/li>\n<li id=\"menu-item-6691\" class=\"menu-item menu-item-type-post_type menu-item-object-page menu-item-6691\"><a href=\"https:\/\/ortzaize.eus\/fr\/osses-physique\/\">Oss\u00e8s physique<\/a><\/li>\n<li id=\"menu-item-6659\" class=\"menu-item menu-item-type-post_type menu-item-object-page menu-item-6659\"><a href=\"https:\/\/ortzaize.eus\/fr\/demographie\/\">D\u00e9mographie<\/a><\/li>\n<li id=\"menu-item-6668\" class=\"menu-item menu-item-type-post_type menu-item-object-page menu-item-6668\"><a href=\"https:\/\/ortzaize.eus\/fr\/archives\/\">Archives<\/a><\/li>\n<\/ul>\t\t<\/div>\n\t\t\t\t<\/div>\n\t\t\t\t<\/div>\n\t\t\t\t<div class=\"elementor-element elementor-element-709df24 elementor-widget elementor-widget-heading\" data-id=\"709df24\" data-element_type=\"widget\" data-widget_type=\"heading.default\">\n\t\t\t\t<div class=\"elementor-widget-container\">\n\t\t\t<h3 class=\"elementor-heading-title elementor-size-default\">Les derni\u00e8res actualit\u00e9s<\/h3>\t\t<\/div>\n\t\t\t\t<\/div>\n\t\t\t\t<div class=\"elementor-element elementor-element-b3d5103 elementor-widget-divider--view-line elementor-widget elementor-widget-divider\" data-id=\"b3d5103\" data-element_type=\"widget\" data-widget_type=\"divider.default\">\n\t\t\t\t<div class=\"elementor-widget-container\">\n\t\t\t\t\t<div class=\"elementor-divider\">\n\t\t\t<span class=\"elementor-divider-separator\">\n\t\t\t\t\t\t<\/span>\n\t\t<\/div>\n\t\t\t\t<\/div>\n\t\t\t\t<\/div>\n\t\t\t\t<div class=\"elementor-element elementor-element-4a040ac elementor-grid-1 elementor-posts--thumbnail-none elementor-grid-tablet-2 elementor-grid-mobile-1 elementor-widget elementor-widget-posts\" data-id=\"4a040ac\" data-element_type=\"widget\" data-settings=\"{&quot;classic_columns&quot;:&quot;1&quot;,&quot;classic_row_gap&quot;:{&quot;unit&quot;:&quot;px&quot;,&quot;size&quot;:11,&quot;sizes&quot;:[]},&quot;classic_columns_tablet&quot;:&quot;2&quot;,&quot;classic_columns_mobile&quot;:&quot;1&quot;}\" data-widget_type=\"posts.classic\">\n\t\t\t\t<div class=\"elementor-widget-container\">\n\t\t\t\t\t<div class=\"elementor-posts-container elementor-posts elementor-posts--skin-classic elementor-grid\">\n\t\t\t\t<article class=\"elementor-post elementor-grid-item post-15521 post type-post status-publish format-standard has-post-thumbnail hentry category-actualites\">\n\t\t\t\t<div class=\"elementor-post__text\">\n\t\t\t\t<h3 class=\"elementor-post__title\">\n\t\t\t<a href=\"https:\/\/ortzaize.eus\/fr\/expo-photo-guillaume-fauveau\/\" >\n\t\t\t\tExpo Photo &#8211; Guillaume FAUVEAU\t\t\t<\/a>\n\t\t<\/h3>\n\t\t\t\t<div class=\"elementor-post__meta-data\">\n\t\t\t\t\t<span class=\"elementor-post-date\">\n\t\t\t5 mars 2026\t\t<\/span>\n\t\t\t\t<\/div>\n\t\t\t\t<\/div>\n\t\t\t\t<\/article>\n\t\t\t\t<article class=\"elementor-post elementor-grid-item post-15508 post type-post status-publish format-standard has-post-thumbnail hentry category-non-classifiee\">\n\t\t\t\t<div class=\"elementor-post__text\">\n\t\t\t\t<h3 class=\"elementor-post__title\">\n\t\t\t<a href=\"https:\/\/ortzaize.eus\/fr\/ateliers-mendi-jakitateak\/\" >\n\t\t\t\tATELIERS MENDI JAKITATEAK\t\t\t<\/a>\n\t\t<\/h3>\n\t\t\t\t<div class=\"elementor-post__meta-data\">\n\t\t\t\t\t<span class=\"elementor-post-date\">\n\t\t\t5 mars 2026\t\t<\/span>\n\t\t\t\t<\/div>\n\t\t\t\t<\/div>\n\t\t\t\t<\/article>\n\t\t\t\t<article class=\"elementor-post elementor-grid-item post-15506 post type-post status-publish format-standard has-post-thumbnail hentry category-actualites\">\n\t\t\t\t<div class=\"elementor-post__text\">\n\t\t\t\t<h3 class=\"elementor-post__title\">\n\t\t\t<a href=\"https:\/\/ortzaize.eus\/fr\/operation-nive-zero-dechet\/\" >\n\t\t\t\tOp\u00e9ration Nive ZERO DECHET\t\t\t<\/a>\n\t\t<\/h3>\n\t\t\t\t<div class=\"elementor-post__meta-data\">\n\t\t\t\t\t<span class=\"elementor-post-date\">\n\t\t\t5 mars 2026\t\t<\/span>\n\t\t\t\t<\/div>\n\t\t\t\t<\/div>\n\t\t\t\t<\/article>\n\t\t\t\t<\/div>\n\t\t\t\t<\/div>\n\t\t\t\t<\/div>\n\t\t\t\t\t<\/div>\n\t\t<\/div>\n\t\t\t\t<div class=\"elementor-column elementor-col-66 elementor-top-column elementor-element elementor-element-2c75eb5\" data-id=\"2c75eb5\" data-element_type=\"column\">\n\t\t\t<div class=\"elementor-widget-wrap elementor-element-populated\">\n\t\t\t\t\t\t\t\t<div class=\"elementor-element elementor-element-1fed3a1c elementor-widget elementor-widget-heading\" data-id=\"1fed3a1c\" data-element_type=\"widget\" data-widget_type=\"heading.default\">\n\t\t\t\t<div class=\"elementor-widget-container\">\n\t\t\t<h3 class=\"elementor-heading-title elementor-size-default\">LES ARCHIVES DE LA COMMUNE<\/h3>\t\t<\/div>\n\t\t\t\t<\/div>\n\t\t\t\t<div class=\"elementor-element elementor-element-7a36ed4b elementor-widget elementor-widget-text-editor\" data-id=\"7a36ed4b\" data-element_type=\"widget\" data-widget_type=\"text-editor.default\">\n\t\t\t\t<div class=\"elementor-widget-container\">\n\t\t\t\t\t\t\t\t<p><span style=\"font-weight: 400;\">Selon le Code du Patrimoine, articles L214 \u2013 1 \u00e0 5, le maire est p\u00e9nalement responsable des archives de sa commune et notamment de leur conservation. D\u2019ailleurs les frais de conservation de ces documents re\u00e7us et produits dans l\u2019exercice de l\u2019activit\u00e9 de la commune sont compris dans ses d\u00e9penses obligatoires.<\/span><\/p>\t\t\t\t\t\t<\/div>\n\t\t\t\t<\/div>\n\t\t\t\t<div class=\"elementor-element elementor-element-2b671e17 elementor-widget elementor-widget-text-editor\" data-id=\"2b671e17\" data-element_type=\"widget\" data-widget_type=\"text-editor.default\">\n\t\t\t\t<div class=\"elementor-widget-container\">\n\t\t\t\t\t\t\t\t<p><strong>Les archives sont class\u00e9es selon 3 ensembles chronologiques :<\/strong><\/p><ul><li><span style=\"font-weight: 400;\">Les archives anciennes : les documents ant\u00e9rieurs \u00e0 1790 (p\u00e9riode pr\u00e9r\u00e9volutionnaire)<\/span><\/li><li><span style=\"font-weight: 400;\">Les archives modernes : les documents couvrant la p\u00e9riode de 1790 \u00e0 1983 environ<\/span><\/li><li><span style=\"font-weight: 400;\">Les archives contemporaines : les documents produits depuis 1983 environ, correspondant \u00e0 l\u2019entr\u00e9e en vigueur des lois de d\u00e9centralisation de 1981 et 1982.<\/span><\/li><\/ul><p>\u00a0<\/p>\t\t\t\t\t\t<\/div>\n\t\t\t\t<\/div>\n\t\t\t\t<div class=\"elementor-element elementor-element-75d4b770 elementor-widget elementor-widget-text-editor\" data-id=\"75d4b770\" data-element_type=\"widget\" data-widget_type=\"text-editor.default\">\n\t\t\t\t<div class=\"elementor-widget-container\">\n\t\t\t\t\t\t\t\t<p><strong>Les archives sont publiques et consultables par tous. Il existe toutefois des restrictions de consultation.\u00a0<\/strong><\/p><p>Les archives librement communicables sont :<\/p><ul><li><span style=\"font-weight: 400;\">Les registres de d\u00e9lib\u00e9rations<\/span><\/li><li><span style=\"font-weight: 400;\">La comptabilit\u00e9 (sauf donn\u00e9es nominatives)<\/span><\/li><li><span style=\"font-weight: 400;\">La liste \u00e9lectorale<\/span><\/li><li><span style=\"font-weight: 400;\">Les registres de d\u00e9c\u00e8s<\/span><\/li><li><span style=\"font-weight: 400;\">Les tables d\u00e9cennales etc.<\/span><\/li><\/ul><p>Les archives communicables pass\u00e9 un d\u00e9lai de :<\/p><ul><li><span style=\"font-weight: 400;\">50 ans : les dossiers de personnel, les documents portant un jugement de valeur sur une personne physique.<\/span><\/li><li><span style=\"font-weight: 400;\">75 ans : les registres d\u2019\u00e9tat civil des naissances et mariages.<\/span><\/li><li><span style=\"font-weight: 400;\">100 ans : les documents qui se rapportent aux mineurs (vie priv\u00e9e, dossier judiciaire, minutes et r\u00e9pertoires de notaires).<\/span><\/li><\/ul>\t\t\t\t\t\t<\/div>\n\t\t\t\t<\/div>\n\t\t\t\t<div class=\"elementor-element elementor-element-26d81514 elementor-widget elementor-widget-text-editor\" data-id=\"26d81514\" data-element_type=\"widget\" data-widget_type=\"text-editor.default\">\n\t\t\t\t<div class=\"elementor-widget-container\">\n\t\t\t\t\t\t\t\t<p><span style=\"font-weight: 400;\">Certaines archives concernant la commune d\u2019Oss\u00e8s sont consultables sur le site des Archives d\u00e9partementales des Pyr\u00e9n\u00e9es Atlantiques :\u00a0<\/span><span style=\"color: #000080;\"><a style=\"color: #000080;\" href=\"http:\/\/earchives.le64.fr\/\" target=\"_blank\" rel=\"noopener\">Voir les archives<\/a><\/span><\/p><p><strong>Pour toute consultation sur place, se renseigner aupr\u00e8s de la Mairie d\u2019Oss\u00e8s.\u00a0<\/strong><\/p><p><span style=\"font-weight: 400;\">Les Archives municipales de la Commune d\u2019Oss\u00e8s pr\u00e9sentent un fond complet avec des documents de l\u2019\u00e9poque pr\u00e9r\u00e9volutionnaire jusqu\u2019\u00e0 nos jours. A priori toutes les archives modernes et contemporaines sont pr\u00e9sentes selon une archiviste qui a \u00e9tabli un \u00e9tat des lieux des archives de la commune d\u2019Oss\u00e8s en septembre 2020. Il y a \u00e9galement des archives anciennes.<\/span><\/p><p><span style=\"font-weight: 400;\">Par ailleurs, la Commune restaure certains registres anciens annuellement.<\/span><\/p>\t\t\t\t\t\t<\/div>\n\t\t\t\t<\/div>\n\t\t\t\t\t<\/div>\n\t\t<\/div>\n\t\t\t\t\t\t\t<\/div>\n\t\t<\/section>\n\t\t\t\t\t\t<\/div>\n\t\t\t\t\t<\/div>\n\t\t","protected":false},"excerpt":{"rendered":"<p>Oss\u00e8s Historia Ondarea Ortzaize fisikoki Demografia Artxiboak Les derni\u00e8res actualit\u00e9s LES ARCHIVES DE LA COMMUNE Selon le Code du Patrimoine, articles L214 \u2013 1 \u00e0<\/p>\n","protected":false},"author":1,"featured_media":0,"parent":0,"menu_order":0,"comment_status":"closed","ping_status":"closed","template":"","meta":{"_monsterinsights_skip_tracking":false,"_monsterinsights_sitenote_active":false,"_monsterinsights_sitenote_note":"","_monsterinsights_sitenote_category":0},"yoast_head":"<!-- This site is optimized with the Yoast SEO plugin v16.8 - https:\/\/yoast.com\/wordpress\/plugins\/seo\/ -->\n<title>Archives - Oss\u00e8s<\/title>\n<meta name=\"robots\" content=\"index, follow, max-snippet:-1, max-image-preview:large, max-video-preview:-1\" \/>\n<link rel=\"canonical\" href=\"https:\/\/ortzaize.eus\/fr\/artxiboak\/\" \/>\n<meta property=\"og:locale\" content=\"fr_FR\" \/>\n<meta property=\"og:type\" content=\"article\" \/>\n<meta property=\"og:title\" content=\"Archives - Oss\u00e8s\" \/>\n<meta property=\"og:description\" content=\"Oss\u00e8s Historia Ondarea Ortzaize fisikoki Demografia Artxiboak Les derni\u00e8res actualit\u00e9s LES ARCHIVES DE LA COMMUNE Selon le Code du Patrimoine, articles L214 \u2013 1 \u00e0\" \/>\n<meta property=\"og:url\" content=\"https:\/\/ortzaize.eus\/artxiboak\/\" \/>\n<meta property=\"og:site_name\" content=\"Oss\u00e8s\" \/>\n<meta property=\"article:modified_time\" content=\"2025-06-17T10:08:03+00:00\" \/>\n<meta name=\"twitter:card\" content=\"summary_large_image\" \/>\n<meta name=\"twitter:label1\" content=\"Dur\u00e9e de lecture est.\" \/>\n\t<meta name=\"twitter:data1\" content=\"3 minutes\" \/>\n<script type=\"application\/ld+json\" class=\"yoast-schema-graph\">{\"@context\":\"https:\/\/schema.org\",\"@graph\":[{\"@type\":\"Organization\",\"@id\":\"https:\/\/ortzaize.eus\/#organization\",\"name\":\"Oss\\u00e8s - Mairie d'Oss\\u00e8s\",\"url\":\"https:\/\/ortzaize.eus\/\",\"sameAs\":[],\"logo\":{\"@type\":\"ImageObject\",\"@id\":\"https:\/\/ortzaize.eus\/#logo\",\"inLanguage\":\"fr-FR\",\"url\":\"https:\/\/ortzaize.eus\/wp-content\/uploads\/2021\/06\/logo-ortzaize-ttipi.png\",\"contentUrl\":\"https:\/\/ortzaize.eus\/wp-content\/uploads\/2021\/06\/logo-ortzaize-ttipi.png\",\"width\":400,\"height\":199,\"caption\":\"Oss\\u00e8s - Mairie d'Oss\\u00e8s\"},\"image\":{\"@id\":\"https:\/\/ortzaize.eus\/#logo\"}},{\"@type\":\"WebSite\",\"@id\":\"https:\/\/ortzaize.eus\/#website\",\"url\":\"https:\/\/ortzaize.eus\/\",\"name\":\"Oss\\u00e8s\",\"description\":\"Mairie\",\"publisher\":{\"@id\":\"https:\/\/ortzaize.eus\/#organization\"},\"potentialAction\":[{\"@type\":\"SearchAction\",\"target\":{\"@type\":\"EntryPoint\",\"urlTemplate\":\"https:\/\/ortzaize.eus\/?s={search_term_string}\"},\"query-input\":\"required name=search_term_string\"}],\"inLanguage\":\"fr-FR\"},{\"@type\":\"WebPage\",\"@id\":\"https:\/\/ortzaize.eus\/artxiboak\/#webpage\",\"url\":\"https:\/\/ortzaize.eus\/artxiboak\/\",\"name\":\"Archives - Oss\\u00e8s\",\"isPartOf\":{\"@id\":\"https:\/\/ortzaize.eus\/#website\"},\"datePublished\":\"2021-06-01T11:46:01+00:00\",\"dateModified\":\"2025-06-17T10:08:03+00:00\",\"breadcrumb\":{\"@id\":\"https:\/\/ortzaize.eus\/artxiboak\/#breadcrumb\"},\"inLanguage\":\"fr-FR\",\"potentialAction\":[{\"@type\":\"ReadAction\",\"target\":[\"https:\/\/ortzaize.eus\/artxiboak\/\"]}]},{\"@type\":\"BreadcrumbList\",\"@id\":\"https:\/\/ortzaize.eus\/artxiboak\/#breadcrumb\",\"itemListElement\":[{\"@type\":\"ListItem\",\"position\":1,\"name\":\"Accueil\",\"item\":\"https:\/\/ortzaize.eus\/\"},{\"@type\":\"ListItem\",\"position\":2,\"name\":\"Archives\"}]}]}<\/script>\n<!-- \/ Yoast SEO plugin. -->","yoast_head_json":{"title":"Archives - Oss\u00e8s","robots":{"index":"index","follow":"follow","max-snippet":"max-snippet:-1","max-image-preview":"max-image-preview:large","max-video-preview":"max-video-preview:-1"},"canonical":"https:\/\/ortzaize.eus\/fr\/artxiboak\/","og_locale":"fr_FR","og_type":"article","og_title":"Archives - Oss\u00e8s","og_description":"Oss\u00e8s Historia Ondarea Ortzaize fisikoki Demografia Artxiboak Les derni\u00e8res actualit\u00e9s LES ARCHIVES DE LA COMMUNE Selon le Code du Patrimoine, articles L214 \u2013 1 \u00e0","og_url":"https:\/\/ortzaize.eus\/artxiboak\/","og_site_name":"Oss\u00e8s","article_modified_time":"2025-06-17T10:08:03+00:00","twitter_card":"summary_large_image","twitter_misc":{"Dur\u00e9e de lecture est.":"3 minutes"},"schema":{"@context":"https:\/\/schema.org","@graph":[{"@type":"Organization","@id":"https:\/\/ortzaize.eus\/#organization","name":"Oss\u00e8s - Mairie d'Oss\u00e8s","url":"https:\/\/ortzaize.eus\/","sameAs":[],"logo":{"@type":"ImageObject","@id":"https:\/\/ortzaize.eus\/#logo","inLanguage":"fr-FR","url":"https:\/\/ortzaize.eus\/wp-content\/uploads\/2021\/06\/logo-ortzaize-ttipi.png","contentUrl":"https:\/\/ortzaize.eus\/wp-content\/uploads\/2021\/06\/logo-ortzaize-ttipi.png","width":400,"height":199,"caption":"Oss\u00e8s - Mairie d'Oss\u00e8s"},"image":{"@id":"https:\/\/ortzaize.eus\/#logo"}},{"@type":"WebSite","@id":"https:\/\/ortzaize.eus\/#website","url":"https:\/\/ortzaize.eus\/","name":"Oss\u00e8s","description":"Mairie","publisher":{"@id":"https:\/\/ortzaize.eus\/#organization"},"potentialAction":[{"@type":"SearchAction","target":{"@type":"EntryPoint","urlTemplate":"https:\/\/ortzaize.eus\/?s={search_term_string}"},"query-input":"required name=search_term_string"}],"inLanguage":"fr-FR"},{"@type":"WebPage","@id":"https:\/\/ortzaize.eus\/artxiboak\/#webpage","url":"https:\/\/ortzaize.eus\/artxiboak\/","name":"Archives - Oss\u00e8s","isPartOf":{"@id":"https:\/\/ortzaize.eus\/#website"},"datePublished":"2021-06-01T11:46:01+00:00","dateModified":"2025-06-17T10:08:03+00:00","breadcrumb":{"@id":"https:\/\/ortzaize.eus\/artxiboak\/#breadcrumb"},"inLanguage":"fr-FR","potentialAction":[{"@type":"ReadAction","target":["https:\/\/ortzaize.eus\/artxiboak\/"]}]},{"@type":"BreadcrumbList","@id":"https:\/\/ortzaize.eus\/artxiboak\/#breadcrumb","itemListElement":[{"@type":"ListItem","position":1,"name":"Accueil","item":"https:\/\/ortzaize.eus\/"},{"@type":"ListItem","position":2,"name":"Archives"}]}]}},"_links":{"self":[{"href":"https:\/\/ortzaize.eus\/fr\/wp-json\/wp\/v2\/pages\/6666"}],"collection":[{"href":"https:\/\/ortzaize.eus\/fr\/wp-json\/wp\/v2\/pages"}],"about":[{"href":"https:\/\/ortzaize.eus\/fr\/wp-json\/wp\/v2\/types\/page"}],"author":[{"embeddable":true,"href":"https:\/\/ortzaize.eus\/fr\/wp-json\/wp\/v2\/users\/1"}],"replies":[{"embeddable":true,"href":"https:\/\/ortzaize.eus\/fr\/wp-json\/wp\/v2\/comments?post=6666"}],"version-history":[{"count":20,"href":"https:\/\/ortzaize.eus\/fr\/wp-json\/wp\/v2\/pages\/6666\/revisions"}],"predecessor-version":[{"id":13498,"href":"https:\/\/ortzaize.eus\/fr\/wp-json\/wp\/v2\/pages\/6666\/revisions\/13498"}],"wp:attachment":[{"href":"https:\/\/ortzaize.eus\/fr\/wp-json\/wp\/v2\/media?parent=6666"}],"curies":[{"name":"wp","href":"https:\/\/api.w.org\/{rel}","templated":true}]}}