{"id":6578,"date":"2021-06-01T09:51:13","date_gmt":"2021-06-01T09:51:13","guid":{"rendered":"https:\/\/mairieosses21.bixoko.com\/?page_id=6578"},"modified":"2025-06-17T06:54:25","modified_gmt":"2025-06-17T06:54:25","slug":"histoire","status":"publish","type":"page","link":"https:\/\/ortzaize.eus\/fr\/histoire\/","title":{"rendered":"Histoire"},"content":{"rendered":"\t\t<div data-elementor-type=\"wp-page\" data-elementor-id=\"6578\" class=\"elementor elementor-6578\" data-elementor-settings=\"[]\">\n\t\t\t\t\t\t\t<div class=\"elementor-section-wrap\">\n\t\t\t\t\t\t\t<section class=\"elementor-section elementor-top-section elementor-element elementor-element-c5bb3aa elementor-reverse-tablet elementor-reverse-mobile elementor-section-boxed elementor-section-height-default elementor-section-height-default\" data-id=\"c5bb3aa\" data-element_type=\"section\">\n\t\t\t\t\t\t<div class=\"elementor-container elementor-column-gap-wider\">\n\t\t\t\t\t<div class=\"elementor-column elementor-col-33 elementor-top-column elementor-element elementor-element-43e0ea8\" data-id=\"43e0ea8\" data-element_type=\"column\" data-settings=\"{&quot;background_background&quot;:&quot;classic&quot;,&quot;motion_fx_motion_fx_scrolling&quot;:&quot;yes&quot;,&quot;motion_fx_devices&quot;:[&quot;desktop&quot;,&quot;tablet&quot;,&quot;mobile&quot;]}\">\n\t\t\t<div class=\"elementor-widget-wrap elementor-element-populated\">\n\t\t\t\t\t\t\t\t<div class=\"elementor-element elementor-element-f59a9c0 elementor-widget elementor-widget-heading\" data-id=\"f59a9c0\" data-element_type=\"widget\" data-widget_type=\"heading.default\">\n\t\t\t\t<div class=\"elementor-widget-container\">\n\t\t\t<h2 class=\"elementor-heading-title elementor-size-default\">Oss\u00e8s<\/h2>\t\t<\/div>\n\t\t\t\t<\/div>\n\t\t\t\t<div class=\"elementor-element elementor-element-5f7cfb6 elementor-widget-divider--view-line elementor-widget elementor-widget-divider\" data-id=\"5f7cfb6\" data-element_type=\"widget\" data-widget_type=\"divider.default\">\n\t\t\t\t<div class=\"elementor-widget-container\">\n\t\t\t\t\t<div class=\"elementor-divider\">\n\t\t\t<span class=\"elementor-divider-separator\">\n\t\t\t\t\t\t<\/span>\n\t\t<\/div>\n\t\t\t\t<\/div>\n\t\t\t\t<\/div>\n\t\t\t\t<div class=\"elementor-element elementor-element-176f52a elementor-widget elementor-widget-ova_menu_page\" data-id=\"176f52a\" data-element_type=\"widget\" data-widget_type=\"ova_menu_page.default\">\n\t\t\t\t<div class=\"elementor-widget-container\">\n\t\t\t\t\t<div class=\"ova_menu_page type3 \" data-position_active=\"\">\n\t\t\t<ul id=\"menu-rubrique-osses\" class=\"menu\"><li id=\"menu-item-6638\" class=\"menu-item menu-item-type-post_type menu-item-object-page menu-item-6638\"><a href=\"https:\/\/ortzaize.eus\/fr\/histoire\/\">Histoire<\/a><\/li>\n<li id=\"menu-item-6641\" class=\"menu-item menu-item-type-post_type menu-item-object-page menu-item-6641\"><a href=\"https:\/\/ortzaize.eus\/fr\/patrimoine\/\">Patrimoine<\/a><\/li>\n<li id=\"menu-item-6691\" class=\"menu-item menu-item-type-post_type menu-item-object-page menu-item-6691\"><a href=\"https:\/\/ortzaize.eus\/fr\/osses-physique\/\">Oss\u00e8s physique<\/a><\/li>\n<li id=\"menu-item-6659\" class=\"menu-item menu-item-type-post_type menu-item-object-page menu-item-6659\"><a href=\"https:\/\/ortzaize.eus\/fr\/demographie\/\">D\u00e9mographie<\/a><\/li>\n<li id=\"menu-item-6668\" class=\"menu-item menu-item-type-post_type menu-item-object-page menu-item-6668\"><a href=\"https:\/\/ortzaize.eus\/fr\/archives\/\">Archives<\/a><\/li>\n<\/ul>\t\t<\/div>\n\t\t\t\t<\/div>\n\t\t\t\t<\/div>\n\t\t\t\t<div class=\"elementor-element elementor-element-709df24 elementor-widget elementor-widget-heading\" data-id=\"709df24\" data-element_type=\"widget\" data-widget_type=\"heading.default\">\n\t\t\t\t<div class=\"elementor-widget-container\">\n\t\t\t<h3 class=\"elementor-heading-title elementor-size-default\">Les derni\u00e8res actualit\u00e9s<\/h3>\t\t<\/div>\n\t\t\t\t<\/div>\n\t\t\t\t<div class=\"elementor-element elementor-element-b3d5103 elementor-widget-divider--view-line elementor-widget elementor-widget-divider\" data-id=\"b3d5103\" data-element_type=\"widget\" data-widget_type=\"divider.default\">\n\t\t\t\t<div class=\"elementor-widget-container\">\n\t\t\t\t\t<div class=\"elementor-divider\">\n\t\t\t<span class=\"elementor-divider-separator\">\n\t\t\t\t\t\t<\/span>\n\t\t<\/div>\n\t\t\t\t<\/div>\n\t\t\t\t<\/div>\n\t\t\t\t<div class=\"elementor-element elementor-element-4a040ac elementor-grid-1 elementor-posts--thumbnail-none elementor-grid-tablet-2 elementor-grid-mobile-1 elementor-widget elementor-widget-posts\" data-id=\"4a040ac\" data-element_type=\"widget\" data-settings=\"{&quot;classic_columns&quot;:&quot;1&quot;,&quot;classic_row_gap&quot;:{&quot;unit&quot;:&quot;px&quot;,&quot;size&quot;:11,&quot;sizes&quot;:[]},&quot;classic_columns_tablet&quot;:&quot;2&quot;,&quot;classic_columns_mobile&quot;:&quot;1&quot;}\" data-widget_type=\"posts.classic\">\n\t\t\t\t<div class=\"elementor-widget-container\">\n\t\t\t\t\t<div class=\"elementor-posts-container elementor-posts elementor-posts--skin-classic elementor-grid\">\n\t\t\t\t<article class=\"elementor-post elementor-grid-item post-15521 post type-post status-publish format-standard has-post-thumbnail hentry category-actualites\">\n\t\t\t\t<div class=\"elementor-post__text\">\n\t\t\t\t<h4 class=\"elementor-post__title\">\n\t\t\t<a href=\"https:\/\/ortzaize.eus\/fr\/expo-photo-guillaume-fauveau\/\" >\n\t\t\t\tExpo Photo &#8211; Guillaume FAUVEAU\t\t\t<\/a>\n\t\t<\/h4>\n\t\t\t\t<div class=\"elementor-post__meta-data\">\n\t\t\t\t\t<span class=\"elementor-post-date\">\n\t\t\t5 mars 2026\t\t<\/span>\n\t\t\t\t<\/div>\n\t\t\t\t<\/div>\n\t\t\t\t<\/article>\n\t\t\t\t<article class=\"elementor-post elementor-grid-item post-15508 post type-post status-publish format-standard has-post-thumbnail hentry category-non-classifiee\">\n\t\t\t\t<div class=\"elementor-post__text\">\n\t\t\t\t<h4 class=\"elementor-post__title\">\n\t\t\t<a href=\"https:\/\/ortzaize.eus\/fr\/ateliers-mendi-jakitateak\/\" >\n\t\t\t\tATELIERS MENDI JAKITATEAK\t\t\t<\/a>\n\t\t<\/h4>\n\t\t\t\t<div class=\"elementor-post__meta-data\">\n\t\t\t\t\t<span class=\"elementor-post-date\">\n\t\t\t5 mars 2026\t\t<\/span>\n\t\t\t\t<\/div>\n\t\t\t\t<\/div>\n\t\t\t\t<\/article>\n\t\t\t\t<article class=\"elementor-post elementor-grid-item post-15506 post type-post status-publish format-standard has-post-thumbnail hentry category-actualites\">\n\t\t\t\t<div class=\"elementor-post__text\">\n\t\t\t\t<h4 class=\"elementor-post__title\">\n\t\t\t<a href=\"https:\/\/ortzaize.eus\/fr\/operation-nive-zero-dechet\/\" >\n\t\t\t\tOp\u00e9ration Nive ZERO DECHET\t\t\t<\/a>\n\t\t<\/h4>\n\t\t\t\t<div class=\"elementor-post__meta-data\">\n\t\t\t\t\t<span class=\"elementor-post-date\">\n\t\t\t5 mars 2026\t\t<\/span>\n\t\t\t\t<\/div>\n\t\t\t\t<\/div>\n\t\t\t\t<\/article>\n\t\t\t\t<\/div>\n\t\t\t\t<\/div>\n\t\t\t\t<\/div>\n\t\t\t\t\t<\/div>\n\t\t<\/div>\n\t\t\t\t<div class=\"elementor-column elementor-col-66 elementor-top-column elementor-element elementor-element-2c75eb5\" data-id=\"2c75eb5\" data-element_type=\"column\">\n\t\t\t<div class=\"elementor-widget-wrap elementor-element-populated\">\n\t\t\t\t\t\t\t\t<div class=\"elementor-element elementor-element-23756b98 elementor-widget elementor-widget-heading\" data-id=\"23756b98\" data-element_type=\"widget\" data-widget_type=\"heading.default\">\n\t\t\t\t<div class=\"elementor-widget-container\">\n\t\t\t<h3 class=\"elementor-heading-title elementor-size-default\">L' HISTORIQUE D'OSS\u00c8S<\/h3>\t\t<\/div>\n\t\t\t\t<\/div>\n\t\t\t\t<section class=\"elementor-section elementor-inner-section elementor-element elementor-element-3f8a874 elementor-section-boxed elementor-section-height-default elementor-section-height-default\" data-id=\"3f8a874\" data-element_type=\"section\">\n\t\t\t\t\t\t<div class=\"elementor-container elementor-column-gap-default\">\n\t\t\t\t\t<div class=\"elementor-column elementor-col-100 elementor-inner-column elementor-element elementor-element-01bd801\" data-id=\"01bd801\" data-element_type=\"column\">\n\t\t\t<div class=\"elementor-widget-wrap elementor-element-populated\">\n\t\t\t\t\t\t\t\t<div class=\"elementor-element elementor-element-21870038 elementor-widget elementor-widget-text-editor\" data-id=\"21870038\" data-element_type=\"widget\" data-widget_type=\"text-editor.default\">\n\t\t\t\t<div class=\"elementor-widget-container\">\n\t\t\t\t\t\t\t\t<p style=\"text-align: center;\"><strong>Quelques faits historiques selon Jean-Baptiste Orpustan.<\/strong><\/p>\t\t\t\t\t\t<\/div>\n\t\t\t\t<\/div>\n\t\t\t\t<div class=\"elementor-element elementor-element-6d3a2ab elementor-widget elementor-widget-text-editor\" data-id=\"6d3a2ab\" data-element_type=\"widget\" data-widget_type=\"text-editor.default\">\n\t\t\t\t<div class=\"elementor-widget-container\">\n\t\t\t\t\t\t\t\t<p><span style=\"font-weight: 400;\">Les dolmens et cromlechs (\u00ab\u00a0cercles de pierres\u00a0\u00bb), monuments fun\u00e9raires dat\u00e9s de 5 \u00e0 6 mille ans environ relev\u00e9s par les arch\u00e9ologues sur le mont Ba\u00efgoura, sont les t\u00e9moignages les plus anciens d&rsquo;une pr\u00e9sence humaine sur le territoire de la commune actuelle d&rsquo;Oss\u00e8s proprement dite. A proximit\u00e9 imm\u00e9diate, on trouve d&rsquo;une part l&rsquo;abri sous roche d&rsquo;Azkonzilo (\u00ab\u00a0trou de blaireau\u00a0\u00bb) sur la fronti\u00e8re c\u00f4t\u00e9 Irissarry au-dessus des gorges du Laca: les arch\u00e9ologues y ont relev\u00e9 des outils de pierre de l&rsquo;\u00e9poque dite du \u00ab\u00a0solutr\u00e9en sup\u00e9rieur\u00a0\u00bb dat\u00e9e de 20.000 ans environ, t\u00e9moignant d&rsquo;activit\u00e9s saisonni\u00e8res de chasse et de p\u00eache. Dans l&rsquo;espace inverse au mont Larla sur la commune de Saint-Martin-d&rsquo;Arrossa s\u00e9par\u00e9e d&rsquo;Oss\u00e8s en 1923, des activit\u00e9s m\u00e9tallurgiques ont laiss\u00e9 de nombreuses traces, les plus anciennes de plus de 2000 ans, et une exploitation a repris ensuite jusqu&rsquo;\u00e0 la guerre de 14. Aucune recherche arch\u00e9ologique n&rsquo;a \u00e9t\u00e9 men\u00e9e dans l&rsquo;espace central de la vall\u00e9e habit\u00e9 au moins depuis la fin de l&rsquo;Antiquit\u00e9, aux confluents des deux Nives et du Laca.<\/span><\/p><p><span style=\"font-weight: 400;\">Il est raisonnable de penser que le \u00ab\u00a0pagus\u00a0\u00bb (pays) dont le \u00ab\u00a0flamine, dumvir, questeur, magister\u00a0\u00bb au nom romain \u00ab\u00a0Verus\u00a0\u00bb affirme, dans l&rsquo;inscription latine de Hasparren du IIIe si\u00e8cle, qu&rsquo;il a obtenu de l&#8217;empereur romain (Aur\u00e9lien, Tacite ou Probus) que les \u00ab\u00a0Neuf Peuples\u00a0\u00bb (le futur duch\u00e9 de Gascogne, capitale Saint-Sever), soient \u00ab\u00a0s\u00e9par\u00e9s des Gaulois\u00a0\u00bb, c&rsquo;est-\u00e0-dire de la \u00ab\u00a0grande Aquitaine\u00a0\u00bb ou \u00ab\u00a0Aquitaine seconde\u00a0\u00bb d&rsquo;Auguste qui allait jusqu&rsquo;\u00e0 la Loire et Bourges, comprenait les territoires et \u00ab\u00a0vall\u00e9es\u00a0\u00bb qui feront peu apr\u00e8s l&rsquo;\u00e9v\u00each\u00e9 \u00ab\u00a0labourdin\u00a0\u00bb (ou de Bayonne). C&rsquo;\u00e9tait la partie la plus occidentale et m\u00e9ridionale, d\u00e9bordant sur le territoire espagnol \u00e0 l&rsquo;ouest (Guipuscoa) et au sud (Bastan, Ler\u00edn) jusqu&rsquo;\u00e0 la fin du XVIe si\u00e8cle, du pays des Tarbelles: l&rsquo;un des \u00ab\u00a0neuf peuples\u00a0\u00bb dont la capitale \u00e9tait la ville des \u00ab\u00a0Eaux tarbelliques\u00a0\u00bb, c&rsquo;est-\u00e0-dire Dax, apr\u00e8s la conqu\u00eate romaine.<\/span><\/p><p><span style=\"font-weight: 400;\">Le nom de la \u00ab\u00a0vall\u00e9e d&rsquo;Oss\u00e8s\u00a0\u00bb au sens administratif et r\u00e9el du mot appara\u00eet pour la premi\u00e8re fois vers l&rsquo;an 950 (fin du Xe si\u00e8cle), avec celui des autres \u00ab\u00a0vall\u00e9es\u00a0\u00bb d&rsquo;Arb\u00e9roue, Cize et Ba\u00efgorry, et le Labourd \u00e9videmment, dans la liste des territoires formant l&rsquo;\u00e9v\u00each\u00e9 dit \u00ab\u00a0labourdin\u00a0\u00bb de Bayonne. Cet \u00e9v\u00each\u00e9 distrait du vaste \u00e9v\u00each\u00e9 primitif de Dax aurait pu exister d\u00e8s le VIe si\u00e8cle dans la \u00ab\u00a0cit\u00e9 de Lapurdum\u00a0\u00bb (Bayonne) d&rsquo;apr\u00e8s l&rsquo;historien de l&rsquo;Antiquit\u00e9 romaine Camille Jullian, avant d&rsquo;\u00eatre pill\u00e9 par les Normands, puis restaur\u00e9 apr\u00e8s leur fuite \u00e0 la fin du Xe si\u00e8cle.<\/span><\/p><p><span style=\"font-weight: 400;\">Au d\u00e9but du XI\u00e8me si\u00e8cle, Sanche le Grand roi de Navarre et \u00ab\u00a0empereur\u00a0\u00bb de la partie de l&rsquo;Espagne reconquise sur les Maures, et un temps \u00ab\u00a0duc de Gascogne\u00a0\u00bb, r\u00e9unit \u00e0 Pampelune le pays de Ba\u00efgorry dont il nomme le 1er vicomte, ceux de Cize, d&rsquo;Oss\u00e8s, d&rsquo;Irissary et d&rsquo;Arb\u00e9roue: ce sera la future Basse-Navarre \u00ab\u00a0bayonnaise\u00a0\u00bb, \u00e0 laquelle sera jointe la \u00ab\u00a0dacquoise\u00a0\u00bb de Mixe et Ostabar\u00e8s \u00e0 la fin du XIIe si\u00e8cle.<\/span><\/p><p><span style=\"font-weight: 400;\">Au XIV\u00e8me si\u00e8cle les 7 quartiers de la vall\u00e9e, Hor\u00e7a, Aha\u00efce, Gahardou, Iriberri, Ougar\u00e7an, avec Eiharce et Exave outre Nive qui feront plus tard Saint-Martin-d&rsquo;Arrossa, ont une centaine de maisons nomm\u00e9es et tax\u00e9es. Une \u00ab\u00a0r\u00e9forme\u00a0\u00bb de la vall\u00e9e de 1632 nous apprend que 65 d&rsquo;entre elles \u00e9lisaient annuellement les jurats qui r\u00e9glaient les affaires du pays. Bidarray, terre de for\u00eats et de p\u00e2turage o\u00f9 Roncevaux avait installl\u00e9 un petite commanderie avec sa chapelle romane, et o\u00f9 l&rsquo;on n&rsquo;acc\u00e9dait pas encore par le bord de Nive mais par les montagnes, se peuple des cadets de la vall\u00e9e au d\u00e9but du XVIIe si\u00e8cle, devient ensuite paroisse annexe, puis obtient de nommer un jurat, tandis que les quartiers plus petits d&rsquo;Iriberri et Ugar\u00e7an sont r\u00e9unis pour n&rsquo;\u00e9lire ensemble qu&rsquo;un jurat.<\/span><\/p><p><span style=\"font-weight: 400;\">D\u00e8s la fin du XVe si\u00e8cle puis avec les privil\u00e8ges royaux obtenus au XVIe l&rsquo;espace habit\u00e9 et exploit\u00e9 s&rsquo;est consid\u00e9rablement \u00e9tendu dans les anciennes for\u00eats et domaine royaux (m\u00e9tairie royale d&rsquo;Erretelia &#8211; \u00ab\u00a0le troupeau du roi\u00a0\u00bb -, pommeraie d&rsquo;Erdoiz \u2026) de la montagne d&rsquo;Aha\u00efce et ailleurs, ce qui conduit \u00e0 la contruction d&rsquo;une \u00e9glise plus vaste \u00e0 Saint Julien de Hor\u00e7a apr\u00e8s un conflit avec l&rsquo;\u00e9piscopat vers la fin du XVIe si\u00e8cle. Une \u00ab\u00a0passerie\u00a0\u00bb avait \u00e9t\u00e9 renouvel\u00e9e avec le Bastan en 1547 pour l&rsquo;usage commun des bois et p\u00e2turages entre Bidarray et Arizacun.<\/span><\/p><p><span style=\"font-weight: 400;\">Un \u00e9v\u00e9nement consid\u00e9rable se d\u00e9roule en 1767: le partage par quartiers des anciens domaines royaux devenus \u00ab\u00a0communaux\u00a0\u00bb, r\u00e9partis ensuite maison par maison, sans que l&rsquo;administration ni les \u00e9diles, malgr\u00e9 la confirmation du Conseil d&rsquo;Etat du 29 mai 1808, en aient tir\u00e9 toutes les cons\u00e9quences.<\/span><\/p><p><span style=\"font-weight: 400;\">\u00a0\u00a0\u00a0\u00a0\u00a0<\/span> <span style=\"font-weight: 400;\">Apr\u00e8s la R\u00e9volution fran\u00e7aise et la nuit du 4 ao\u00fbt qui abolit les privil\u00e8ges et l&rsquo;existence m\u00eame de la Basse-Navarre comme unit\u00e9 administrative, l&rsquo;ancienne vall\u00e9e devient canton puis commune, et Bidarray se fait commune ind\u00e9pendante en 1800. L&rsquo;arm\u00e9e est pr\u00e9sente pendant la guerre de la Convention avec l&rsquo;Espagne puis sous l&rsquo;Empire: c&rsquo;est l&rsquo;\u00e9poque qui voit s&rsquo;ouvrir la route par les bords de Nive et Bidarray vers Bayonne (future D\u00e9partementale 918) et abandonner l&rsquo;ancienne \u00ab\u00a0route d&rsquo;Oss\u00e8s\u00a0\u00bb par H\u00e9lette et Irissarry qui entrait \u00e0 Oss\u00e8s par le quartier d&rsquo;Ougar\u00e7an.<\/span><\/p><p><span style=\"font-weight: 400;\">\u00a0\u00a0\u00a0\u00a0\u00a0<\/span> <span style=\"font-weight: 400;\">Sans Bidarray ni Arrossa, les seuls 5 anciens quartiers de la commune d&rsquo;Oss\u00e8s ont plus de 250 maisons au d\u00e9but du XIXe si\u00e8cle, la plupart d&rsquo;agriculteurs (propri\u00e9taires et m\u00e9tayers), d&rsquo;artisans (petits commerces, charrons et charpentiers, cordonniers, forgerons, tisserands etc.), quelques rares n\u00e9gociants et rentiers. Ce \u00ab\u00a0trop-plein\u00a0\u00bb a entra\u00een\u00e9 d\u00e8s le d\u00e9but du si\u00e8cle un mouvement d&rsquo;\u00e9migration d&rsquo;abord vers \u00ab\u00a0Montevideo\u00a0\u00bb et l&rsquo;Am\u00e9rique du sud, plus tard relay\u00e9 au d\u00e9but du XXe si\u00e8cle par le d\u00e9part vers la Californie: Oss\u00e8s qui comptait encore 1045 habitants au moment de la guerre de 39-45 voit ensuite sa population baisser presque de moiti\u00e9. L&rsquo;arriv\u00e9e du chemin de fer \u00e0 la fin du XIXe si\u00e8cle \u00e0 Arrossa avec embranchement vers Ba\u00efgorry avait certainement favoris\u00e9 l&rsquo;\u00e9mancipation de cette commune en 1923, apr\u00e8s de tr\u00e8s longs d\u00e9bats au si\u00e8cle pr\u00e9c\u00e9dent.<\/span><\/p><p><span style=\"font-weight: 400;\">De la fin du XXe si\u00e8cle au d\u00e9but du XXI\u00e8me de grandes transformations ont modifi\u00e9 l&rsquo;activit\u00e9 et l&rsquo;aspect de la commune d&rsquo;Oss\u00e8s. Le recul des terres agricoles, comme partout, s&rsquo;est accompagn\u00e9 de la naissance de nouveaux groupements d&rsquo;habitats, faisant de vrais quartiers neufs comme celui de Zubialde au bas d&rsquo;Aha\u00efce et pr\u00e8s du Laca, et de nouvelles maisons dans tous les anciens quartiers. Le nombre d&rsquo;habitants \u00e0 Oss\u00e8s approche de nouveau le millier.<\/span><\/p><p><span style=\"font-weight: 400;\">\u00a0\u00a0\u00a0\u00a0\u00a0<\/span> <span style=\"font-weight: 400;\">Dans ces \u00e9volutions, le plus remarquable est l&rsquo;apparition du groupement de commerces et d&rsquo;artisanat des deux cot\u00e9s de la D. 918 dans le prolongement vers la Nive et Arrossa de l&rsquo;ancien quartier de Gahardou, espace jusque-l\u00e0 presque inhabit\u00e9 qui a gard\u00e9 son nom d&rsquo;Iraordoki \u00ab\u00a0plat des foug\u00e8res\u00a0\u00bb. La commune d&rsquo;Oss\u00e8s, tout en ayant conserv\u00e9 la plupart de ses anciens caract\u00e8res, entre autres de belles maisons \u00ab\u00a0\u00e0 colombages\u00a0\u00bb et des linteaux grav\u00e9s, s&rsquo;est ainsi renouvel\u00e9e, actualis\u00e9e.<\/span><\/p>\t\t\t\t\t\t<\/div>\n\t\t\t\t<\/div>\n\t\t\t\t\t<\/div>\n\t\t<\/div>\n\t\t\t\t\t\t\t<\/div>\n\t\t<\/section>\n\t\t\t\t<div class=\"elementor-element elementor-element-e4f3bd2 elementor-widget elementor-widget-html\" data-id=\"e4f3bd2\" data-element_type=\"widget\" data-widget_type=\"html.default\">\n\t\t\t\t<div class=\"elementor-widget-container\">\n\t\t\t<script> \njQuery(document).ready(function($) { \nvar delay = 100; setTimeout(function() { \n$('.elementor-tab-title').removeClass('elementor-active');\n $('.elementor-tab-content').css('display', 'none'); }, delay); \n}); \n<\/script>\t\t<\/div>\n\t\t\t\t<\/div>\n\t\t\t\t\t<\/div>\n\t\t<\/div>\n\t\t\t\t\t\t\t<\/div>\n\t\t<\/section>\n\t\t\t\t\t\t<\/div>\n\t\t\t\t\t<\/div>\n\t\t","protected":false},"excerpt":{"rendered":"<p>Oss\u00e8s Histoire Patrimoine Oss\u00e8s physique D\u00e9mographie Archives Les derni\u00e8res actualit\u00e9s L&rsquo; HISTORIQUE D&rsquo;OSS\u00c8S Quelques faits historiques selon Jean-Baptiste Orpustan. Les dolmens et cromlechs (\u00ab\u00a0cercles de<\/p>\n","protected":false},"author":1,"featured_media":0,"parent":0,"menu_order":0,"comment_status":"closed","ping_status":"closed","template":"","meta":{"_monsterinsights_skip_tracking":false,"_monsterinsights_sitenote_active":false,"_monsterinsights_sitenote_note":"","_monsterinsights_sitenote_category":0},"yoast_head":"<!-- This site is optimized with the Yoast SEO plugin v16.8 - https:\/\/yoast.com\/wordpress\/plugins\/seo\/ -->\n<title>Histoire - Oss\u00e8s<\/title>\n<meta name=\"robots\" content=\"index, follow, max-snippet:-1, max-image-preview:large, max-video-preview:-1\" \/>\n<link rel=\"canonical\" href=\"https:\/\/ortzaize.eus\/fr\/histoire\/\" \/>\n<meta property=\"og:locale\" content=\"fr_FR\" \/>\n<meta property=\"og:type\" content=\"article\" \/>\n<meta property=\"og:title\" content=\"Histoire - Oss\u00e8s\" \/>\n<meta property=\"og:description\" content=\"Oss\u00e8s Histoire Patrimoine Oss\u00e8s physique D\u00e9mographie Archives Les derni\u00e8res actualit\u00e9s L&rsquo; HISTORIQUE D&rsquo;OSS\u00c8S Quelques faits historiques selon Jean-Baptiste Orpustan. Les dolmens et cromlechs (\u00ab\u00a0cercles de\" \/>\n<meta property=\"og:url\" content=\"https:\/\/ortzaize.eus\/fr\/histoire\/\" \/>\n<meta property=\"og:site_name\" content=\"Oss\u00e8s\" \/>\n<meta property=\"article:modified_time\" content=\"2025-06-17T06:54:25+00:00\" \/>\n<meta name=\"twitter:card\" content=\"summary_large_image\" \/>\n<meta name=\"twitter:label1\" content=\"Dur\u00e9e de lecture est.\" \/>\n\t<meta name=\"twitter:data1\" content=\"6 minutes\" \/>\n<script type=\"application\/ld+json\" class=\"yoast-schema-graph\">{\"@context\":\"https:\/\/schema.org\",\"@graph\":[{\"@type\":\"Organization\",\"@id\":\"https:\/\/ortzaize.eus\/#organization\",\"name\":\"Oss\\u00e8s - Mairie d'Oss\\u00e8s\",\"url\":\"https:\/\/ortzaize.eus\/\",\"sameAs\":[],\"logo\":{\"@type\":\"ImageObject\",\"@id\":\"https:\/\/ortzaize.eus\/#logo\",\"inLanguage\":\"fr-FR\",\"url\":\"https:\/\/ortzaize.eus\/wp-content\/uploads\/2021\/06\/logo-ortzaize-ttipi.png\",\"contentUrl\":\"https:\/\/ortzaize.eus\/wp-content\/uploads\/2021\/06\/logo-ortzaize-ttipi.png\",\"width\":400,\"height\":199,\"caption\":\"Oss\\u00e8s - Mairie d'Oss\\u00e8s\"},\"image\":{\"@id\":\"https:\/\/ortzaize.eus\/#logo\"}},{\"@type\":\"WebSite\",\"@id\":\"https:\/\/ortzaize.eus\/#website\",\"url\":\"https:\/\/ortzaize.eus\/\",\"name\":\"Oss\\u00e8s\",\"description\":\"Mairie\",\"publisher\":{\"@id\":\"https:\/\/ortzaize.eus\/#organization\"},\"potentialAction\":[{\"@type\":\"SearchAction\",\"target\":{\"@type\":\"EntryPoint\",\"urlTemplate\":\"https:\/\/ortzaize.eus\/?s={search_term_string}\"},\"query-input\":\"required name=search_term_string\"}],\"inLanguage\":\"fr-FR\"},{\"@type\":\"WebPage\",\"@id\":\"https:\/\/ortzaize.eus\/fr\/histoire\/#webpage\",\"url\":\"https:\/\/ortzaize.eus\/fr\/histoire\/\",\"name\":\"Histoire - Oss\\u00e8s\",\"isPartOf\":{\"@id\":\"https:\/\/ortzaize.eus\/#website\"},\"datePublished\":\"2021-06-01T09:51:13+00:00\",\"dateModified\":\"2025-06-17T06:54:25+00:00\",\"breadcrumb\":{\"@id\":\"https:\/\/ortzaize.eus\/fr\/histoire\/#breadcrumb\"},\"inLanguage\":\"fr-FR\",\"potentialAction\":[{\"@type\":\"ReadAction\",\"target\":[\"https:\/\/ortzaize.eus\/fr\/histoire\/\"]}]},{\"@type\":\"BreadcrumbList\",\"@id\":\"https:\/\/ortzaize.eus\/fr\/histoire\/#breadcrumb\",\"itemListElement\":[{\"@type\":\"ListItem\",\"position\":1,\"name\":\"Accueil\",\"item\":\"https:\/\/ortzaize.eus\/\"},{\"@type\":\"ListItem\",\"position\":2,\"name\":\"Histoire\"}]}]}<\/script>\n<!-- \/ Yoast SEO plugin. -->","yoast_head_json":{"title":"Histoire - Oss\u00e8s","robots":{"index":"index","follow":"follow","max-snippet":"max-snippet:-1","max-image-preview":"max-image-preview:large","max-video-preview":"max-video-preview:-1"},"canonical":"https:\/\/ortzaize.eus\/fr\/histoire\/","og_locale":"fr_FR","og_type":"article","og_title":"Histoire - Oss\u00e8s","og_description":"Oss\u00e8s Histoire Patrimoine Oss\u00e8s physique D\u00e9mographie Archives Les derni\u00e8res actualit\u00e9s L&rsquo; HISTORIQUE D&rsquo;OSS\u00c8S Quelques faits historiques selon Jean-Baptiste Orpustan. Les dolmens et cromlechs (\u00ab\u00a0cercles de","og_url":"https:\/\/ortzaize.eus\/fr\/histoire\/","og_site_name":"Oss\u00e8s","article_modified_time":"2025-06-17T06:54:25+00:00","twitter_card":"summary_large_image","twitter_misc":{"Dur\u00e9e de lecture est.":"6 minutes"},"schema":{"@context":"https:\/\/schema.org","@graph":[{"@type":"Organization","@id":"https:\/\/ortzaize.eus\/#organization","name":"Oss\u00e8s - Mairie d'Oss\u00e8s","url":"https:\/\/ortzaize.eus\/","sameAs":[],"logo":{"@type":"ImageObject","@id":"https:\/\/ortzaize.eus\/#logo","inLanguage":"fr-FR","url":"https:\/\/ortzaize.eus\/wp-content\/uploads\/2021\/06\/logo-ortzaize-ttipi.png","contentUrl":"https:\/\/ortzaize.eus\/wp-content\/uploads\/2021\/06\/logo-ortzaize-ttipi.png","width":400,"height":199,"caption":"Oss\u00e8s - Mairie d'Oss\u00e8s"},"image":{"@id":"https:\/\/ortzaize.eus\/#logo"}},{"@type":"WebSite","@id":"https:\/\/ortzaize.eus\/#website","url":"https:\/\/ortzaize.eus\/","name":"Oss\u00e8s","description":"Mairie","publisher":{"@id":"https:\/\/ortzaize.eus\/#organization"},"potentialAction":[{"@type":"SearchAction","target":{"@type":"EntryPoint","urlTemplate":"https:\/\/ortzaize.eus\/?s={search_term_string}"},"query-input":"required name=search_term_string"}],"inLanguage":"fr-FR"},{"@type":"WebPage","@id":"https:\/\/ortzaize.eus\/fr\/histoire\/#webpage","url":"https:\/\/ortzaize.eus\/fr\/histoire\/","name":"Histoire - Oss\u00e8s","isPartOf":{"@id":"https:\/\/ortzaize.eus\/#website"},"datePublished":"2021-06-01T09:51:13+00:00","dateModified":"2025-06-17T06:54:25+00:00","breadcrumb":{"@id":"https:\/\/ortzaize.eus\/fr\/histoire\/#breadcrumb"},"inLanguage":"fr-FR","potentialAction":[{"@type":"ReadAction","target":["https:\/\/ortzaize.eus\/fr\/histoire\/"]}]},{"@type":"BreadcrumbList","@id":"https:\/\/ortzaize.eus\/fr\/histoire\/#breadcrumb","itemListElement":[{"@type":"ListItem","position":1,"name":"Accueil","item":"https:\/\/ortzaize.eus\/"},{"@type":"ListItem","position":2,"name":"Histoire"}]}]}},"_links":{"self":[{"href":"https:\/\/ortzaize.eus\/fr\/wp-json\/wp\/v2\/pages\/6578"}],"collection":[{"href":"https:\/\/ortzaize.eus\/fr\/wp-json\/wp\/v2\/pages"}],"about":[{"href":"https:\/\/ortzaize.eus\/fr\/wp-json\/wp\/v2\/types\/page"}],"author":[{"embeddable":true,"href":"https:\/\/ortzaize.eus\/fr\/wp-json\/wp\/v2\/users\/1"}],"replies":[{"embeddable":true,"href":"https:\/\/ortzaize.eus\/fr\/wp-json\/wp\/v2\/comments?post=6578"}],"version-history":[{"count":46,"href":"https:\/\/ortzaize.eus\/fr\/wp-json\/wp\/v2\/pages\/6578\/revisions"}],"predecessor-version":[{"id":13361,"href":"https:\/\/ortzaize.eus\/fr\/wp-json\/wp\/v2\/pages\/6578\/revisions\/13361"}],"wp:attachment":[{"href":"https:\/\/ortzaize.eus\/fr\/wp-json\/wp\/v2\/media?parent=6578"}],"curies":[{"name":"wp","href":"https:\/\/api.w.org\/{rel}","templated":true}]}}